{"id":16413,"date":"2023-04-14T14:32:04","date_gmt":"2023-04-14T18:32:04","guid":{"rendered":"https:\/\/www.cfn-nce.ca\/activites-speciales-a-venir-2\/canadian-summit-on-geroscience\/"},"modified":"2023-09-06T09:18:28","modified_gmt":"2023-09-06T13:18:28","slug":"sommet-canadien-sur-la-geroscience","status":"publish","type":"page","link":"https:\/\/www.cfn-nce.ca\/fr\/activites-speciales-a-venir-2\/sommet-canadien-sur-la-geroscience\/","title":{"rendered":"Sommet canadien sur la g\u00e9roscience"},"content":{"rendered":"<div class=\"wpb-content-wrapper\"><p>[vc_row][vc_column][vc_empty_space][vc_single_image image=\u00a0\u00bb16571&Prime; img_size=\u00a0\u00bbfull\u00a0\u00bb alignment=\u00a0\u00bbcenter\u00a0\u00bb][vc_empty_space][\/vc_column][\/vc_row][vc_row][vc_column][vc_separator el_width=\u00a0\u00bb30&Prime;][vc_empty_space height=\u00a0\u00bb50px\u00a0\u00bb][vc_column_text]<a href=\"https:\/\/www.cfn-nce.ca\/fr\/\">Le R\u00e9seau canadien des soins aux personnes fragilis\u00e9es<\/a>\u00a0et <a href=\"https:\/\/cihr-irsc.gc.ca\/f\/8671.html\" target=\"_blank\" rel=\"noopener\">l\u2019Institut du vieillissement (IV) des IRSC<\/a> pr\u00e9sentent leur tout premier sommet sur la g\u00e9roscience. Le sommet permettra de paver la voie \u00e0 la g\u00e9roscience translationnelle au Canada. Il s\u2019agira d\u2019un colloque d\u2019une journ\u00e9e enti\u00e8re qui aura lieu au centre-ville de Toronto le jeudi, 26\u00a0octobre 2023. Il sera \u00e9galement diffus\u00e9 en ligne, en direct.<\/p>\n<p>Le sommet fait partie de la programmation qui pr\u00e9c\u00e9dera directement le congr\u00e8s annuel de <a href=\"https:\/\/www.cag2023.ca\/fr\" target=\"_blank\" rel=\"noopener\">l\u2019Association canadienne de g\u00e9rontologie<\/a> (ACG). Il n\u2019est pas n\u00e9cessaire de payer les frais d\u2019inscription \u00e0 l\u2019ACG2023 pour assister au sommet.[\/vc_column_text][vc_empty_space][vc_column_text]<\/p>\n<h3>Manifestation d\u2019int\u00e9r\u00eat<\/h3>\n<p>Veuillez remplir le formulaire appropri\u00e9 pour nous faire part de votre int\u00e9r\u00eat \u00e0 participer au sommet.<\/p>\n<p><strong><em><span style=\"color: #005f9d;\">Comme tous les contenus du sommet seront pr\u00e9sent\u00e9s en anglais uniquement, veuillez remplir votre manifestation d\u2019int\u00e9r\u00eat en anglais. \/ As all Summit content will be presented in English only, please complete the Expression of Interest in English.<\/span><\/em><\/strong><\/p>\n<p><a class=\"btn-info\" href=\"https:\/\/www.cfn-nce.ca\/events\/previous-cfn-conferences-and-events\/canadian-summit-on-geroscience\/expression-of-interest-researchers-clinicians\/\">Researchers and clinicians<\/a><\/p>\n<p><a class=\"btn-info\" href=\"https:\/\/www.cfn-nce.ca\/events\/previous-cfn-conferences-and-events\/canadian-summit-on-geroscience\/expression-of-interest-students-post-doctoral-fellows\/\">Students and Post-Doctoral Fellows<\/a>[\/vc_column_text][vc_empty_space][vc_empty_space][\/vc_column][\/vc_row][vc_row][vc_column][vc_column_text]<\/p>\n<h3>Auditoire cibl\u00e9<\/h3>\n<p>Le sommet sera d\u2019un grand int\u00e9r\u00eat pour\u00a0:<\/p>\n<ul>\n<li>les scientifiques de la g\u00e9rontologie<\/li>\n<li>les g\u00e9rontologues<\/li>\n<li>les g\u00e9riatres<\/li>\n<li>les \u00e9thiciens<\/li>\n<li>les chercheurs cliniciens<\/li>\n<li>les stagiaires en recherche et en clinique<\/li>\n<\/ul>\n<p>Le sommet est gratuit pour tous les d\u00e9l\u00e9gu\u00e9s. Le nombre de places pour les participants en personne est toutefois limit\u00e9. Le R\u00e9seau canadien des soins aux personnes fragilis\u00e9es s\u00e9lectionnera les participants en personne en fonction de leurs int\u00e9r\u00eats et de l\u2019ad\u00e9quation de leur travail avec les objectifs du sommet. Le R\u00e9seau fournira un soutien aux frais de d\u00e9placement \u00e0 tous les \u00e9tudiants et boursiers postdoctoraux s\u00e9lectionn\u00e9s pour participer en personne, jusqu\u2019\u00e0 concurrence de 750\u00a0$ CA. Les chercheurs et cliniciens qui en exprimeront le besoin pourront \u00e9galement b\u00e9n\u00e9ficier d\u2019un soutien financier pour leurs d\u00e9placements. Bien que le nombre de places en personne soit limit\u00e9, la participation virtuelle est gratuite et ouverte \u00e0 tous (l\u2019inscription pour la participation virtuelle aura lieu \u00e0 une date ult\u00e9rieure).[\/vc_column_text][vc_empty_space][vc_column_text]<\/p>\n<h3>Objectifs du sommet<\/h3>\n<ul>\n<li>R\u00e9unir des chercheurs et cliniciens de premier plan en g\u00e9roscience translationnelle des sc\u00e8nes nationale et internationale<\/li>\n<li>Discuter des occasions et pistes pour renforcer la capacit\u00e9 en mati\u00e8re de recherche en g\u00e9roscience au Canada<\/li>\n<li>Explorer la cr\u00e9ation au Canada d\u2019une communaut\u00e9 de g\u00e9roscience et d\u2019un r\u00e9seau d\u2019essais cliniques dans le domaine<\/li>\n<li>\u00c9tudier les implications sociales et \u00e9thiques de la g\u00e9roscience translationnelle<\/li>\n<\/ul>\n<p>L\u2019ordre du jour du sommet est en cours de finalisation. <span style=\"text-decoration: underline;\">Veuillez noter que tous les contenus seront pr\u00e9sent\u00e9s en anglais uniquement.<\/span> <span class=\"Y2IQFc\" lang=\"fr\">\/\u00a0<\/span><span style=\"text-decoration: underline;\">Please note that all content will be presented in English only.<\/span>[\/vc_column_text][vc_empty_space][vc_column_text]<\/p>\n<h3>Programme provisoire<\/h3>\n<p><span style=\"text-decoration: underline;\">Veuillez noter que tous les contenus seront pr\u00e9sent\u00e9s en anglais uniquement.<\/span><\/p>\n<a href=\"https:\/\/www.cfn-nce.ca\/wp-content\/uploads\/2023\/07\/Tentative-Agenda-2023-Canadian-Geroscience-Summit_FR.pdf\" target=\"_blank\" rel=\"noopener\"><img loading=\"lazy\" decoding=\"async\" class=\"alignnone wp-image-16681 size-full\" src=\"https:\/\/www.cfn-nce.ca\/wp-content\/uploads\/2023\/07\/Tentative-Agenda-2023-Canadian-Geroscience-Summit_FR-1.png\" alt=\"\" width=\"1214\" height=\"2000\" srcset=\"https:\/\/www.cfn-nce.ca\/wp-content\/uploads\/2023\/07\/Tentative-Agenda-2023-Canadian-Geroscience-Summit_FR-1.png 1214w, https:\/\/www.cfn-nce.ca\/wp-content\/uploads\/2023\/07\/Tentative-Agenda-2023-Canadian-Geroscience-Summit_FR-1-182x300.png 182w, https:\/\/www.cfn-nce.ca\/wp-content\/uploads\/2023\/07\/Tentative-Agenda-2023-Canadian-Geroscience-Summit_FR-1-622x1024.png 622w, https:\/\/www.cfn-nce.ca\/wp-content\/uploads\/2023\/07\/Tentative-Agenda-2023-Canadian-Geroscience-Summit_FR-1-768x1265.png 768w, https:\/\/www.cfn-nce.ca\/wp-content\/uploads\/2023\/07\/Tentative-Agenda-2023-Canadian-Geroscience-Summit_FR-1-932x1536.png 932w\" sizes=\"(max-width: 1214px) 100vw, 1214px\" \/><\/a>\n<p style=\"text-align: center;\"><a href=\"https:\/\/www.cfn-nce.ca\/wp-content\/uploads\/2023\/07\/Tentative-Agenda-2023-Canadian-Geroscience-Summit_FR.pdf\" target=\"_blank\" rel=\"noopener\">Programme du Sommet canadien sur la g\u00e9roscience<\/a><\/p>\n<p>[\/vc_column_text][vc_empty_space][vc_column_text]<\/p>\n<h2>Manifestation d\u2019int\u00e9r\u00eat<\/h2>\n<p>Veuillez remplir le formulaire appropri\u00e9 pour nous faire part de votre int\u00e9r\u00eat \u00e0 participer au sommet.<\/p>\n<p><strong><em><span style=\"color: #005f9d;\">Comme tous les contenus du sommet seront pr\u00e9sent\u00e9s en anglais uniquement, veuillez remplir votre manifestation d\u2019int\u00e9r\u00eat en anglais. \/ As all Summit content will be presented in English only, please complete the Expression of Interest in English.<\/span><\/em><\/strong><\/p>\n<p><a class=\"btn-info\" href=\"https:\/\/www.cfn-nce.ca\/events\/previous-cfn-conferences-and-events\/canadian-summit-on-geroscience\/expression-of-interest-researchers-clinicians\/\">Researchers and clinicians<\/a><\/p>\n<p><a class=\"btn-info\" href=\"https:\/\/www.cfn-nce.ca\/events\/previous-cfn-conferences-and-events\/canadian-summit-on-geroscience\/expression-of-interest-students-post-doctoral-fellows\/\">Students and Post-Doctoral Fellows<\/a>[\/vc_column_text][vc_empty_space][\/vc_column][\/vc_row]<\/p>\n<\/div>","protected":false},"excerpt":{"rendered":"<p>[vc_row][vc_column][vc_empty_space][vc_single_image image=\u00a0\u00bb16571&Prime; img_size=\u00a0\u00bbfull\u00a0\u00bb alignment=\u00a0\u00bbcenter\u00a0\u00bb][vc_empty_space][\/vc_column][\/vc_row][vc_row][vc_column][vc_separator el_width=\u00a0\u00bb30&Prime;][vc_empty_space height=\u00a0\u00bb50px\u00a0\u00bb][vc_column_text]Le R\u00e9seau canadien des soins aux personnes fragilis\u00e9es\u00a0et l\u2019Institut du vieillissement (IV) des IRSC pr\u00e9sentent leur tout premier sommet sur la g\u00e9roscience. Le sommet permettra de paver la voie \u00e0 la g\u00e9roscience translationnelle au Canada. Il s\u2019agira d\u2019un colloque d\u2019une journ\u00e9e enti\u00e8re qui aura lieu au centre-ville de Toronto le&#8230;<\/p>\n","protected":false},"author":5,"featured_media":0,"parent":12101,"menu_order":0,"comment_status":"closed","ping_status":"closed","template":"","meta":{"_acf_changed":false,"footnotes":""},"acf":[],"_links":{"self":[{"href":"https:\/\/www.cfn-nce.ca\/fr\/wp-json\/wp\/v2\/pages\/16413"}],"collection":[{"href":"https:\/\/www.cfn-nce.ca\/fr\/wp-json\/wp\/v2\/pages"}],"about":[{"href":"https:\/\/www.cfn-nce.ca\/fr\/wp-json\/wp\/v2\/types\/page"}],"author":[{"embeddable":true,"href":"https:\/\/www.cfn-nce.ca\/fr\/wp-json\/wp\/v2\/users\/5"}],"replies":[{"embeddable":true,"href":"https:\/\/www.cfn-nce.ca\/fr\/wp-json\/wp\/v2\/comments?post=16413"}],"version-history":[{"count":17,"href":"https:\/\/www.cfn-nce.ca\/fr\/wp-json\/wp\/v2\/pages\/16413\/revisions"}],"predecessor-version":[{"id":16732,"href":"https:\/\/www.cfn-nce.ca\/fr\/wp-json\/wp\/v2\/pages\/16413\/revisions\/16732"}],"up":[{"embeddable":true,"href":"https:\/\/www.cfn-nce.ca\/fr\/wp-json\/wp\/v2\/pages\/12101"}],"wp:attachment":[{"href":"https:\/\/www.cfn-nce.ca\/fr\/wp-json\/wp\/v2\/media?parent=16413"}],"curies":[{"name":"wp","href":"https:\/\/api.w.org\/{rel}","templated":true}]}}