{"id":2870,"date":"2018-09-25T09:56:06","date_gmt":"2018-09-25T13:56:06","guid":{"rendered":"http:\/\/www.cfn-nce.ca\/research\/our-research\/our-portfolio-by-theme\/our-portfolio-by-themeimproved-end-of-life-care-eoladvance-care-planning-acp\/"},"modified":"2020-03-30T12:18:17","modified_gmt":"2020-03-30T16:18:17","slug":"improved-end-of-life-care-eol-advance-care-planning-acp","status":"publish","type":"page","link":"https:\/\/www.cfn-nce.ca\/fr\/improving-evidence-through-research-and-kt\/nos-travaux-de-recherche-et-dapplication-des-connaissances\/our-portfolio-by-theme\/improved-end-of-life-care-eol-advance-care-planning-acp\/","title":{"rendered":"L\u2019am\u00e9lioration des soins de fin de vie et de la planification pr\u00e9alable des soins"},"content":{"rendered":"<table border=\"0\" align=\"left\">\n<tbody>\n<tr>\n<td><img decoding=\"async\" src=\"https:\/\/www.cfn-nce.ca\/wp-content\/uploads\/2018\/09\/you-john-thumbnail.jpg\" alt=\"You, John THUMBNAIL\" \/><\/td>\n<td><strong>C<strong>hef de la recherche<\/strong> :<\/strong><\/p>\n<p><a title=\"You, John\" href=\"\/{localLink:10606}\"><strong>John You, MD, MSc, FRCPC &#8212; Universit\u00e9 McMaster<\/strong><\/a><\/td>\n<\/tr>\n<\/tbody>\n<\/table>\n<p style=\"text-align: left;\">\n<p><strong><strong><a title=\"TG2015-03-P You\" href=\"\/{localLink:10162}\">Am\u00e9liorer la planification pr\u00e9alable des soins pour les Canadiens \u00e2g\u00e9s et fragilis\u00e9s<\/a><\/strong>\u00a0(TG 2015-03-P)<\/strong><\/p>\n<p style=\"padding-left: 30px;\">Chercheurs principaux :<\/p>\n<p style=\"padding-left: 30px;\"><a title=\"You, John\" href=\"\/{localLink:10606}\">John You<\/a>, MD, MSc, FRCPC &#8212;\u00a0Universit\u00e9 McMaster<\/p>\n<p style=\"padding-left: 30px;\"><a title=\"Barwich, Doris\" href=\"\/{localLink:10476}\">Doris Barwich<\/a>, MD, CCFP &#8212;\u00a0Universit\u00e9 de la Colombie-Britannique<\/p>\n<p style=\"padding-left: 30px;\"><a title=\"Gutman, Gloria\" href=\"\/{localLink:10519}\">Gloria Gutman<\/a>,\u00a0PhD, FCAHS, OBC, LLD(Hon.) &#8212;\u00a0Universit\u00e9 Simon-Fraser<\/p>\n<p style=\"padding-left: 30px;\"><a title=\"Howard, Michelle\" href=\"\/{localLink:10526}\">Michelle Howard<\/a>, PhD, MSc &#8212;\u00a0Universit\u00e9 McMaster<\/p>\n<p style=\"padding-left: 30px;\"><a title=\"Jayaraman, Dev\" href=\"\/{localLink:10528}\">Dev Jayaraman<\/a>, MD, MPH &#8212;\u00a0<span style=\"line-height: 1.5em; background-color: transparent;\">Institut de recherche du Centre de sant\u00e9 de l\u2019Universit\u00e9 McGill<\/span><\/p>\n<p style=\"padding-left: 30px;\"><a title=\"Kaasalainen, Sharon\" href=\"\/{localLink:10530}\">Sharon Kaasalainen<\/a>, RN, BScN, MSc, PhD &#8212;\u00a0Universit\u00e9 McMaster<\/p>\n<p style=\"padding-left: 30px;\"><a title=\"Klein, Doug\" href=\"\/{localLink:10536}\">Doug Klein<\/a>,\u00a0MD, MSc, BSc,\u00a0CCFP(PC) &#8212;\u00a0<span style=\"line-height: 1.5em; background-color: transparent;\">Universit\u00e9 de l\u2019Alberta<\/span><\/p>\n<p style=\"padding-left: 30px;\"><a title=\"Kobewka, Daniel\" href=\"\/{localLink:10537}\">Daniel Kobewka<\/a>, MD, MSc &#8212;\u00a0<span style=\"line-height: 1.5em; background-color: transparent;\">Institut de recherche de l&rsquo;H\u00f4pital d&rsquo;Ottawa<\/span><\/p>\n<p style=\"padding-left: 30px;\"><a title=\"Simon, Jessica\" href=\"\/{localLink:10583}\">Jessica Simon<\/a>, MBChB, FRCPC &#8212;\u00a0Universit\u00e9 de Calgary<\/p>\n<p style=\"padding-left: 30px;\"><a title=\"Sussman, Tamara\" href=\"\/{localLink:10595}\">Tamara Sussman<\/a>, MSW, PhD &#8212;\u00a0Universit\u00e9 McGill<\/p>\n<p style=\"padding-left: 30px;\"><a title=\"Urquhart, Robin\" href=\"\/{localLink:10601}\">Robin Urquhart<\/a>, PhD &#8212;\u00a0Universit\u00e9 Dalhousie<\/p>\n<p><strong><a title=\"CAT2014-17 Sawatzky\" href=\"\/{localLink:9963}\">Int\u00e9gration d&rsquo;un syst\u00e8me d&rsquo;\u00e9valuation de la qualit\u00e9 de vie et de soutien \u00e0 la pratique dans les soins palliatifs \u00e0 domicile<\/a> (CAT 2014-17)<\/strong><\/p>\n<p style=\"padding-left: 30px;\">Chercheurs principaux :<\/p>\n<p style=\"padding-left: 30px;\"><a title=\"Sawatzky, Richard\" href=\"\/{localLink:10581}\">Richard Sawatzky<\/a>, PhD,\u00a0MSc, BSc, RN &#8212;\u00a0Universit\u00e9 Trinity Western<\/p>\n<p style=\"padding-left: 30px;\"><a title=\"Cohen, Robin\" href=\"\/{localLink:10490}\">Robin Cohen<\/a>, PhD, MSc, BSc\u00a0&#8212;\u00a0H\u00f4pital g\u00e9n\u00e9ral juif<\/p>\n<p><strong><strong><a title=\"CAT2015-16 Downar\" href=\"\/{localLink:9985}\">\u00c9tude pilote d\u2019un outil automatis\u00e9 de pr\u00e9vision d\u2019un an de la mortalit\u00e9 pour favoriser le d\u00e9clenchement de la planification pr\u00e9alable des soins<\/a><\/strong>\u00a0(CAT 2015-16)<\/strong><\/p>\n<p style=\"padding-left: 30px;\">Chercheur principal\u00a0:<\/p>\n<p style=\"padding-left: 30px;\"><a title=\"Downar, James\" href=\"\/{localLink:10500}\">James Downar<\/a>, MDCM, MHSc, FRCPC &#8212;\u00a0R\u00e9seau de sant\u00e9 universitaire<\/p>\n<p><strong><strong><a title=\"CORE2012-03 You\" href=\"\/{localLink:10006}\">Parlez-moi : Une \u00e9tude \u00e0 m\u00e9thodes mixtes sur l\u2019opinion des patients concernant le comportement des m\u00e9decins et la qualit\u00e9 de la communication en mati\u00e8re de planification pr\u00e9alable des soins<\/a><\/strong>\u00a0(CORE 2012-03)<\/strong><\/p>\n<p style=\"padding-left: 30px;\">Chercheurs principaux :<\/p>\n<p style=\"padding-left: 30px;\"><a title=\"You, John\" href=\"\/{localLink:10606}\">John You<\/a>, MD, MSc, FRCPC\u00a0&#8212;\u00a0Universit\u00e9 McMaster<\/p>\n<p style=\"padding-left: 30px;\"><a title=\"Simon, Jessica\" href=\"\/{localLink:10583}\">Jessica Simon<\/a>, MBChB, FRCPC\u00a0&#8212;\u00a0Universit\u00e9 de Calgary<\/p>\n<p><strong><strong><a title=\"CORE2013-13 Howard\" href=\"\/{localLink:10042}\">iGAP : am\u00e9liorer la pratique g\u00e9n\u00e9rale de la PPS<\/a><\/strong>\u00a0(CORE 2013-13)<\/strong><\/p>\n<p style=\"padding-left: 30px;\">Chercheurs principaux :<\/p>\n<p style=\"padding-left: 30px;\"><a title=\"Howard, Michelle\" href=\"\/{localLink:10526}\">Michelle Howard<\/a>, PhD, MSc &#8212;\u00a0Universit\u00e9 McMaster<\/p>\n<p style=\"padding-left: 30px;\"><a title=\"Barwich, Doris\" href=\"\/{localLink:10476}\">Doris Barwich<\/a>, MD &#8212;\u00a0Universit\u00e9 de la Colombie-Britannique<\/p>\n<p style=\"padding-left: 30px;\"><a title=\"Heyland, Daren\" href=\"\/{localLink:10522}\">Daren Heyland<\/a>, MD, MSc, BSc &#8212;\u00a0Universit\u00e9 Queen\u2019s<\/p>\n<p style=\"padding-left: 30px;\"><a title=\"Klein, Doug\" href=\"\/{localLink:10536}\">Doug Klein<\/a>, MD, MSc, BSc, CCFP(PC)\u00a0&#8212;\u00a0Universit\u00e9 de l\u2019Alberta<\/p>\n<p><strong><a title=\"CORE2013-30 You\" href=\"\/{localLink:10044}\">iDECIDE : am\u00e9liorer la prise de d\u00e9cision concernant les objectifs des soins prodigu\u00e9s aux a\u00een\u00e9s<\/a> (CORE 2013-30)<\/strong><\/p>\n<p style=\"padding-left: 30px;\">Chercheurs principaux :<\/p>\n<p style=\"padding-left: 30px;\"><a title=\"You, John\" href=\"\/{localLink:10606}\">John You<\/a>, MD, MSc, FRCPC &#8212;\u00a0Universit\u00e9 McMaster<\/p>\n<p style=\"padding-left: 30px;\"><a title=\"Heyland, Daren\" href=\"\/{localLink:10522}\">Daren Heyland<\/a>, MD, MSc, FRCPC &#8212;\u00a0Universit\u00e9 Queen\u2019s<\/p>\n<p style=\"padding-left: 30px;\"><a title=\"Jayaraman, Dev\" href=\"\/{localLink:10528}\">Dev Jayaraman<\/a>, MD, MPH &#8212;\u00a0Institut de recherche du Centre de sant\u00e9 de l\u2019Universit\u00e9 McGill<\/p>\n<p style=\"padding-left: 30px;\"><a title=\"Simon, Jessica\" href=\"\/{localLink:10583}\">Jessica Simon<\/a>, MBChB, FRCPC &#8212;\u00a0Universit\u00e9 de Calgary<\/p>\n<p><strong><a title=\"SIG2014F-09 Urquhart\" href=\"\/{localLink:10154}\">Aider le syst\u00e8me de soins primaires \u00e0 cerner, \u00e0 planifier et \u00e0 prodiguer les soins aux \u00a0personnes \u00e2g\u00e9es fragilis\u00e9es et gravement malades<\/a> (SIG 2014F-09)<\/strong><\/p>\n<p style=\"padding-left: 30px;\">Chercheurs principaux :<\/p>\n<p style=\"padding-left: 30px;\"><a title=\"Urquhart, Robin\" href=\"\/{localLink:10601}\">Robin Urquhart<\/a>, PhD &#8212;\u00a0Universit\u00e9 Dalhousie<\/p>\n<p style=\"padding-left: 30px;\"><a title=\"Burge, Fred\" href=\"\/{localLink:10485}\">Fred Burge<\/a>, MD, FCFP, MSc &#8212;\u00a0Universit\u00e9 Dalhousie<\/p>\n<p><strong><a title=\"SIG2014-IS Kaasalainen\" href=\"\/{localLink:10156}\">Am\u00e9liorer les soins palliatifs dans les foyers de soins de longue dur\u00e9e gr\u00e2ce \u00e0 la recherche participative<\/a> (SIG 2014-IS)<\/strong><\/p>\n<p style=\"padding-left: 30px;\">Chercheuses principales :<\/p>\n<p style=\"padding-left: 30px;\"><a title=\"Kaasalainen, Sharon\" href=\"\/{localLink:10530}\">Sharon Kaasalainen<\/a>, PhD, RN &#8212;\u00a0Universit\u00e9 McMaster<\/p>\n<p style=\"padding-left: 30px;\"><a title=\"Sussman, Tamara\" href=\"\/{localLink:10595}\">Tamara Sussman<\/a>, MSW, PhD &#8212;\u00a0Universit\u00e9 McGill<\/p>\n<p><strong><strong><a title=\"CAT2013-18 Downar\" href=\"\/{localLink:9935}\">LA COMMUNICATION D\u2019ABORD (Prise de d\u00e9cisions concernant l\u2019objectif des soins aux patients hospitalis\u00e9s : une intervention communicationnelle) : Projet pilote de collecte de donn\u00e9es sur les patients et de r\u00e9troaction<\/a><\/strong>\u00a0(CAT 2013-18)<\/strong><\/p>\n<p style=\"padding-left: 30px;\">Chercheur principal\u00a0:<\/p>\n<p style=\"padding-left: 30px;\"><a title=\"Downar, James\" href=\"\/{localLink:10500}\">James Downar<\/a>, MDCM, MHSc, FRCPC &#8212;\u00a0R\u00e9seau de sant\u00e9 universitaire<\/p>\n<p><strong><strong><a title=\"CAT2013-21 de Vries\" href=\"\/{localLink:9940}\">Favoriser la discussion, le sens de la communaut\u00e9 et la prestation des soins parmi les personnes \u00e2g\u00e9es LGBT<\/a><\/strong>\u00a0(CAT 2013-21)<\/strong><\/p>\n<p style=\"padding-left: 30px;\">Chercheurs principaux :<\/p>\n<p style=\"padding-left: 30px;\"><a title=\"de Vries, Brian\" href=\"\/{localLink:10498}\">Brian de Vries<\/a>, PhD &#8212;\u00a0Universit\u00e9 Simon-Fraser<\/p>\n<p style=\"padding-left: 30px;\"><a title=\"Gutman, Gloria\" href=\"\/{localLink:10519}\">Gloria Gutman<\/a>, PhD &#8212;\u00a0Universit\u00e9 Simon-Fraser<\/p>\n<p><strong><strong><a title=\"CAT2015-03 Dumont\" href=\"\/{localLink:9980}\">Optimisation des soins palliatifs dans les collectivit\u00e9s du Nunavik<\/a><\/strong>\u00a0(CAT 2015-03)<\/strong><\/p>\n<p style=\"padding-left: 30px;\">Chercheur principal\u00a0:<\/p>\n<p style=\"padding-left: 30px;\"><a title=\"Dumont, Serge\" href=\"\/{localLink:10502}\">Serge Dumont<\/a>, PhD &#8212; Universit\u00e9 Laval<\/p>\n<p><strong><strong><a title=\"CAT2015-32 Stajduhar\" href=\"\/{localLink:9992}\">Approche int\u00e9gr\u00e9e aux soins palliatifs dans un contexte de soins intensifs<\/a><\/strong>\u00a0(CAT 2015-32)<\/strong><\/p>\n<p style=\"padding-left: 30px;\">Chercheurs principaux :<\/p>\n<p style=\"padding-left: 30px;\"><a title=\"Stajduhar, Kelli\" href=\"\/{localLink:10592}\">Kelli Stajduhar<\/a>, PhD, MSN, BN, RN &#8212;\u00a0Universit\u00e9 de Victoria<\/p>\n<p style=\"padding-left: 30px;\"><a title=\"Hilliard, Neil\" href=\"\/{localLink:10523}\">Neil Hilliard<\/a>, MD &#8212;\u00a0R\u00e9gie des soins de sant\u00e9 Fraser<\/p>\n<p style=\"padding-left: 30px;\"><a title=\"Sawatzky, Richard\" href=\"\/{localLink:10581}\">Richard Sawatzky<\/a>, PhD, MSc, BSc, RN &#8212;\u00a0Universit\u00e9 Trinity Western<\/p>\n<p><strong><strong><a title=\"CAT2015-39 Barwich\" href=\"\/{localLink:9998}\">\u00c9tude de faisabilit\u00e9 \u00e0 m\u00e9thodes mixtes sur les interventions de soutien par les pairs pour amener la population \u00e0 envisager la planification pr\u00e9alable des soins<\/a><\/strong>\u00a0(CAT 2015-39)<\/strong><\/p>\n<p style=\"padding-left: 30px;\">Chercheurs principaux :<\/p>\n<p style=\"padding-left: 30px;\"><a title=\"Barwich, Doris\" href=\"\/{localLink:10476}\">Doris Barwich<\/a>, MD, CCFP &#8212;\u00a0Universit\u00e9 de la Colombie-Britannique<\/p>\n<p style=\"padding-left: 30px;\"><a title=\"Kazanjian, Arminee\" href=\"\/{localLink:10531}\">Arminee Kazanjian<\/a>, DrSoc &#8212;\u00a0Universit\u00e9 de la Colombie-Britannique<\/p>\n<p style=\"padding-left: 30px;\"><a title=\"Kryworuchko, Jennifer\" href=\"\/{localLink:10538}\">Jennifer Kryworuchko<\/a>, RN, PhD, CNCC(C) &#8212;\u00a0Universit\u00e9 de la Colombie-Britannique<\/p>\n<p><strong><strong><a title=\"CORE2012-12 Fowler\" href=\"\/{localLink:10014}\">Comparaison nationale de l\u2019intensit\u00e9 des soins en fin de vie au Canada : D\u00e9finir l\u2019\u00e9volution de la situation, les facteurs de risque et les cibles en vue d\u2019une intervention<\/a><\/strong>\u00a0(CORE 2012-12)<\/strong><\/p>\n<p style=\"padding-left: 30px;\">Chercheur principal\u00a0:<\/p>\n<p style=\"padding-left: 30px;\"><a title=\"Fowler, Robert\" href=\"\/{localLink:10510}\">Robert Fowler<\/a>, MD, MSc &#8212;\u00a0Institut de recherche Sunnybrook<\/p>\n<p><strong><strong><a title=\"CORE2012-13 Lau\" href=\"\/{localLink:10018}\">Projet d\u2019application des connaissances sur les pratiques \u00e9valu\u00e9es en soins en fin de vie chez les a\u00een\u00e9s en soins primaires<\/a><\/strong>\u00a0(CORE 2012-13)<\/strong><\/p>\n<p style=\"padding-left: 30px;\">Chercheurs principaux :<\/p>\n<p style=\"padding-left: 30px;\"><a title=\"Lau, Francis\" href=\"\/{localLink:10541}\">Francis Lau<\/a>, PhD, MBA, MSc &#8212;\u00a0Universit\u00e9 de Victoria<\/p>\n<p style=\"padding-left: 30px;\"><a title=\"Barwich, Doris\" href=\"\/{localLink:10476}\">Doris Barwich<\/a>, MD &#8212;\u00a0Universit\u00e9 de la Colombie-Britannique<\/p>\n<p><strong><strong><a title=\"CORE2012-19 Garland\" href=\"\/{localLink:10031}\">Les diff\u00e9rences entre les sexes lors de l\u2019admission aux soins intensifs et le r\u00f4le du soutien social<\/a><\/strong>\u00a0(CORE 2012-19)<\/strong><\/p>\n<p style=\"padding-left: 30px;\">Chercheurs principaux :<\/p>\n<p style=\"padding-left: 30px;\"><a title=\"Garland, Allan\" href=\"\/{localLink:10512}\">Allan Garland<\/a>, MD, MA, BSc &#8212;\u00a0Universit\u00e9 du Manitoba<\/p>\n<p style=\"padding-left: 30px;\"><a title=\"Ramsey, Clare\" href=\"\/{localLink:10574}\">Clare Ramsey<\/a>, MD, MSc, FRCPSC &#8212;\u00a0Universit\u00e9 du Manitoba<\/p>\n<p><strong><strong><a title=\"HTIG2014-10 Read Paul\" href=\"\/{localLink:10086}\">Vid\u00e9oconf\u00e9rences Web pour les consultations \u00e0 domicile li\u00e9es aux soins palliatifs en zone rurale<\/a><\/strong>\u00a0(HTIG 2014-10)<\/strong><\/p>\n<p style=\"padding-left: 30px;\">Chercheuse principale :<\/p>\n<p style=\"padding-left: 30px;\"><a title=\"Read Paul, Linda\" href=\"\/{localLink:10575}\">Linda Read Paul<\/a>, RN, MN, CHPCN(C) &#8212;\u00a0Universit\u00e9 de Calgary<\/p>\n<p><strong><a title=\"KS2014-06 You\" href=\"\/{localLink:10132}\">Examens syst\u00e9matiques, examens contextuels et m\u00e9ta-analyses des outils et strat\u00e9gies de prise de d\u00e9cisions concernant les personnes en fin de vie<\/a> (KS 2014-06)<\/strong><\/p>\n<p style=\"padding-left: 30px;\">Chercheur principal\u00a0:<\/p>\n<p style=\"padding-left: 30px;\"><a title=\"You, John\" href=\"\/{localLink:10606}\">John You<\/a>, MD, MSc, FRCPC &#8212;\u00a0Universit\u00e9 McMaster<\/p>\n","protected":false},"excerpt":{"rendered":"<p>Chef de la recherche : John You, MD, MSc, FRCPC &#8212; Universit\u00e9 McMaster Am\u00e9liorer la planification pr\u00e9alable des soins pour les Canadiens \u00e2g\u00e9s et fragilis\u00e9s\u00a0(TG 2015-03-P) Chercheurs principaux : John You, MD, MSc, FRCPC &#8212;\u00a0Universit\u00e9 McMaster Doris Barwich, MD, CCFP &#8212;\u00a0Universit\u00e9 de la Colombie-Britannique Gloria Gutman,\u00a0PhD, FCAHS, OBC, LLD(Hon.) &#8212;\u00a0Universit\u00e9 Simon-Fraser Michelle Howard, PhD, MSc&#8230;<\/p>\n","protected":false},"author":1,"featured_media":0,"parent":2868,"menu_order":3,"comment_status":"closed","ping_status":"open","template":"","meta":{"_acf_changed":false,"footnotes":""},"acf":[],"_links":{"self":[{"href":"https:\/\/www.cfn-nce.ca\/fr\/wp-json\/wp\/v2\/pages\/2870"}],"collection":[{"href":"https:\/\/www.cfn-nce.ca\/fr\/wp-json\/wp\/v2\/pages"}],"about":[{"href":"https:\/\/www.cfn-nce.ca\/fr\/wp-json\/wp\/v2\/types\/page"}],"author":[{"embeddable":true,"href":"https:\/\/www.cfn-nce.ca\/fr\/wp-json\/wp\/v2\/users\/1"}],"replies":[{"embeddable":true,"href":"https:\/\/www.cfn-nce.ca\/fr\/wp-json\/wp\/v2\/comments?post=2870"}],"version-history":[{"count":3,"href":"https:\/\/www.cfn-nce.ca\/fr\/wp-json\/wp\/v2\/pages\/2870\/revisions"}],"predecessor-version":[{"id":11967,"href":"https:\/\/www.cfn-nce.ca\/fr\/wp-json\/wp\/v2\/pages\/2870\/revisions\/11967"}],"up":[{"embeddable":true,"href":"https:\/\/www.cfn-nce.ca\/fr\/wp-json\/wp\/v2\/pages\/2868"}],"wp:attachment":[{"href":"https:\/\/www.cfn-nce.ca\/fr\/wp-json\/wp\/v2\/media?parent=2870"}],"curies":[{"name":"wp","href":"https:\/\/api.w.org\/{rel}","templated":true}]}}