{"id":2871,"date":"2018-09-25T09:56:06","date_gmt":"2018-09-25T13:56:06","guid":{"rendered":"http:\/\/www.cfn-nce.ca\/research\/our-research\/our-portfolio-by-theme\/our-portfolio-by-themeimprovement-of-acutecritical-care\/"},"modified":"2020-03-30T12:19:13","modified_gmt":"2020-03-30T16:19:13","slug":"improvement-of-acutecritical-care","status":"publish","type":"page","link":"https:\/\/www.cfn-nce.ca\/fr\/improving-evidence-through-research-and-kt\/nos-travaux-de-recherche-et-dapplication-des-connaissances\/our-portfolio-by-theme\/improvement-of-acutecritical-care\/","title":{"rendered":"L\u2019am\u00e9lioration des soins intensifs\/aigus"},"content":{"rendered":"<table border=\"0\" align=\"left\">\n<tbody>\n<tr>\n<td><img loading=\"lazy\" decoding=\"async\" src=\"https:\/\/www.cfn-nce.ca\/wp-content\/uploads\/2018\/09\/paul_hebert_thumbnail-3.jpg\" alt=\"Hebert, Paul THUMBNAIL\" width=\"85\" height=\"104\" \/><\/td>\n<td align=\"center\" valign=\"middle\"><strong>C<strong>hef de la recherche <\/strong>:<\/strong><\/p>\n<p><strong><a title=\"H\u00e9bert, Paul\" href=\"\/{localLink:10520}\">Paul H\u00e9bert, MD &#8212; Centre de recherche du Centre Hospitalier de l\u2019universit\u00e9 de Montr\u00e9al\u00a0(CHUM)<\/a><br \/>\n<\/strong><\/td>\n<\/tr>\n<\/tbody>\n<\/table>\n<p><strong><strong><a title=\"TG2015-20-P Cook\" href=\"\/{localLink:10167}\">Essai PROSPECT : Des probiotiques pour pr\u00e9venir la pneumonie grave et la colonisation de la trach\u00e9e<\/a><\/strong>\u00a0(TG 2015-20-P)<\/strong><\/p>\n<p style=\"padding-left: 30px;\">Chercheuse principale :<\/p>\n<p style=\"padding-left: 30px;\"><a title=\"Cook, Deborah\" href=\"\/{localLink:10492}\">Deborah Cook<\/a>, MD, MSc (Epid), FRCPC,\u00a0DABIM, CCM, CAHS, FRS \u00a0&#8212; Universit\u00e9 McMaster<\/p>\n<p><strong><strong><a title=\"CAT2013-28 Keller\" href=\"\/{localLink:9943}\">Protocole de soins en nutrition pour les personnes \u00e2g\u00e9es hospitalis\u00e9es : validation du contenu et \u00e9tude de faisabilit\u00e9<\/a><\/strong>\u00a0(CAT 2013-28)<\/strong><\/p>\n<p style=\"padding-left: 30px;\">Chercheuse principale :<\/p>\n<p style=\"padding-left: 30px;\"><a title=\"Keller, Heather\" href=\"\/{localLink:10532}\">Heather Keller<\/a>, PhD, RD, FDC &#8212; Universit\u00e9\u00a0de Waterloo<\/p>\n<p><strong><strong><a title=\"CAT2013-51 Sawatzky\" href=\"\/{localLink:9952}\">Int\u00e9gration de l\u2019\u00e9valuation de la qualit\u00e9 de vie dans les soins actifs aux personnes \u00e2g\u00e9es aux prises avec des maladies chroniques limitant leur esp\u00e9rance de vie<\/a><\/strong>\u00a0(CAT 2013-51)<\/strong><\/p>\n<p style=\"padding-left: 30px;\">Chercheurs principaux\u00a0:<\/p>\n<p style=\"padding-left: 30px;\"><a title=\"Sawatzky, Richard\" href=\"\/{localLink:10581}\">Richard Sawatzky<\/a>, PhD, MSc, BSc, RN &#8212;\u00a0Universit\u00e9 Trinity Western<\/p>\n<p style=\"padding-left: 30px;\"><a title=\"Cohen, Robin\" href=\"\/{localLink:10490}\">Robin Cohen<\/a>, PhD, MSc, BSc &#8212;\u00a0H\u00f4pital g\u00e9n\u00e9ral juif<\/p>\n<p style=\"padding-left: 30px;\"><span style=\"line-height: 1.5em; background-color: transparent;\"><a title=\"Stajduhar, Kelli\" href=\"\/{localLink:10592}\">Kelli Stajduhar<\/a>, PhD, MSN, BN, RN &#8212;\u00a0<\/span><span style=\"line-height: 1.5em; background-color: transparent;\">Universit\u00e9 de Victoria<\/span><\/p>\n<p><strong><a title=\"CAT2014-06 Kho\" href=\"\/{localLink:9957}\">P\u00e9dalage assist\u00e9 : Essai clinique randomis\u00e9 sur une th\u00e9rapie pr\u00e9coce consistant \u00e0 faire p\u00e9daler des patients \u00e2g\u00e9s, alit\u00e9s et sous ventilation m\u00e9canique<\/a> (CAT 2014-06)<\/strong><\/p>\n<p style=\"padding-left: 30px;\">Chercheuse principale :<\/p>\n<p style=\"padding-left: 30px;\"><a title=\"Kho, Michelle\" href=\"\/{localLink:10535}\">Michelle Kho<\/a>, PT, PhD &#8212;\u00a0Universit\u00e9 McMaster<\/p>\n<p><strong><a title=\"CAT2014-29 Downar\" href=\"\/{localLink:9965}\">\u00c9tude pilote sur une intervention fond\u00e9e sur la rationalisation des m\u00e9dicaments<\/a> (CAT 2014-29)<\/strong><\/p>\n<p style=\"padding-left: 30px;\">Chercheur principal\u00a0:<\/p>\n<p style=\"padding-left: 30px;\"><a title=\"Downar, James\" href=\"\/{localLink:10500}\">James Downar<\/a>, MDCM, MHSc, FRCPC &#8212;\u00a0R\u00e9seau de sant\u00e9 universitaire<\/p>\n<p><strong><a title=\"CAT2014-31 Khadaroo\" href=\"\/{localLink:9968}\">Une approche adapt\u00e9e pour les a\u00een\u00e9s \u00e0 l\u2019environnement chirurgical qui utilise des \u00e9chantillons biologiques pour une prestation de soins optimis\u00e9e (EASE-BIO)<\/a> (CAT 2014-31)<\/strong><\/p>\n<p style=\"padding-left: 30px;\">Chercheuse principale :<\/p>\n<p style=\"padding-left: 30px;\"><a title=\"Khadaroo, Rachel\" href=\"\/{localLink:10534}\">Rachel Khadaroo<\/a>, MD, PhD, FRCSC &#8212; Universit\u00e9\u00a0de l&rsquo;Alberta<\/p>\n<p><strong><strong><a title=\"CAT2015-TG2 Lee\" href=\"\/{localLink:10004}\">R\u00e9duction des m\u00e9dicaments potentiellement contre-indiqu\u00e9s apr\u00e8s le cong\u00e9 de l\u2019h\u00f4pital des personnes \u00e2g\u00e9es : La d\u00e9prescription \u00e9lectronique multicentrique<\/a><\/strong>\u00a0(CAT 2015-TG2)<\/strong><\/p>\n<p style=\"padding-left: 30px;\">Chercheurs principaux :<\/p>\n<p style=\"padding-left: 30px;\"><a title=\"Lee, Todd Campbell\" href=\"\/{localLink:10544}\">Todd Campbell Lee<\/a>, MD, MPH, FRCPC &#8212;\u00a0<span style=\"line-height: 1.5em; background-color: transparent;\">Institut de recherche du Centre de sant\u00e9 de l\u2019Universit\u00e9 McGill<\/span><\/p>\n<p style=\"padding-left: 30px;\"><a title=\"McDonald, Emily\" href=\"\/{localLink:10554}\">Emily McDonald<\/a>, MD, MSc &#8212;\u00a0Institut de recherche du Centre de sant\u00e9 de l\u2019Universit\u00e9 McGill<\/p>\n<p><strong><strong><a title=\"CORE2012-14 Cook\" href=\"\/{localLink:10023}\">Les probiotiques et la pr\u00e9vention de la pneumonie grave et de la colonisation de la trach\u00e9e : un projet pilote de faisabilit\u00e9 (PROSPECT)<\/a><\/strong>\u00a0(CORE 2012-14)<\/strong><\/p>\n<p style=\"padding-left: 30px;\">Chercheuse principale :<\/p>\n<p style=\"padding-left: 30px;\"><a title=\"Cook, Deborah\" href=\"\/{localLink:10492}\">Deborah Cook<\/a>, MD, MSc (Epid), FRCPC,\u00a0DABIM, CCM, CAHS, FRS \u00a0&#8212; Universit\u00e9 McMaster<\/p>\n<p><strong><strong><a title=\"CORE2013-12 Stelfox\" href=\"\/{localLink:10036}\">Refonte du processus d\u00e9cisionnel concernant la sortie des patients \u00e2g\u00e9s de l\u2019unit\u00e9 des soins intensifs<\/a><\/strong>\u00a0(CORE 2013-12)<\/strong><\/p>\n<p style=\"padding-left: 30px;\">Chercheurs principaux :<\/p>\n<p style=\"padding-left: 30px;\"><a title=\"Stelfox, Henry\" href=\"\/{localLink:10593}\">Henry Stelfox<\/a>, BMSc, MD, PhD &#8212; Universit\u00e9\u00a0de Calgary<\/p>\n<p style=\"padding-left: 30px;\"><a title=\"Bagshaw, Sean\" href=\"\/{localLink:10473}\">Sean Bagshaw<\/a>, MD, MSc, FRCPC &#8212; Universit\u00e9\u00a0de l&rsquo;Alberta<\/p>\n<p style=\"padding-left: 30px;\"><a title=\"Dodek, Peter\" href=\"\/{localLink:10499}\">Peter Dodek<\/a>, MD, MHSc &#8212;\u00a0Universit\u00e9 de la Colombie-Britannique<\/p>\n<p style=\"padding-left: 30px;\"><a title=\"Forster, Alan\" href=\"\/{localLink:10509}\">Alan Forster<\/a>, MD, FRCPC, MSc &#8212;\u00a0Universit\u00e9 d\u2019Ottawa<\/p>\n<p style=\"padding-left: 30px;\"><a title=\"Fowler, Robert\" href=\"\/{localLink:10510}\">Robert Fowler<\/a>, MDCM, MSc &#8212;\u00a0Universit\u00e9 de Toronto<\/p>\n<p style=\"padding-left: 30px;\"><a title=\"Lamontagne, Fran\u00e7ois\" href=\"\/{localLink:10539}\">Fran\u00e7ois Lamontagne<\/a>, MD, MSc &#8212;\u00a0Universit\u00e9 de Sherbrooke<\/p>\n<p style=\"padding-left: 30px;\"><a title=\"Turgeon, Alexis\" href=\"\/{localLink:10600}\">Alexis Turgeon<\/a>, MD, MSc &#8212;\u00a0Universit\u00e9 Laval<\/p>\n<p><strong><strong><a title=\"FRA2015-A-08 Theou\" href=\"\/{localLink:10064}\">Examen contextuel de donn\u00e9es probantes pour la mesure de la fragilisation dans les \u00e9tablissements hospitaliers et pr\u00e9hospitaliers<\/a><\/strong>\u00a0(FRA 2015-A-08)<\/strong><\/p>\n<p style=\"padding-left: 30px;\">Chercheuse principale :<\/p>\n<p style=\"padding-left: 30px;\"><a title=\"Theou, Olga\" href=\"\/{localLink:10598}\">Olga Theou<\/a>, PhD &#8212;\u00a0R\u00e9gie des soins de sant\u00e9 de la Nouvelle-\u00c9cosse<\/p>\n<p><strong><strong><a title=\"FRA2015-B-09 Lee\" href=\"\/{localLink:10071}\">\u00c9valuation sur tablette de la fragilisation chez les Canadiens \u00e2g\u00e9s aux services d\u2019urgence<\/a><\/strong>\u00a0(FRA 2015-B-09)<\/strong><\/p>\n<p style=\"padding-left: 30px;\">Chercheurs principaux :<\/p>\n<p style=\"padding-left: 30px;\"><a title=\"Lee, Jacques\" href=\"\/{localLink:10545}\">Jacques Lee<\/a>, MD, MSc, FRCPC &#8212;\u00a0Institut de recherche Sunnybrook<\/p>\n<p style=\"padding-left: 30px;\"><a title=\"Chignell, Mark\" href=\"\/{localLink:10489}\">Mark Chignell<\/a>, PhD &#8212;\u00a0Universit\u00e9 de Toronto<\/p>\n<p style=\"padding-left: 30px;\"><a title=\"\u00c9mond, Marcel\" href=\"\/{localLink:10504}\">Marcel\u00a0\u00c9mond<\/a>, MD, MSc &#8212;\u00a0Universit\u00e9 Laval<\/p>\n<p style=\"padding-left: 30px;\"><a title=\"Goldstein, Judah\" href=\"\/{localLink:10516}\">Judah Goldstein<\/a>, PhD &#8212;\u00a0Universit\u00e9 Dalhousie<\/p>\n<p><strong><strong><a title=\"FRA2015-B-11 Afilalo\" href=\"\/{localLink:10072}\">Outils essentiels pour la fragilisation<\/a><\/strong>\u00a0(FRA 2015-B-11)<\/strong><\/p>\n<p style=\"padding-left: 30px;\">Chercheurs principaux :<\/p>\n<p style=\"padding-left: 30px;\"><a title=\"Afilalo, Jonathan\" href=\"\/{localLink:10469}\">Jonathan Afilalo<\/a>, MD, MSc, FACC, FRCPC &#8212;\u00a0H\u00f4pital g\u00e9n\u00e9ral juif<\/p>\n<p style=\"padding-left: 30px;\"><a title=\"Arora, Rakesh\" href=\"\/{localLink:10471}\">Rakesh Arora<\/a>, MD, MSC &#8212;\u00a0Universit\u00e9 du Manitoba<\/p>\n<p style=\"padding-left: 30px;\"><a title=\"Lauck, Sandra\" href=\"\/{localLink:10542}\">Sandra Lauck<\/a>, PhD, RN &#8212;\u00a0Universit\u00e9 de la Colombie-Britannique<\/p>\n<p><strong><strong><a title=\"FRA2015-B-20 Bagshaw\" href=\"\/{localLink:10082}\">Mise en \u0153uvre provinciale de l\u2019\u00e9chelle de fragilisation clinique dans le syst\u00e8me de dossiers m\u00e9dicaux \u00e9lectroniques en Alberta<\/a><\/strong>\u00a0(FRA 2015-B-20)<\/strong><\/p>\n<p style=\"padding-left: 30px;\">Chercheurs principaux :<\/p>\n<p style=\"padding-left: 30px;\"><a title=\"Bagshaw, Sean\" href=\"\/{localLink:10473}\">Sean Bagshaw<\/a>, MD, MSc, FRCPC \u00a0&#8212; University of Alberta<\/p>\n<p style=\"padding-left: 30px;\"><a title=\"Rolfson, Daryl\" href=\"\/{localLink:10578}\">Darryl Rolfson<\/a>, MD &#8212; University of Alberta<\/p>\n<p style=\"padding-left: 30px;\"><a title=\"Stelfox, Henry\" href=\"\/{localLink:10593}\">Henry Stelfox<\/a>, MD, PhD &#8212; University of Calgary<\/p>\n<p style=\"padding-left: 30px;\"><a title=\"Zuege, Dan\" href=\"\/{localLink:10607}\">Dan Zuege<\/a>, MD, MSc, FRCPC &#8212; University of Calgary<\/p>\n<p style=\"padding-left: 30px;\"><a title=\"Zygun, David\" href=\"\/{localLink:10608}\">David Zygun<\/a>, MD, FRCPC &#8212; University of Alberta<\/p>\n<p><strong><a title=\"KS2013-09 Sawatzky\" href=\"\/{localLink:10120}\">Les mesures de l\u2019exp\u00e9rience et des r\u00e9sultats d\u00e9clar\u00e9es par le patient et la famille dans le cas d\u2019a\u00een\u00e9s hospitalis\u00e9s dans un \u00e9tablissement de soins de courte dur\u00e9e : une synth\u00e8se des connaissances<\/a> (KS 2013-09)<\/strong><\/p>\n<p style=\"padding-left: 30px;\">Chercheur principal\u00a0:<\/p>\n<p style=\"padding-left: 30px;\"><a title=\"Sawatzky, Richard\" href=\"\/{localLink:10581}\">Richard Sawatzky<\/a>, PhD, MSc, BSc, RN &#8212;\u00a0Universit\u00e9 Trinity Western<\/p>\n<p><strong><strong><a title=\"KS2013-10 Burry\" href=\"\/{localLink:10123}\">Les antipsychotiques pour la gestion du d\u00e9lire \u2013 Un examen syst\u00e9matique<\/a><\/strong>\u00a0(KS 2013-10)<\/strong><\/p>\n<p style=\"padding-left: 30px;\">Chercheuse principale :<\/p>\n<p style=\"padding-left: 30px;\"><a title=\"Burry, Lisa\" href=\"\/{localLink:10487}\">Lisa Burry<\/a>, BScPharm, PharmD &#8212;\u00a0H\u00f4pital Mount Sina\u00ef<\/p>\n<p><strong><a title=\"SIG2014F-08 Keller\" href=\"\/{localLink:10151}\">Une meilleure alimentation : Protocole de soins en nutrition et suppl\u00e9mentation prot\u00e9ique optimale pour les patients \u00e2g\u00e9s souffrant de malnutrition<\/a> (SIG 2014F-08)<\/strong><\/p>\n<p style=\"padding-left: 30px;\">Chercheurs principaux :<\/p>\n<p style=\"padding-left: 30px;\"><a title=\"Keller, Heather\" href=\"\/{localLink:10532}\">Heather Keller<\/a>, PhD, RD, FDC &#8212;\u00a0<span style=\"line-height: 1.5em; background-color: transparent;\">Universit\u00e9 de Waterloo<\/span><\/p>\n<p style=\"padding-left: 30px;\"><a title=\"Rahman, Adam\" href=\"\/{localLink:10573}\">Adam Rahman<\/a>, MD &#8212;\u00a0Universit\u00e9 Western<\/p>\n<p><strong><a title=\"SIG2014F-31 H\u00e9bert\" href=\"https:\/\/www.cfn-nce.ca\/project\/sig2014f-31\/\">Soin des personnes \u00e2g\u00e9es, fragilis\u00e9es et gravement malades : Faire en sorte que les soins de sant\u00e9 soient prodigu\u00e9s suivant une approche syst\u00e9mique<\/a> (SIG 2014F-31)<\/strong><\/p>\n<p style=\"padding-left: 30px;\">Chercheurs principaux :<\/p>\n<p style=\"padding-left: 30px;\"><a title=\"H\u00e9bert, Paul\" href=\"\/{localLink:10520}\">Paul H\u00e9bert<\/a>, MD &#8212;\u00a0Centre Hospitalier de l\u2019Universit\u00e9 de Montr\u00e9al (CHUM)<\/p>\n<p style=\"padding-left: 30px;\"><a title=\"Hirdes, John\" href=\"\/{localLink:10524}\">John Hirdes<\/a>, PhD &#8212;\u00a0Universit\u00e9 de Waterloo<\/p>\n<p><strong><strong><a title=\"CAT2015-36 Bansback\" href=\"\/{localLink:9996}\">Examen des pr\u00e9f\u00e9rences des Canadiens \u00e2g\u00e9s et fragilis\u00e9s concernant les aspects des soins en \u00e9tablissement : Une exp\u00e9rience bas\u00e9e sur la meilleure et la pire \u00e9ventualit\u00e9<\/a><\/strong>\u00a0(CAT 2015-36)<\/strong><\/p>\n<p style=\"padding-left: 30px;\">Chercheurs principaux :<\/p>\n<p style=\"padding-left: 30px;\"><a title=\"Bansback, Nick\" href=\"\/{localLink:10474}\">Nick Bansback<\/a>, PhD &#8212;\u00a0Universit\u00e9 de la Colombie-Britannique<\/p>\n<p style=\"padding-left: 30px;\"><a title=\"Bryan, Stirling\" href=\"\/{localLink:10484}\">Stirling Bryan<\/a>, PhD &#8212;\u00a0Universit\u00e9 de la Colombie-Britannique<\/p>\n<p><strong><a title=\"CAT2013-45 Burns\" href=\"\/{localLink:9948}\">S\u00e9lection des patients \u00e2g\u00e9s pour un essai sur le sevrage<\/a>\u00a0<\/strong><strong style=\"line-height: 1.5em; background-color: transparent;\">(CAT 2013-45)<\/strong><\/p>\n<p style=\"padding-left: 30px;\">Chercheuse principale :<\/p>\n<p style=\"padding-left: 30px;\"><a title=\"Burns, Karen\" href=\"\/{localLink:10486}\">Karen Burns<\/a>, MD, MSc, FRCPC &#8212; H\u00f4pital St. Michael\u2019s\/Universit\u00e9 de Toronto<\/p>\n<p><strong><strong><a title=\"CAT2015-35 Archambault\" href=\"\/{localLink:9994}\">\u00c9valuation d\u2019un outil d\u2019aide \u00e0 la prise de d\u00e9cision sur wiki, adapt\u00e9 au contexte, pour aider les patients \u00e0 prendre des d\u00e9cisions concernant les th\u00e9rapies de maintien de la vie<\/a><\/strong>\u00a0(CAT 2015-35)<\/strong><\/p>\n<p style=\"padding-left: 30px;\">Chercheurs principaux :<\/p>\n<p style=\"padding-left: 30px;\"><a title=\"Archambault, Patrick Michel\" href=\"\/{localLink:10470}\">Patrick Michel Archambault<\/a>, MD, MSc, FRCPC &#8212; Universit\u00e9 Laval<\/p>\n<p style=\"padding-left: 30px;\"><a title=\"L\u00e9gar\u00e9, France\" href=\"\/{localLink:10546}\">France L\u00e9gar\u00e9<\/a>, MD, PhD, CCFP, FCFP &#8212;\u00a0Universit\u00e9 Laval<\/p>\n<p><strong><strong><a title=\"CORE2012-11 Burns\" href=\"\/{localLink:10012}\">Les pratiques en soins en fin de vie et l\u2019arr\u00eat de la ventilation m\u00e9canique chez les patients \u00e2g\u00e9s gravement malades : Composante d\u2019une \u00e9tude d\u2019observation internationale<\/a><\/strong>\u00a0(CORE 2012-11)<\/strong><\/p>\n<p style=\"padding-left: 30px;\">Chercheuse principale :<\/p>\n<p style=\"padding-left: 30px;\"><a title=\"Burns, Karen\" href=\"\/{localLink:10486}\">Karen Burns<\/a>, MD, MSc, FRCPC &#8212;\u00a0H\u00f4pital St. Michael\u2019s\/Universit\u00e9 de Toronto<\/p>\n<p><strong><strong><a title=\"CORE2012-15 Bagshaw\" href=\"\/{localLink:10029}\">Le meilleur choix et le meilleur moment pour commencer un traitement chez les a\u00een\u00e9s gravement malades et souffrant d\u2019une insuffisance r\u00e9nale aigu\u00eb (IRA-MEILLEUR)<\/a><\/strong>\u00a0(CORE 2012-15)<\/strong><\/p>\n<p style=\"padding-left: 30px;\">Chercheurs principaux :<\/p>\n<p style=\"padding-left: 30px;\"><a title=\"Bagshaw, Sean\" href=\"\/{localLink:10473}\">Sean Bagshaw<\/a>, MD, MSc, FRCPC &#8212;\u00a0Universit\u00e9 de l\u2019Alberta<\/p>\n<p style=\"padding-left: 30px;\"><a title=\"Wald, Ron\" href=\"\/{localLink:10604}\">Ron Wald<\/a>, MDCM, MPH, FRCPC &#8212;\u00a0H\u00f4pital St. Michael\u2019s\/Universit\u00e9 de Toronto<\/p>\n<p><strong><a title=\"FRA2015-B-06 McIsaac\" href=\"\/{localLink:10068}\">Identifier les patients \u00e2g\u00e9s \u00e0 risque \u00e9lev\u00e9 de pi\u00e8tres r\u00e9sultats apr\u00e8s une chirurgie des articulations<\/a> (FRA 2015-B-06)<\/strong><\/p>\n<p style=\"padding-left: 30px;\">Chercheur principal\u00a0:<\/p>\n<p style=\"padding-left: 30px;\"><a title=\"McIsaac, Daniel\" href=\"\/{localLink:10558}\">Daniel McIsaac<\/a>, MD, MPH, FRCPC &#8212;\u00a0Institut de recherche de l&rsquo;H\u00f4pital d&rsquo;Ottawa<\/p>\n<p><strong><a title=\"FRA2015-B-13 Singer\" href=\"\/{localLink:10073}\">Nouvelles approches pour \u00e9valuer la fragilisation chez les patients subissant une greffe d\u2019organe plein<\/a> (FRA 2015-B-13)<\/strong><\/p>\n<p style=\"padding-left: 30px;\">Chercheuse principale :<\/p>\n<p style=\"padding-left: 30px;\"><a title=\"Singer, Lianne\" href=\"\/{localLink:10585}\">Lianne Singer<\/a>, MD, FRCPC &#8212;\u00a0R\u00e9seau de sant\u00e9 universitaire<\/p>\n<p><strong><strong><a title=\"FRA2015-B-16 Mayo\" href=\"\/{localLink:10076}\">\u00c9chelle de fragilit\u00e9 pour les soins actifs<\/a><\/strong>\u00a0(FRA 2015-B-16)<\/strong><\/p>\n<p style=\"padding-left: 30px;\">Chercheurs principaux :<\/p>\n<p style=\"padding-left: 30px;\"><a title=\"Mayo, Nancy\" href=\"\/{localLink:10552}\">Nancy Mayo<\/a>, BSc, MSc, PhD &#8212;\u00a0<span style=\"line-height: 1.5em; background-color: transparent;\">Institut de recherche du Centre de sant\u00e9 de l\u2019Universit\u00e9 McGill<\/span><\/p>\n<p style=\"padding-left: 30px;\"><a title=\"Morais, Jos\u00e9\" href=\"\/{localLink:10561}\">Jos\u00e9 Morais<\/a>, MD &#8212;\u00a0<span style=\"line-height: 1.5em; background-color: transparent;\">Institut de recherche du Centre de sant\u00e9 de l\u2019Universit\u00e9 McGill<\/span><\/p>\n<p><strong><strong><a title=\"FRA2015-B-22 Hirsch\" href=\"\/{localLink:10083}\">La chirurgie cardiaque chez les personnes \u00e2g\u00e9es et fragilis\u00e9es et la prise de d\u00e9cision optimale<\/a><\/strong>\u00a0(FRA 2015-B-22)<\/strong><\/p>\n<p style=\"padding-left: 30px;\">Chercheur principal\u00a0:<\/p>\n<p style=\"padding-left: 30px;\"><a title=\"Hirsch, Greg\" href=\"\/{localLink:10525}\">Greg Hirsch<\/a>, MD &#8212;\u00a0R\u00e9gie des soins de sant\u00e9 de la Nouvelle-\u00c9cosse<\/p>\n<p><strong><strong><a title=\"KS2013-01 Ouchterlony\" href=\"\/{localLink:10099}\">\u00c9valuation des mesures de la qualit\u00e9 de vie des a\u00een\u00e9s ayant surv\u00e9cu \u00e0 un traumatisme c\u00e9r\u00e9bral : un examen syst\u00e9mique<\/a><\/strong>\u00a0(KS 2013-01)<\/strong><\/p>\n<p style=\"padding-left: 30px;\">Chercheuse principale :<\/p>\n<p style=\"padding-left: 30px;\"><a title=\"Ouchterlony, Donna\" href=\"\/{localLink:10567}\">Donna Ouchterlony<\/a>, MD, FCFP &#8212;\u00a0H\u00f4pital St. Michael\u2019s<\/p>\n<p><strong><strong><a title=\"KS2013-13 Baptiste\" href=\"\/{localLink:10127}\">Examen de la port\u00e9e d\u00e9terminant le r\u00f4le pr\u00e9sent et futur de l\u2019ergoth\u00e9rapie dans les unit\u00e9s de soins intensifs<\/a><\/strong>\u00a0(KS 2013-13)<\/strong><\/p>\n<p style=\"padding-left: 30px;\">Chercheurs principaux :<\/p>\n<p style=\"padding-left: 30px;\"><a title=\"Baptiste, Susan\" href=\"\/{localLink:10475}\">Susan Baptiste<\/a>, MSc, OT(C) &#8212;\u00a0Universit\u00e9 McMaster<\/p>\n<p style=\"padding-left: 30px;\"><a title=\"Kho, Michelle\" href=\"\/{localLink:10535}\">Michelle Kho<\/a>, PhD, PT &#8212;\u00a0Universit\u00e9 McMaster<\/p>\n<p><strong><a title=\"SDG2013-01 Muscedere\" href=\"\/{localLink:10148}\">Priorit\u00e9s en mati\u00e8re de recherche et r\u00e9sultats dans les \u00e9tudes en soins intensifs<\/a> (SDG 2013-01)<\/strong><\/p>\n<p style=\"padding-left: 30px;\">Chercheur principal :<\/p>\n<p style=\"padding-left: 30px;\"><a title=\"Muscedere, John\" href=\"\/{localLink:10564}\">John Muscedere<\/a>, MD, FRCPC &#8212; Universit\u00e9 Queen\u2019s<\/p>\n","protected":false},"excerpt":{"rendered":"<p>Chef de la recherche : Paul H\u00e9bert, MD &#8212; Centre de recherche du Centre Hospitalier de l\u2019universit\u00e9 de Montr\u00e9al\u00a0(CHUM) Essai PROSPECT : Des probiotiques pour pr\u00e9venir la pneumonie grave et la colonisation de la trach\u00e9e\u00a0(TG 2015-20-P) Chercheuse principale : Deborah Cook, MD, MSc (Epid), FRCPC,\u00a0DABIM, CCM, CAHS, FRS \u00a0&#8212; Universit\u00e9 McMaster Protocole de soins en&#8230;<\/p>\n","protected":false},"author":1,"featured_media":0,"parent":2868,"menu_order":3,"comment_status":"closed","ping_status":"open","template":"","meta":{"_acf_changed":false,"footnotes":""},"acf":[],"_links":{"self":[{"href":"https:\/\/www.cfn-nce.ca\/fr\/wp-json\/wp\/v2\/pages\/2871"}],"collection":[{"href":"https:\/\/www.cfn-nce.ca\/fr\/wp-json\/wp\/v2\/pages"}],"about":[{"href":"https:\/\/www.cfn-nce.ca\/fr\/wp-json\/wp\/v2\/types\/page"}],"author":[{"embeddable":true,"href":"https:\/\/www.cfn-nce.ca\/fr\/wp-json\/wp\/v2\/users\/1"}],"replies":[{"embeddable":true,"href":"https:\/\/www.cfn-nce.ca\/fr\/wp-json\/wp\/v2\/comments?post=2871"}],"version-history":[{"count":3,"href":"https:\/\/www.cfn-nce.ca\/fr\/wp-json\/wp\/v2\/pages\/2871\/revisions"}],"predecessor-version":[{"id":11968,"href":"https:\/\/www.cfn-nce.ca\/fr\/wp-json\/wp\/v2\/pages\/2871\/revisions\/11968"}],"up":[{"embeddable":true,"href":"https:\/\/www.cfn-nce.ca\/fr\/wp-json\/wp\/v2\/pages\/2868"}],"wp:attachment":[{"href":"https:\/\/www.cfn-nce.ca\/fr\/wp-json\/wp\/v2\/media?parent=2871"}],"curies":[{"name":"wp","href":"https:\/\/api.w.org\/{rel}","templated":true}]}}