{"id":2872,"date":"2018-09-25T09:56:06","date_gmt":"2018-09-25T13:56:06","guid":{"rendered":"http:\/\/www.cfn-nce.ca\/research\/our-research\/our-portfolio-by-theme\/our-portfolio-by-themeoptimization-of-community-and-residential-care\/"},"modified":"2020-03-30T12:19:56","modified_gmt":"2020-03-30T16:19:56","slug":"optimization-of-community-and-residential-care","status":"publish","type":"page","link":"https:\/\/www.cfn-nce.ca\/fr\/improving-evidence-through-research-and-kt\/nos-travaux-de-recherche-et-dapplication-des-connaissances\/our-portfolio-by-theme\/optimization-of-community-and-residential-care\/","title":{"rendered":"L\u2019optimisation des soins communautaires et r\u00e9sidentiels"},"content":{"rendered":"<table border=\"0\" align=\"left\">\n<tbody>\n<tr>\n<td><img loading=\"lazy\" decoding=\"async\" src=\"https:\/\/www.cfn-nce.ca\/wp-content\/uploads\/2018\/09\/heckman-george.jpg\" alt=\"George Heckman\" width=\"87\" height=\"130\" \/><\/td>\n<td align=\"center\" valign=\"middle\"><strong><strong>Chef de la recherche <\/strong>:<\/strong><\/p>\n<p><strong><a title=\"Heckman, George\" href=\"\/{localLink:10521}\">George Heckman, MD, MSc, FRCP(C) &#8212; Universit\u00e9 de Waterloo<\/a>\u00a0 \u00a0<\/strong><\/td>\n<\/tr>\n<\/tbody>\n<\/table>\n<p><strong><a title=\"CAT2014-CP Pesut\" href=\"\/{localLink:9971}\">Faisabilit\u00e9 d\u2019un partenariat entre fournisseurs de soins de sant\u00e9 et b\u00e9n\u00e9voles pour disposer d\u2019intervenants-pivots en vue de soutenir les a\u00een\u00e9s fragilis\u00e9s qui habitent dans les r\u00e9gions rurales<\/a> (CAT 2014-CP)<\/strong><\/p>\n<p style=\"padding-left: 30px;\">Chercheuses principales :<\/p>\n<p style=\"padding-left: 30px;\"><a title=\"Pesut, Barbara\" href=\"\/{localLink:10570}\">Barbara Pesut<\/a>, PhD, RN &#8212;\u00a0Universit\u00e9 de la Colombie-Britannique<\/p>\n<p style=\"padding-left: 30px;\"><a title=\"Duggleby, Wendy\" href=\"\/{localLink:10501}\">Wendy Duggleby<\/a>, PhD, RN, AOCN &#8212;\u00a0Universit\u00e9 de l\u2019Alberta<\/p>\n<p><strong><strong><a title=\"CAT2015-25 Siu\" href=\"\/{localLink:9990}\">\u00c9tude sur les piluliers \u00e9lectroniques : optimiser et s\u00e9curiser la prise de m\u00e9dicaments pour les a\u00een\u00e9s en milieu communautaire<\/a><\/strong>\u00a0(CAT 2015-25)<\/strong><\/p>\n<p style=\"padding-left: 30px;\">Chercheurs principaux :<\/p>\n<p style=\"padding-left: 30px;\"><a title=\"Siu, Henry\" href=\"\/{localLink:10589}\">Henry Siu<\/a>, MD, MSc, CCFP &#8212;\u00a0Universit\u00e9 McMaster<\/p>\n<p style=\"padding-left: 30px;\"><a title=\"Chan, David\" href=\"\/{localLink:10488}\">David Chan<\/a>, MD, CCFP, MSc, FCFP &#8212;\u00a0Universit\u00e9 McMaster<\/p>\n<p><strong><strong><a title=\"FRA2015-A-03 Ouellette-Kuntz\" href=\"\/{localLink:10049}\">Une mesure de la fragilisation des personnes recevant des soins destin\u00e9s aux a\u00een\u00e9s et pr\u00e9sentant une d\u00e9ficience intellectuelle ou d\u00e9veloppementale<\/a><\/strong>\u00a0(FRA 2015-A-03)<\/strong><\/p>\n<p style=\"padding-left: 30px;\">Chercheuse principale\u00a0:<\/p>\n<p style=\"padding-left: 30px;\"><a title=\"Ouellette-Kuntz, H\u00e9l\u00e8ne\" href=\"\/{localLink:10568}\">H\u00e9l\u00e8ne\u00a0Ouellette-Kuntz<\/a>, PhD &#8212;\u00a0Universit\u00e9 Queen\u2019s<\/p>\n<p><strong><strong><a title=\"FRA2015-A-04 Mallery\" href=\"\/{localLink:10055}\">Lignes directrices sur l\u2019utilisation d\u2019antid\u00e9presseurs par les personnes \u00e0 l\u2019\u00e9tat de fragilit\u00e9 avanc\u00e9e qui vivent dans un \u00e9tablissement de soins de longue dur\u00e9e<\/a><\/strong>\u00a0(FRA 2015-A-04)<\/strong><\/p>\n<p style=\"padding-left: 30px;\">Chercheuses principales :<\/p>\n<p style=\"padding-left: 30px;\"><a title=\"Mallery, Laurie\" href=\"\/{localLink:10548}\">Laurie Mallery<\/a>, MD &#8212;\u00a0Universit\u00e9 Dalhousie<\/p>\n<p style=\"padding-left: 30px;\"><a title=\"LeBlanc, Constance\" href=\"\/{localLink:10543}\">Constance LeBlanc<\/a>, DSS, MD, CCFP, FCFP, MAEd &#8212;\u00a0Universit\u00e9 Dalhousie<\/p>\n<p><strong><strong><a title=\"FRA2015-A-07 Puts\" href=\"\/{localLink:10061}\">Interventions visant \u00e0 pr\u00e9venir et \u00e0 traiter la fragilisation des personnes \u00e2g\u00e9es vivant dans la collectivit\u00e9 : Un examen contextuel de la documentation et des politiques internationales<\/a><\/strong>\u00a0(FRA 2015-A-07)<\/strong><\/p>\n<p style=\"padding-left: 30px;\">Chercheuses principales :<\/p>\n<p style=\"padding-left: 30px;\"><a title=\"Puts, Martine\" href=\"\/{localLink:10572}\">Martine Puts<\/a>, RN, PhD &#8212;\u00a0Universit\u00e9 de Toronto<\/p>\n<p style=\"padding-left: 30px;\"><a title=\"McGilton, Katherine\" href=\"\/{localLink:10556}\">Katherine McGilton<\/a>, RN, PhD &#8212;\u00a0Universit\u00e9 de Toronto<\/p>\n<p><strong><strong><a title=\"FRA2015-B-07 Sheets\" href=\"\/{localLink:10069}\">Mod\u00e9liser l\u2019\u00e9volution de l\u2019\u00e9tat de sant\u00e9 pour pr\u00e9voir les besoins et guider la planification des soins \u00e0 domicile<\/a><\/strong>\u00a0(FRA 2015-B-07)<\/strong><\/p>\n<p style=\"padding-left: 30px;\">Chercheurs principaux :<\/p>\n<p style=\"padding-left: 30px;\"><a title=\"Sheets, Debra\" href=\"\/{localLink:10582}\">Debra Sheets<\/a>, PhD, MSN, RN, FAAN &#8212;\u00a0Universit\u00e9 de Victoria<\/p>\n<p style=\"padding-left: 30px;\"><a title=\"MacDonald, Stuart\" href=\"\/{localLink:10547}\">Stuart MacDonald<\/a>, PhD &#8212;\u00a0Universit\u00e9 de Victoria<\/p>\n<p><strong>Technologie Jintronix pour pr\u00e9venir le d\u00e9clin fonctionnel chez les a\u00een\u00e9s fragilis\u00e9s ou non qui consultent les services d\u2019urgence (FRA 2015-B-14)<\/strong><\/p>\n<p style=\"padding-left: 30px;\">Chercheurs principaux :<\/p>\n<p style=\"padding-left: 30px;\"><a title=\"Sirois, Marie-Jos\u00e9e\" href=\"\/{localLink:10588}\">Marie-Jos\u00e9e Sirois<\/a>, OT, PhD &#8212; Universit\u00e9 Laval\/CHU de Qu\u00e9bec<\/p>\n<p style=\"padding-left: 30px;\"><a title=\"Aubertin-Leheudre, Myl\u00e8ne\" href=\"\/{localLink:10472}\">Myl\u00e8ne Aubertin-Leheudre<\/a>, PhD &#8212; Universit\u00e9 du Qu\u00e9bec \u00e0 Montr\u00e9al<\/p>\n<p style=\"padding-left: 30px;\"><a title=\"Daoust, Raoul\" href=\"\/{localLink:10496}\">Raoul Daoust<\/a>, MD, CSPQ, MSc &#8212; H\u00f4pital du Sacr\u00e9-Coeur de Montr\u00e9al<\/p>\n<p style=\"padding-left: 30px;\"><a title=\"\u00c9mond, Marcel\" href=\"\/{localLink:10504}\">Marcel\u00a0\u00c9mond<\/a>, MD, MSc &#8212; Universit\u00e9 Laval<\/p>\n<p><strong><strong><a title=\"FRA2015-B-17 Moorhouse\" href=\"\/{localLink:10078}\">Mise sur pied d\u2019un \u00ab portail de la fragilisation \u00bb en soins primaires communautaires : \u00c9valuation de la faisabilit\u00e9, des r\u00e9percussions et de la n\u00e9cessit\u00e9 d\u2019expansion<\/a><\/strong>\u00a0(FRA 2015-B-17)<\/strong><\/p>\n<p style=\"padding-left: 30px;\">Chercheurs principaux :<\/p>\n<p style=\"padding-left: 30px;\"><a title=\"Moorhouse, Paige\" href=\"\/{localLink:10560}\">Paige Moorhouse<\/a>, MD, MPH, FRCPC &#8212;\u00a0R\u00e9gie des soins de sant\u00e9 de la Nouvelle-\u00c9cosse<\/p>\n<p style=\"padding-left: 30px;\"><a title=\"Burge, Fred\" href=\"\/{localLink:10485}\">Fred Burge<\/a>, MD, MSc, FCFP &#8212;\u00a0Universit\u00e9 Dalhousie<\/p>\n<p style=\"padding-left: 30px;\"><a title=\"Sampalli, Tara\" href=\"\/{localLink:10580}\">Tara Sampalli<\/a>, PhD, MASc &#8212;\u00a0R\u00e9gie des soins de sant\u00e9 de la Nouvelle-\u00c9cosse<\/p>\n<p><strong><strong><a title=\"HTIG2014-17 Chan\" href=\"\/{localLink:10093}\">\u00c9tude sur les piluliers \u00e9lectroniques : optimiser et s\u00e9curiser la prise de m\u00e9dicaments pour les a\u00een\u00e9s en milieu communautaire<\/a><\/strong>\u00a0(HTIG 2014-17)<\/strong><\/p>\n<p style=\"padding-left: 30px;\">Chercheurs principaux :<\/p>\n<p style=\"padding-left: 30px;\"><a title=\"Chan, David\" href=\"\/{localLink:10488}\">David Chan<\/a>, MD, CCFP, MSc, FCFP &#8212;\u00a0Universit\u00e9 McMaster<\/p>\n<p style=\"padding-left: 30px;\"><a title=\"Colwill, Kiska\" href=\"\/{localLink:10491}\">Kiska Colwill<\/a>, BScPharm &#8212;\u00a0Sciences de la sant\u00e9 de Hamilton<\/p>\n<p style=\"padding-left: 30px;\"><a title=\"Howard, Michelle\" href=\"\/{localLink:10526}\">Michelle Howard<\/a>, PhD, MSc, BA &#8212;\u00a0Universit\u00e9 McMaster<\/p>\n<p style=\"padding-left: 30px;\"><a title=\"Mangin, Dee\" href=\"\/{localLink:10549}\">Dee Mangin<\/a>, MBChB, DPH, FRNZCGP &#8212;\u00a0Universit\u00e9 McMaster<\/p>\n<p style=\"padding-left: 30px;\"><a title=\"Price, David\" href=\"\/{localLink:10571}\">David Price<\/a>, BSc, MD, CCFP, FCFP &#8212;\u00a0Universit\u00e9 McMaster<\/p>\n<p style=\"padding-left: 30px;\"><a title=\"Siu, Henry\" href=\"\/{localLink:10589}\">Henry Siu<\/a>, MSc, MD, CCFP &#8212;\u00a0Universit\u00e9 McMaster<\/p>\n<p><strong><a title=\"SIG2014-M1 Morris\" href=\"\/{localLink:10159}\">Le projet \u00ab FRAMING-LTC \u00bb : une m\u00e9dication appropri\u00e9e pour les gens fragilis\u00e9s en g\u00e9riatrie et en soins de longue dur\u00e9e<\/a> (SIG 2014-M1)<\/strong><\/p>\n<p style=\"padding-left: 30px;\">Chercheurs principaux :<\/p>\n<p style=\"padding-left: 30px;\"><a title=\"Morris, Andrew\" href=\"\/{localLink:10562}\">Andrew Morris<\/a>, MD, SM, FRCP(C) &#8212;\u00a0H\u00f4pital Mount Sina\u00ef<\/p>\n<p style=\"padding-left: 30px;\"><a title=\"Bell, Chaim\" href=\"\/{localLink:10480}\">Chaim Bell<\/a>, MD, PhD &#8212;\u00a0H\u00f4pital Mount Sina\u00ef<\/p>\n<p style=\"padding-left: 30px;\"><span style=\"line-height: 1.5em; background-color: transparent;\"><a title=\"Bronskill, Susan\" href=\"\/{localLink:10483}\">Susan Bronskill<\/a>, PhD &#8212;\u00a0Institut de recherche en services de sant\u00e9<\/span><\/p>\n<p style=\"padding-left: 30px;\"><span style=\"line-height: 1.5em; background-color: transparent;\"><a title=\"Jeffs, Lianne\" href=\"\/{localLink:10529}\">Lianne Jeffs<\/a>, MScN, PhD &#8212;\u00a0H\u00f4pital St. Michael\u2019s<\/span><\/p>\n<p style=\"padding-left: 30px;\"><span style=\"line-height: 1.5em; background-color: transparent;\"><a title=\"Maxwell, Colleen\" href=\"\/{localLink:10551}\">Colleen Maxwell<\/a>, BSc, MA, PhD &#8212;\u00a0Universit\u00e9 de Waterloo<\/span><\/p>\n<p><strong><strong><a title=\"CAT2013-08 Nejat\" href=\"\/{localLink:9932}\">\u00c9tudes sur l\u2019utilisation de robots d\u2019assistance par des personnes \u00e2g\u00e9es vivant dans des maisons de soins de longue dur\u00e9e<\/a><\/strong>\u00a0(CAT 2013-08)<\/strong><\/p>\n<p style=\"padding-left: 30px;\">Chercheuse principale\u00a0:<\/p>\n<p style=\"padding-left: 30px;\"><a title=\"Nejat, Goldie\" href=\"\/{localLink:10565}\">Goldie Nejat<\/a>, PhD, PEng &#8212;\u00a0Universit\u00e9 de Toronto<\/p>\n<p><strong><strong><a title=\"CAT2013-47 Boscart\" href=\"\/{localLink:9950}\">Am\u00e9liorer les r\u00e9sultats pour les a\u00een\u00e9s fragiles : les effets sur les soins de longue dur\u00e9e du personnel ayant suivi le programme ASILA<\/a><\/strong>\u00a0(CAT 2013-47)<\/strong><\/p>\n<p style=\"padding-left: 30px;\">Chercheurs principaux\u00a0:<\/p>\n<p style=\"padding-left: 30px;\"><a title=\"Boscart, Veronique\" href=\"\/{localLink:10482}\">Veronique Boscart<\/a>, PhD, MEd, MScN, RN &#8212;\u00a0Institut de technologie et de formation avanc\u00e9e du Coll\u00e8ge Conestoga<\/p>\n<p style=\"padding-left: 30px;\"><a title=\"Heckman, George\" href=\"\/{localLink:10521}\">George Heckman<\/a>, MD, MSc, FRCPC &#8212; Universit\u00e9\u00a0de Waterloo<\/p>\n<p><strong><a title=\"CAT2014-02 McIlroy\" href=\"\/{localLink:9954}\">De nouvelles technologies pour optimiser l\u2019\u00e9valuation de la mobilit\u00e9, de l\u2019activit\u00e9 et de la sant\u00e9 chez les personnes \u00e2g\u00e9es et fragilis\u00e9es<\/a> (CAT 2014-02)<\/strong><\/p>\n<p style=\"padding-left: 30px;\">Chercheurs principaux :<\/p>\n<p style=\"padding-left: 30px;\"><a title=\"McIlroy, William\" href=\"\/{localLink:10557}\">William McIlroy<\/a>, PhD &#8212;\u00a0Universit\u00e9 de Waterloo<\/p>\n<p style=\"padding-left: 30px;\"><a title=\"Cowan, Don\" href=\"\/{localLink:10494}\">Don Cowan<\/a>, PhD, BASc, MSc &#8212;\u00a0Universit\u00e9 de Waterloo<\/p>\n<p><strong><strong><a title=\"CAT2015-02 Suter\" href=\"\/{localLink:9978}\">Technologie int\u00e9gr\u00e9e de la nouvelle \u00e9conomie : Les soins aux a\u00een\u00e9s du XXIe si\u00e8cle<\/a><\/strong>\u00a0(CAT 2015-02)<\/strong><\/p>\n<p style=\"padding-left: 30px;\">Chercheuse principale\u00a0:<\/p>\n<p style=\"padding-left: 30px;\"><a title=\"Suter, Esther\" href=\"\/{localLink:10596}\">Esther Suter<\/a>, PhD &#8212;\u00a0Universit\u00e9 de Calgary<\/p>\n<p><strong><strong><a title=\"CAT2015-12 Baumbusch\" href=\"\/{localLink:9983}\">Appui, \u00e9ducation, r\u00e9seautage et engagement soutenu : Passons du savoir \u00e0 l\u2019action aupr\u00e8s des familles de personnes \u00e2g\u00e9es et fragilis\u00e9es qui vivent dans un \u00e9tablissement de soins de longue dur\u00e9e<\/a><\/strong>\u00a0(CAT 2015-12)<\/strong><\/p>\n<p style=\"padding-left: 30px;\">Chercheuse principale\u00a0:<\/p>\n<p style=\"padding-left: 30px;\"><a title=\"Baumbusch, Jennifer\" href=\"\/{localLink:10478}\">Jennifer Baumbusch<\/a>, RN, PhD, MSN, BSN &#8212;\u00a0Universit\u00e9 de la Colombie-Britannique<\/p>\n<p><strong><strong><a title=\"CAT2015-19 Tang\" href=\"\/{localLink:9987}\">Un brin de pr\u00e9vention : Un entra\u00eenement contre r\u00e9sistance intensif destin\u00e9 \u00e0 optimiser la sant\u00e9 des personnes \u00e2g\u00e9es avant qu\u2019elles ne deviennent fragilis\u00e9es<\/a><\/strong>\u00a0(CAT 2015-19)<\/strong><\/p>\n<p style=\"padding-left: 30px;\">Chercheurs principaux :<\/p>\n<p style=\"padding-left: 30px;\"><a title=\"Tang, Ada\" href=\"\/{localLink:10597}\">Ada Tang<\/a>, PT, PhD &#8212;\u00a0Universit\u00e9 McMaster<\/p>\n<p style=\"padding-left: 30px;\"><a title=\"Gordon, Christopher\" href=\"\/{localLink:10517}\">Christopher Gordon<\/a>, PhD &#8212;\u00a0Universit\u00e9 McMaster<\/p>\n<p style=\"padding-left: 30px;\"><a title=\"Xie, Feng\" href=\"\/{localLink:10605}\">Feng Xie<\/a>, PhD, MSc &#8212;\u00a0Universit\u00e9 McMaster<\/p>\n<p><strong><strong><a title=\"CAT2015-40 Grinman\" href=\"\/{localLink:10000}\">Outil \u00e9lectronique de triage anticip\u00e9 des patients en \u00e9tablissement de soins prolong\u00e9s pour les foyers de soins de longue dur\u00e9e<\/a><\/strong>\u00a0(CAT 2015-40)<\/strong><\/p>\n<p style=\"padding-left: 30px;\">Chercheuses principales :<\/p>\n<p style=\"padding-left: 30px;\"><a title=\"Grinman, Michelle\" href=\"\/{localLink:10518}\">Michelle\u00a0Grinman<\/a>, MD, FRCPC, MPH &#8212;\u00a0Universit\u00e9 de Calgary<\/p>\n<p style=\"padding-left: 30px;\"><a title=\"Cummings, Greta\" href=\"\/{localLink:10495}\">Greta Cummings<\/a>, RN, PhD, FCAHS, FAAN &#8212;\u00a0Universit\u00e9 de l\u2019Alberta<\/p>\n<p><strong><a title=\"CAT2015-TG1 Forchuk\" href=\"\/{localLink:10002}\">TELEPROM-G : \u00c9tude visant \u00e0 \u00e9valuer l\u2019acc\u00e8s des services de t\u00e9l\u00e9m\u00e9decine \u00e0 domicile et leur prestation aux personnes \u00e2g\u00e9es<\/a> (CAT 2015-TG1)<\/strong><\/p>\n<p style=\"padding-left: 30px;\">Chercheuse principale\u00a0:<\/p>\n<p style=\"padding-left: 30px;\"><a title=\"Forchuk, Cheryl\" href=\"\/{localLink:10508}\">Cheryl Forchuk<\/a>, PhD, RN &#8212; Lawson Health Research Institute<\/p>\n<p><strong><strong><a title=\"CORE2013-01 Stajduhar\" href=\"\/{localLink:10034}\">\u00c9valuation des besoins en soutien des aidants naturels de patients recevant des soins palliatifs \u00e0 la maison<\/a><\/strong>\u00a0(CORE 2013-01)<\/strong><\/p>\n<p style=\"padding-left: 30px;\">Chercheurs principaux :<\/p>\n<p style=\"padding-left: 30px;\"><a title=\"Stajduhar, Kelli\" href=\"\/{localLink:10592}\">Kelli Stajduhar<\/a>,\u00a0PhD, MSN, BN, RN &#8212;\u00a0Universit\u00e9 de Victoria<\/p>\n<p style=\"padding-left: 30px;\"><a title=\"Sawatzky, Richard\" href=\"\/{localLink:10581}\">Richard Sawatzky<\/a>, PhD, MSc, BSc, RN &#8212;\u00a0<span style=\"line-height: 1.5em; background-color: transparent;\">Universit\u00e9 Trinity Western<\/span><\/p>\n<p><strong><strong><a title=\"FRA2015-B-05 Vaccarino\" href=\"\/{localLink:10067}\">Ajouter l\u2019aspect de la fragilisation dans l\u2019outil LOCUS pour les a\u00een\u00e9s parmi les patients en psychiatrie m\u00e9dicale<\/a><\/strong>\u00a0(FRA2015-B-05)<\/strong><\/p>\n<p style=\"padding-left: 30px;\">Chercheurs principaux :<\/p>\n<p style=\"padding-left: 30px;\"><a title=\"Vaccarino, Cara\" href=\"\/{localLink:10602}\">Cara Vaccarino<\/a>,\u00a0MSW, MHA &#8212; Trillium Health Partners<\/p>\n<p style=\"padding-left: 30px;\"><a title=\"Geist, Rose\" href=\"\/{localLink:10513}\">Rose Geist<\/a>, MD, FRCPC &#8212; Trillium Health Partners<\/p>\n<p style=\"padding-left: 30px;\"><a title=\"Mulsant, Benoit\" href=\"\/{localLink:10563}\">Benoit Mulsant<\/a>, MD, FRCPC &#8212; Trillium Health Partners<\/p>\n<p><strong><strong><a title=\"HTIG2014-07 Dutta\" href=\"\/{localLink:10085}\">Un produit novateur permettant de d\u00e9placer une toilette pour faciliter son acc\u00e8s aux personnes \u00e2g\u00e9es et fragilis\u00e9es \u00e0 la maison<\/a><\/strong>\u00a0(HTIG 2014-07)<\/strong><\/p>\n<p style=\"padding-left: 30px;\">Chercheurs principaux :<\/p>\n<p style=\"padding-left: 30px;\"><a title=\"Dutta, Tilak\" href=\"\/{localLink:10503}\">Tilak Dutta<\/a>, PhD, PEng &#8212;\u00a0<span style=\"line-height: 1.5em; background-color: transparent;\">R\u00e9seau de sant\u00e9 universitaire (Institut de r\u00e9adaptation de Toronto)<\/span><\/p>\n<p style=\"padding-left: 30px;\"><a title=\"Fernie, Geoff\" href=\"\/{localLink:10507}\">Geoff Fernie<\/a>, PhD, PEng &#8212;\u00a0<span style=\"line-height: 1.5em; background-color: transparent;\">R\u00e9seau de sant\u00e9 universitaire (Institut de r\u00e9adaptation de Toronto)<\/span><\/p>\n<p><strong><strong><a title=\"HTIG2014-11 Dutta\" href=\"\/{localLink:10092}\">Syst\u00e8me de veste portable visant \u00e0 am\u00e9liorer la posture des aidants naturels<\/a><\/strong>\u00a0(HTIG 2014-11)<\/strong><\/p>\n<p style=\"padding-left: 30px;\">Chercheur principal\u00a0:<\/p>\n<p style=\"padding-left: 30px;\"><a title=\"Dutta, Tilak\" href=\"\/{localLink:10503}\">Tilak Dutta<\/a>, PhD, PEng &#8212;\u00a0R\u00e9seau de sant\u00e9 universitaire (Institut de r\u00e9adaptation de Toronto)<\/p>\n<p><strong><strong><a title=\"HTIG2014-20 Small\" href=\"\/{localLink:10094}\">Utilisation d\u2019applications en sant\u00e9 mobile (mHealth) pour faciliter les communications avec les a\u00een\u00e9s fragilis\u00e9s dans les \u00e9tablissements de soins de longue dur\u00e9e<\/a><\/strong>\u00a0(HTIG 2014-20)<\/strong><\/p>\n<p style=\"padding-left: 30px;\">Chercheurs principaux :<\/p>\n<p style=\"padding-left: 30px;\"><a title=\"Small, Jeff\" href=\"\/{localLink:10591}\">Jeff Small<\/a>, PhD &#8212;\u00a0Universit\u00e9 de la Colombie-Britannique<\/p>\n<p style=\"padding-left: 30px;\"><a title=\"Mihailidis, Alex\" href=\"\/{localLink:10559}\">Alex Mihailidis<\/a>, PhD, MASc, PEng &#8212;\u00a0Universit\u00e9 de Toronto<\/p>\n<p><strong><strong><a title=\"KS2013-05 McGilton\" href=\"\/{localLink:10105}\">Interventions en mati\u00e8re de r\u00e9adaptation aupr\u00e8s d\u2019a\u00een\u00e9s ayant subi une fracture de la hanche et souffrant d\u2019un d\u00e9ficit cognitif apr\u00e8s leur cong\u00e9 de l\u2019h\u00f4pital<\/a><\/strong>\u00a0(KS 2013-05)<\/strong><\/p>\n<p style=\"padding-left: 30px;\">Chercheuses principales :<\/p>\n<p style=\"padding-left: 30px;\"><a title=\"McGilton, Katherine\" href=\"\/{localLink:10556}\">Katherine McGilton<\/a>, PhD, RN &#8212;\u00a0R\u00e9seau de sant\u00e9 universitaire (Institut de r\u00e9adaptation de Toronto)<\/p>\n<p style=\"padding-left: 30px;\"><a title=\"van Wyk, Paula\" href=\"\/{localLink:10603}\">Paula van Wyk<\/a>, PhD &#8212;\u00a0Universit\u00e9 de Windsor<\/p>\n<p><strong><a title=\"KS2014-07 McDonald\" href=\"\/{localLink:10137}\">Examen contextuel \u2013 Aider les patients, leur famille et leurs aidants naturels \u00e0 prendre une part active dans le r\u00e9seau de soins de sant\u00e9 gr\u00e2ce aux technologies de communication<\/a> (KS 2014-07)<\/strong><\/p>\n<p style=\"padding-left: 30px;\">Chercheuse principale :<\/p>\n<p style=\"padding-left: 30px;\"><a title=\"McDonald, Lynn\" href=\"\/{localLink:10555}\">Lynn McDonald<\/a>, BA, MSW, PhD &#8212;\u00a0Universit\u00e9 de Toronto<\/p>\n<p><strong><a title=\"KS2014-08 Giangregorio\" href=\"\/{localLink:10142}\">Des mod\u00e8les de soins et des indicateurs de la qualit\u00e9 pour la r\u00e9adaptation des a\u00een\u00e9s gravement malades<\/a> (KS 2014-08)<\/strong><\/p>\n<p style=\"padding-left: 30px;\">Chercheuse principale :<\/p>\n<p style=\"padding-left: 30px;\"><a title=\"Giangregorio, Lora\" href=\"\/{localLink:10514}\">Lora Giangregorio<\/a>, PhD &#8212;\u00a0Universit\u00e9 de Waterloo<\/p>\n","protected":false},"excerpt":{"rendered":"<p>Chef de la recherche : George Heckman, MD, MSc, FRCP(C) &#8212; Universit\u00e9 de Waterloo\u00a0 \u00a0 Faisabilit\u00e9 d\u2019un partenariat entre fournisseurs de soins de sant\u00e9 et b\u00e9n\u00e9voles pour disposer d\u2019intervenants-pivots en vue de soutenir les a\u00een\u00e9s fragilis\u00e9s qui habitent dans les r\u00e9gions rurales (CAT 2014-CP) Chercheuses principales : Barbara Pesut, PhD, RN &#8212;\u00a0Universit\u00e9 de la Colombie-Britannique&#8230;<\/p>\n","protected":false},"author":1,"featured_media":0,"parent":2868,"menu_order":3,"comment_status":"closed","ping_status":"open","template":"","meta":{"_acf_changed":false,"footnotes":""},"acf":[],"_links":{"self":[{"href":"https:\/\/www.cfn-nce.ca\/fr\/wp-json\/wp\/v2\/pages\/2872"}],"collection":[{"href":"https:\/\/www.cfn-nce.ca\/fr\/wp-json\/wp\/v2\/pages"}],"about":[{"href":"https:\/\/www.cfn-nce.ca\/fr\/wp-json\/wp\/v2\/types\/page"}],"author":[{"embeddable":true,"href":"https:\/\/www.cfn-nce.ca\/fr\/wp-json\/wp\/v2\/users\/1"}],"replies":[{"embeddable":true,"href":"https:\/\/www.cfn-nce.ca\/fr\/wp-json\/wp\/v2\/comments?post=2872"}],"version-history":[{"count":3,"href":"https:\/\/www.cfn-nce.ca\/fr\/wp-json\/wp\/v2\/pages\/2872\/revisions"}],"predecessor-version":[{"id":11969,"href":"https:\/\/www.cfn-nce.ca\/fr\/wp-json\/wp\/v2\/pages\/2872\/revisions\/11969"}],"up":[{"embeddable":true,"href":"https:\/\/www.cfn-nce.ca\/fr\/wp-json\/wp\/v2\/pages\/2868"}],"wp:attachment":[{"href":"https:\/\/www.cfn-nce.ca\/fr\/wp-json\/wp\/v2\/media?parent=2872"}],"curies":[{"name":"wp","href":"https:\/\/api.w.org\/{rel}","templated":true}]}}