{"id":2873,"date":"2018-09-25T09:56:06","date_gmt":"2018-09-25T13:56:06","guid":{"rendered":"http:\/\/www.cfn-nce.ca\/research\/our-research\/our-portfolio-by-theme\/our-portfolio-by-themeoptimization-of-transitions-of-care\/"},"modified":"2020-03-30T12:20:46","modified_gmt":"2020-03-30T16:20:46","slug":"optimization-of-transitions-of-care","status":"publish","type":"page","link":"https:\/\/www.cfn-nce.ca\/fr\/improving-evidence-through-research-and-kt\/nos-travaux-de-recherche-et-dapplication-des-connaissances\/our-portfolio-by-theme\/optimization-of-transitions-of-care\/","title":{"rendered":"L\u2019optimisation des transitions entre contextes de soins"},"content":{"rendered":"<table border=\"0\" align=\"left\">\n<tbody>\n<tr>\n<td><img decoding=\"async\" src=\"https:\/\/www.cfn-nce.ca\/wp-content\/uploads\/2018\/09\/marilyn_macdonald_thumbnail-2.jpg\" alt=\"Macdonald, Marilyn THUMBNAIL\" \/><\/td>\n<td align=\"center\" valign=\"middle\"><strong><strong>Chef de la recherche<\/strong> :<\/strong><\/p>\n<p><a title=\"MacDonald, Marilyn\" href=\"\/{localLink:10617}\"><strong>Marilyn Macdonald, PhD, MSN, BN &#8212; Universit\u00e9 Dalhousie<\/strong><\/a><\/td>\n<\/tr>\n<\/tbody>\n<\/table>\n<p><strong><strong><a title=\"TG2015-09-P \u00c9mond\" href=\"\/{localLink:10164}\">Relier les services des urgences aux services communautaires pour \u00e9viter les pertes de mobilit\u00e9 des a\u00een\u00e9s fragilis\u00e9s ou en \u00e9tat de pr\u00e9fragilisation<\/a><\/strong>\u00a0(TG 2015-09-P)<\/strong><\/p>\n<p style=\"padding-left: 30px;\">Chercheurs principaux :<\/p>\n<p style=\"padding-left: 30px;\"><a title=\"\u00c9mond, Marcel\" href=\"\/{localLink:10504}\">Marcel\u00a0\u00c9mond<\/a>, MD, MSc &#8212;\u00a0Universit\u00e9 Laval<\/p>\n<p style=\"padding-left: 30px;\"><a title=\"Aubertin-Leheudre, Myl\u00e8ne\" href=\"\/{localLink:10472}\">Myl\u00e8ne Aubertin-Leheudre<\/a>, PhD &#8212;\u00a0Universit\u00e9 du Queb\u00e9c \u00e0 Montreal<\/p>\n<p style=\"padding-left: 30px;\"><a title=\"Bissonnette, Luc\" href=\"\/{localLink:10481}\">Luc Bissonnette<\/a>, PhD &#8212;\u00a0Universit\u00e9 Laval<\/p>\n<p style=\"padding-left: 30px;\"><a title=\"Daoust, Raoul\" href=\"\/{localLink:10496}\">Raoul Daoust<\/a>, MD, CSPQ,\u00a0MSc &#8212;\u00a0H\u00f4pital Sacr\u00e9-Coeur de Montr\u00e9al<\/p>\n<p style=\"padding-left: 30px;\"><a title=\"Lang, Eddy\" href=\"\/{localLink:10540}\">Eddy Lang<\/a>, MD &#8212;\u00a0Universit\u00e9 de Calgary<\/p>\n<p style=\"padding-left: 30px;\"><a title=\"Lee, Jacques\" href=\"\/{localLink:10545}\">Jacques Lee<\/a>, MD, MSc, FRCPC &#8212;\u00a0Institut de recherche Sunnybrook<\/p>\n<p style=\"padding-left: 30px;\"><a title=\"Perry, Jeffrey\" href=\"\/{localLink:10569}\">Jeffrey Perry<\/a>, MD, MSc &#8212;\u00a0Institut de recherche de l&rsquo;H\u00f4pital d&rsquo;Ottawa<\/p>\n<p style=\"padding-left: 30px;\"><a title=\"Rowe, Brian\" href=\"\/{localLink:10579}\">Brian Rowe<\/a>, MD, MSc &#8212;\u00a0Universit\u00e9 de l\u2019Alberta<\/p>\n<p style=\"padding-left: 30px;\"><a title=\"Sirois, Marie-Jos\u00e9e\" href=\"\/{localLink:10588}\">Marie-Jos\u00e9e Sirois<\/a>, OT, PhD &#8212; Universit\u00e9 Laval\/CHU de Qu\u00e9bec<\/p>\n<p><strong><strong><a title=\"TG2015-24-P Stolee\" href=\"\/{localLink:10169}\">Transformer les soins destin\u00e9s aux Canadiens \u00e2g\u00e9s et fragilis\u00e9s<\/a><\/strong>\u00a0(TG 2015-15-P)<\/strong><\/p>\n<p style=\"padding-left: 30px;\">Chercheurs principaux :<\/p>\n<p style=\"padding-left: 30px;\"><a title=\"H\u00e9bert, Paul\" href=\"\/{localLink:10520}\">Paul H\u00e9bert<\/a>, MD &#8212; Centre de recherche du Centre Hospitalier de l\u2019universit\u00e9 de Montr\u00e9al\u00a0(CHUM)<\/p>\n<p style=\"padding-left: 30px;\"><a title=\"Costa, Andrew\" href=\"\/{localLink:10493}\">Andrew Costa<\/a>, PhD &#8212;\u00a0Universit\u00e9 McMaster<\/p>\n<p style=\"padding-left: 30px;\"><a title=\"Garland, Allan\" href=\"\/{localLink:10512}\">Allan Garland<\/a>, MD, MA, BS &#8212;\u00a0Universit\u00e9 du Manitoba<\/p>\n<p style=\"padding-left: 30px;\"><a title=\"Heckman, George\" href=\"\/{localLink:10521}\">George Heckman<\/a>, MD, MSc, FRCP(C) &#8212;\u00a0Universit\u00e9 de Waterloo<\/p>\n<p style=\"padding-left: 30px;\"><a title=\"Hirdes, John\" href=\"\/{localLink:10524}\">John Hirdes<\/a>, PhD &#8212;\u00a0Universit\u00e9 de Waterloo<\/p>\n<p><strong><a title=\"TG2015-24-P Stolee\" href=\"https:\/\/www.cfn-nce.ca\/project\/tg2015-24-p\/\">Transformer les soins destin\u00e9s aux Canadiens \u00e2g\u00e9s et fragilis\u00e9s<\/a> (TG 2015-24-P)<\/strong><\/p>\n<p style=\"padding-left: 30px;\">Chercheurs principaux :<\/p>\n<p style=\"padding-left: 30px;\"><a title=\"Stolee, Paul\" href=\"\/{localLink:10594}\">Paul Stolee<\/a>, PhD &#8212;\u00a0Universit\u00e9 de Waterloo<\/p>\n<p style=\"padding-left: 30px;\"><a title=\"Gigu\u00e8re, Anik\" href=\"\/{localLink:10515}\">Anik Gigu\u00e8re<\/a>, PhD &#8212;\u00a0Universit\u00e9 Laval<\/p>\n<p style=\"padding-left: 30px;\"><a title=\"Rockwood, Kenneth\" href=\"\/{localLink:10577}\">Kenneth Rockwood<\/a>, PhD &#8212;\u00a0R\u00e9gie des soins de sant\u00e9 de la Nouvelle-\u00c9cosse<\/p>\n<p style=\"padding-left: 30px;\"><a title=\"Sims-Gould, Joanie\" href=\"\/{localLink:10584}\">Joanie Sims-Gould<\/a>, PhD &#8212;\u00a0Universit\u00e9 de la Colombie-Britannique<\/p>\n<p style=\"padding-left: 30px;\"><a title=\"Suter, Esther\" href=\"\/{localLink:10596}\">Esther Suter<\/a>, PhD &#8212;\u00a0Universit\u00e9 de Calgary<\/p>\n<p><strong><strong><a title=\"CORE2013-56 L\u00e9gar\u00e9\" href=\"\/{localLink:10046}\">Am\u00e9liorer le processus d\u00e9cisionnel concernant le lieu de prestation des soins pour les a\u00een\u00e9s fragilis\u00e9s et leurs aidants naturels<\/a><\/strong>\u00a0(CORE 2013-56)<\/strong><\/p>\n<p style=\"padding-left: 30px;\">Chercheuse principale\u00a0:<\/p>\n<p style=\"padding-left: 30px;\"><a title=\"L\u00e9gar\u00e9, France\" href=\"\/{localLink:10546}\">France L\u00e9gar\u00e9<\/a>, MD, PhD, CCFP, FCFP &#8212;\u00a0Universit\u00e9 Laval<\/p>\n<p><strong><a title=\"FRA2015-A-06 \u00c9mond\" href=\"\/{localLink:10058}\">Interventions \u00e9clair\u00e9es pour pr\u00e9venir la fragilisation et le d\u00e9clin fonctionnel chez les habitants bless\u00e9s des collectivit\u00e9s apr\u00e8s un passage \u00e0 l\u2019urgence<\/a> (FRA 2015-A-06)<\/strong><\/p>\n<p style=\"padding-left: 30px;\">Chercheurs principaux :<\/p>\n<p style=\"padding-left: 30px;\"><a title=\"\u00c9mond, Marcel\" href=\"\/{localLink:10504}\">Marcel\u00a0\u00c9mond<\/a>, MD, MSc &#8212;\u00a0Universit\u00e9 Laval<\/p>\n<p style=\"padding-left: 30px;\"><a title=\"Sirois, Marie-Jos\u00e9e\" href=\"\/{localLink:10588}\">Marie-Jos\u00e9e Sirois<\/a>, OT, PhD &#8212; Universit\u00e9 Laval\/CHU de Qu\u00e9bec<\/p>\n<p><strong><strong><a title=\"FRA2015-B-19 Stolee\" href=\"\/{localLink:10080}\">Mise en \u0153uvre d\u2019un outil de d\u00e9pistage du risque chez les a\u00een\u00e9s fragilis\u00e9s qui re\u00e7oivent des soins primaires<\/a><\/strong>\u00a0(FRA 2015-B-19)<\/strong><\/p>\n<p style=\"padding-left: 30px;\">Chercheurs principaux :<\/p>\n<p style=\"padding-left: 30px;\"><a title=\"Stolee, Paul\" href=\"\/{localLink:10594}\">Paul Stolee<\/a>, PhD, MSc, MPA, BA\u00a0&#8212; University of Waterloo<\/p>\n<p style=\"padding-left: 30px;\"><a title=\"Heckman, George\" href=\"\/{localLink:10521}\">George Heckman<\/a>, MD, MSc, FRCPC\u00a0&#8212; University of Waterloo<\/p>\n<p><strong><strong><a title=\"KS2013-08 Stolee\" href=\"\/{localLink:10114}\">Projet de synth\u00e8se des connaissances &#8211; \u00ab Le choix : Choisir les options de soins de sant\u00e9 en faisant participer les a\u00een\u00e9s canadiens \u00bb<\/a><\/strong>\u00a0(KS 2013-08)<\/strong><\/p>\n<p style=\"padding-left: 30px;\">Chercheur principal\u00a0:<\/p>\n<p style=\"padding-left: 30px;\"><a title=\"Stolee, Paul\" href=\"\/{localLink:10594}\">Paul Stolee<\/a>, PhD, MSc, MPA, BA &#8212;\u00a0Universit\u00e9 de Waterloo<\/p>\n<p><strong><strong><a title=\"CAT2013-43 Cummings\" href=\"\/{localLink:9945}\">\u00c9laboration et mise \u00e0 l\u2019essai d\u2019un formulaire type destin\u00e9 \u00e0 am\u00e9liorer la communication\u00a0lors du transfert des pensionnaires des maisons de soins infirmiers<\/a><\/strong>\u00a0(CAT 2013-43)<\/strong><\/p>\n<p style=\"padding-left: 30px;\">Chercheuse principale\u00a0:<\/p>\n<p style=\"padding-left: 30px;\"><a title=\"Cummings, Greta\" href=\"\/{localLink:10495}\">Greta Cummings<\/a>, PhD, RN, FCAHS &#8212;\u00a0Universit\u00e9 de l\u2019Alberta<\/p>\n<p><strong><strong><a title=\"CAT2015-22 Stolee\" href=\"\/{localLink:9989}\">Conclusion de partenariats patient-fournisseur de soins \u00e0 l\u2019\u00e9chelle du syst\u00e8me<\/a><\/strong>\u00a0(CAT 2015-22)<\/strong><\/p>\n<p style=\"padding-left: 30px;\">Chercheur principal\u00a0:<\/p>\n<p style=\"padding-left: 30px;\"><a title=\"Stolee, Paul\" href=\"\/{localLink:10594}\">Paul Stolee<\/a>, PhD, MSc, MPA, BA &#8212;\u00a0Universit\u00e9 de Waterloo<\/p>\n<p><strong><strong><a title=\"CAT2015-06 Stelfox\" href=\"\/{localLink:9982}\">Refonte du processus d\u00e9cisionnel concernant la sortie des patients \u00e2g\u00e9s de l\u2019unit\u00e9 des soins intensifs : \u00c9valuation pr\u00e9clinique d\u2019une trousse d\u2019outils<\/a><\/strong>\u00a0(CAT 2015-06)<\/strong><\/p>\n<p style=\"padding-left: 30px;\">Chercheurs principaux :<\/p>\n<p style=\"padding-left: 30px;\"><a title=\"Stelfox, Henry\" href=\"\/{localLink:10593}\">Henry Stelfox<\/a>, MD, PhD, FRCPC &#8212;\u00a0Universit\u00e9 de Calgary<\/p>\n<p style=\"padding-left: 30px;\"><a title=\"Bagshaw, Sean\" href=\"\/{localLink:10473}\">Sean Bagshaw<\/a>,\u00a0MD, MSc, FRCPC &#8212;\u00a0Universit\u00e9 de l\u2019Alberta<\/p>\n<p><strong><strong><a title=\"HTIG2014-21 Fels\" href=\"\/{localLink:10096}\">Tecla Shield 3.0<\/a><\/strong>\u00a0(HTIG 2014-21)<\/strong><\/p>\n<p style=\"padding-left: 30px;\">Chercheuse principale\u00a0:<\/p>\n<p style=\"padding-left: 30px;\"><a title=\"Fels, Deborah\" href=\"\/{localLink:10506}\">Deborah Fels<\/a>, PhD, PEng &#8212;\u00a0Universit\u00e9 Ryerson<\/p>\n<p><strong><strong><a title=\"KS2013-07 Jaglal\" href=\"\/{localLink:10111}\">Indicateurs de qualit\u00e9 des soins donn\u00e9s aux patients ayant subi une fracture de la hanche : Examen de la port\u00e9e<\/a><\/strong>\u00a0(KS 2013-07)<\/strong><\/p>\n<p style=\"padding-left: 30px;\">Chercheuse principale\u00a0:<\/p>\n<p style=\"padding-left: 30px;\"><a title=\"Jaglal, Susan\" href=\"\/{localLink:10527}\">Susan Jaglal<\/a>, PhD, MSc, BSc &#8212;\u00a0Universit\u00e9 de Toronto<\/p>\n","protected":false},"excerpt":{"rendered":"<p>Chef de la recherche : Marilyn Macdonald, PhD, MSN, BN &#8212; Universit\u00e9 Dalhousie Relier les services des urgences aux services communautaires pour \u00e9viter les pertes de mobilit\u00e9 des a\u00een\u00e9s fragilis\u00e9s ou en \u00e9tat de pr\u00e9fragilisation\u00a0(TG 2015-09-P) Chercheurs principaux : Marcel\u00a0\u00c9mond, MD, MSc &#8212;\u00a0Universit\u00e9 Laval Myl\u00e8ne Aubertin-Leheudre, PhD &#8212;\u00a0Universit\u00e9 du Queb\u00e9c \u00e0 Montreal Luc Bissonnette, PhD&#8230;<\/p>\n","protected":false},"author":1,"featured_media":0,"parent":2868,"menu_order":3,"comment_status":"closed","ping_status":"open","template":"","meta":{"_acf_changed":false,"footnotes":""},"acf":[],"_links":{"self":[{"href":"https:\/\/www.cfn-nce.ca\/fr\/wp-json\/wp\/v2\/pages\/2873"}],"collection":[{"href":"https:\/\/www.cfn-nce.ca\/fr\/wp-json\/wp\/v2\/pages"}],"about":[{"href":"https:\/\/www.cfn-nce.ca\/fr\/wp-json\/wp\/v2\/types\/page"}],"author":[{"embeddable":true,"href":"https:\/\/www.cfn-nce.ca\/fr\/wp-json\/wp\/v2\/users\/1"}],"replies":[{"embeddable":true,"href":"https:\/\/www.cfn-nce.ca\/fr\/wp-json\/wp\/v2\/comments?post=2873"}],"version-history":[{"count":3,"href":"https:\/\/www.cfn-nce.ca\/fr\/wp-json\/wp\/v2\/pages\/2873\/revisions"}],"predecessor-version":[{"id":11970,"href":"https:\/\/www.cfn-nce.ca\/fr\/wp-json\/wp\/v2\/pages\/2873\/revisions\/11970"}],"up":[{"embeddable":true,"href":"https:\/\/www.cfn-nce.ca\/fr\/wp-json\/wp\/v2\/pages\/2868"}],"wp:attachment":[{"href":"https:\/\/www.cfn-nce.ca\/fr\/wp-json\/wp\/v2\/media?parent=2873"}],"curies":[{"name":"wp","href":"https:\/\/api.w.org\/{rel}","templated":true}]}}