{"id":2896,"date":"2018-09-24T11:57:13","date_gmt":"2018-09-24T15:57:13","guid":{"rendered":"http:\/\/www.cfn-nce.ca\/?page_id=2896"},"modified":"2022-12-16T13:36:24","modified_gmt":"2022-12-16T18:36:24","slug":"our-portfolio-by-grant-type-or-competition","status":"publish","type":"page","link":"https:\/\/www.cfn-nce.ca\/fr\/improving-evidence-through-research-and-kt\/nos-travaux-de-recherche-et-dapplication-des-connaissances\/our-portfolio-by-grant-type-or-competition\/","title":{"rendered":"Notre portfolio par type de bourse ou concours"},"content":{"rendered":"<h3>Notre portfolio par type de bourse ou concours<\/h3>\n<p>Le R\u00e9seau canadien des soins aux personnes fragilis\u00e9es (RCSPF) a financ\u00e9 XX projets de recherche et a g\u00e9r\u00e9 des contrats de service \u00e0 la suite de XX concours portant sur sept types de programmes. Les r\u00e9sultats de deux autres concours pour l\u2019attribution de bourses sont attendus.<\/p>\n<p><strong>Programme de bourses d\u2019application des connaissances\u00a0:<\/strong> <em>financement visant \u00e0 transposer dans la pratique les r\u00e9sultats des recherches financ\u00e9es par le R\u00e9seau.<\/em><\/p>\n<p><a href=\"https:\/\/www.cfn-nce.ca\/fr\/?page_id=11978&amp;preview=true\"><u>Concours d\u2019application des connaissances de 2017<\/u><\/a><\/p>\n<p><a href=\"https:\/\/www.cfn-nce.ca\/fr\/?page_id=11979&amp;preview=true\"><u>Concours d\u2019application des connaissances de 2019<\/u><\/a><\/p>\n<p><strong>Programme de bourses de recherche transformationnelle\u00a0:<\/strong> <em>financement destin\u00e9 \u00e0 de grands projets de recherche transformationnelle qui montrent le potentiel de r\u00e9volutionner les soins aux Canadiens \u00e2g\u00e9s et fragilis\u00e9s et d\u2019entra\u00eener des incidences \u00e9conomiques et sociales favorables sur notre syst\u00e8me de sant\u00e9.<\/em><\/p>\n<p><a href=\"https:\/\/www.cfn-nce.ca\/fr\/?page_id=11980&amp;preview=true\"><u>Programme de bourses de recherche transformationnelle, 2<sup>e<\/sup>\u00a0mandat<\/u><\/a><\/p>\n<p><strong>Programme de bourses de recherche de base :<\/strong> <em>grands projets multidisciplinaires portant sur des programmes int\u00e9gr\u00e9s, ax\u00e9s sur des objectifs visant d\u2019importants r\u00e9sultats de recherche (de 2\u00a0\u00e0 3 ans).<\/em><\/p>\n<p><a href=\"https:\/\/www.cfn-nce.ca\/fr\/?page_id=11981&amp;preview=true\"><u>Programme de recherche de base de 2012 (CORE 2012)<\/u><\/a><\/p>\n<p><a href=\"https:\/\/www.cfn-nce.ca\/fr\/?page_id=11982&amp;preview=true\"><u>Programme de recherche de base de 2013 (CORE 2013)<\/u><\/a><\/p>\n<p><strong>Programme de bourses \u00e0 impact strat\u00e9gique :<\/strong> <em>financement destin\u00e9 \u00e0 susciter de nouveaux partenariats et l\u2019ex\u00e9cution de recherche dans des domaines strat\u00e9giques \u00e9mergents ou susceptibles d\u2019avoir un impact important sur les politiques, la pratique ou la commercialisation.<\/em><\/p>\n<p><a href=\"https:\/\/www.cfn-nce.ca\/fr\/?page_id=11983&amp;preview=true\"><u>Programme de bourses \u00e0 impact strat\u00e9gique de 2014 (SIG 2014)<\/u><\/a><\/p>\n<p><a href=\"https:\/\/www.cfn-nce.ca\/fr\/?page_id=11984&amp;preview=true\"><u>Programme de bourses \u00e0 impact strat\u00e9gique de 2014 (automne) (SIG 2014F)<\/u><\/a><\/p>\n<p><strong>Programmes de bourses \u00ab\u00a0catalyseur\u00a0\u00bb, d\u2019\u00e9tudes pilotes et de bourses de mise en \u0153uvre :<\/strong> <em>financement destin\u00e9 \u00e0 des \u00e9tudes pilotes, \u00e0 des \u00e9tudes de faisabilit\u00e9 et \u00e0 des approches nouvelles et novatrices (au plus 1 an).<\/em><\/p>\n<p><a href=\"https:\/\/www.cfn-nce.ca\/fr\/?page_id=11985&amp;preview=true\"><u>Programme de bourses \u00ab\u00a0catalyseur\u00a0\u00bb de 2013 (CAT 2013)<\/u><\/a><\/p>\n<p><a href=\"https:\/\/www.cfn-nce.ca\/fr\/?page_id=11986&amp;preview=true\"><u>Programme de bourses \u00ab\u00a0catalyseur\u00a0\u00bb de 2014 (CAT 2014)<\/u><\/a><\/p>\n<p><u>\u00a0<\/u><\/p>\n<p><a href=\"https:\/\/www.cfn-nce.ca\/fr\/?page_id=11987&amp;preview=true\"><u>Programme de bourses de mise en \u0153uvre de 2015 (mesure de la fragilisation) (FRA 2015-B)<\/u><\/a><\/p>\n<p><a href=\"https:\/\/www.cfn-nce.ca\/fr\/?page_id=11988&amp;preview=true\"><u>Programme de bourses \u00ab\u00a0catalyseur\u00a0\u00bb de 2015 (CAT 2015)<\/u><\/a><\/p>\n<p><a href=\"https:\/\/www.cfn-nce.ca\/fr\/?page_id=11989&amp;preview=true\"><u>Programme d\u2019\u00e9tudes pilotes de 2015<\/u><\/a><\/p>\n<p><a href=\"https:\/\/www.cfn-nce.ca\/fr\/?page_id=11990&amp;preview=true\"><u>Programme de bourses \u00ab\u00a0catalyseur\u00a0\u00bb de 2017 (optimisation de la pharmacoth\u00e9rapie)<\/u><\/a><\/p>\n<p><a href=\"https:\/\/www.cfn-nce.ca\/fr\/?page_id=11991&amp;preview=true\"><u>Programme de bourses \u00ab\u00a0catalyseur\u00a0\u00bb de 2018 (priorit\u00e9s en mati\u00e8re de fragilisation)<\/u><\/a><\/p>\n<p><u>Concours de bourses de d\u00e9veloppement et d\u2019innovation en collaboration avec la SHRF de 2018-2019<\/u><\/p>\n<p><strong>Programme de bourses pour l\u2019innovation technologique dans le domaine de la sant\u00e9 :<\/strong> <em>financement destin\u00e9 \u00e0 la r\u00e9alisation d\u2019\u00e9tudes visant l\u2019\u00e9tablissement de la preuve d\u2019un concept, la cr\u00e9ation de nouvelles m\u00e9thodes ou le perfectionnement de techniques existantes dans le but d\u2019am\u00e9liorer la qualit\u00e9 de vie des a\u00een\u00e9s fragilis\u00e9s et les soins qui leur sont prodigu\u00e9s.<\/em><\/p>\n<p><a href=\"https:\/\/www.cfn-nce.ca\/fr\/?page_id=11992&amp;preview=true\"><u>Programme de bourses pour l\u2019innovation technologique dans le domaine de la sant\u00e9 de 2014 (HTIG 2014)<\/u><\/a><\/p>\n<p><strong>Programme de bourses de synth\u00e8se des connaissances :<\/strong> <em>financement destin\u00e9 \u00e0 la synth\u00e8se des recherches existantes afin de rep\u00e9rer les lacunes, et \u00e0 la mise au point d\u2019outils pertinents pour les activit\u00e9s d\u2019application des connaissances du R\u00e9seau (jusqu\u2019\u00e0 9 mois).<\/em><\/p>\n<p><a href=\"https:\/\/www.cfn-nce.ca\/fr\/?page_id=11993&amp;preview=true\"><u>Programme de bourses de synth\u00e8se des connaissances de 2013 (KS 2013)<\/u><\/a><\/p>\n<p><a href=\"https:\/\/www.cfn-nce.ca\/fr\/?page_id=11994&amp;preview=true\"><u>Programme de bourses de synth\u00e8se des connaissances de 2014 (KS 2014)<\/u><\/a><\/p>\n<p><a href=\"https:\/\/www.cfn-nce.ca\/fr\/improving-evidence-through-research-and-kt\/nos-travaux-de-recherche-et-dapplication-des-connaissances\/our-portfolio-by-grant-type-or-competition\/programme-de-bourses-de-synthese-des-connaissances-de-2015-mesure-de-la-fragilisation\/\"><u>Programme de bourses de synth\u00e8se des connaissances de 2015 (mesure de la fragilisation) (FRA 2015-A)<\/u><\/a><\/p>\n<p><strong>Contrats de services dirig\u00e9s\u00a0:<\/strong><\/p>\n<p><strong><u><a href=\"https:\/\/www.cfn-nce.ca\/fr\/?page_id=11996&amp;preview=true\">Processus d\u2019\u00e9tablissement des priorit\u00e9s de recherche<\/a> :<\/u><\/strong> financement destin\u00e9 \u00e0 l\u2019adjudication d\u2019un contrat de service visant \u00e0 d\u00e9terminer les priorit\u00e9s de recherche ax\u00e9e sur les patients relativement aux soins de sant\u00e9 prodigu\u00e9s aux Canadiens \u00e2g\u00e9s et fragilis\u00e9s lors d\u2019une consultation visant \u00e0 recueillir les points de vue tant des Canadiens \u00e2g\u00e9s et de leurs proches aidants que des cliniciens et des professionnels de la sant\u00e9 connexes.<\/p>\n<p><strong><u><a href=\"https:\/\/www.cfn-nce.ca\/fr\/?page_id=11997&amp;preview=true\">Concours d\u2019analyses contextuelles\u00a0<\/a>:<\/u><\/strong> financement destin\u00e9 \u00e0 la r\u00e9alisation d\u2019une analyse contextuelle pour examiner syst\u00e9matiquement les soins prodigu\u00e9s aux personnes \u00e2g\u00e9es aux prises avec la fragilisation ou s\u2019approchant de la fin de leur vie, afin de quantifier le syst\u00e8me de sant\u00e9 et les soins que cette population re\u00e7oit au Canada, le tout pour mesurer l\u2019utilisation des ressources de la sant\u00e9.<\/p>\n","protected":false},"excerpt":{"rendered":"<p>Notre portfolio par type de bourse ou concours Le R\u00e9seau canadien des soins aux personnes fragilis\u00e9es (RCSPF) a financ\u00e9 XX projets de recherche et a g\u00e9r\u00e9 des contrats de service \u00e0 la suite de XX concours portant sur sept types de programmes. Les r\u00e9sultats de deux autres concours pour l\u2019attribution de bourses sont attendus. Programme&#8230;<\/p>\n","protected":false},"author":1,"featured_media":0,"parent":11957,"menu_order":28,"comment_status":"closed","ping_status":"closed","template":"","meta":{"_acf_changed":false,"footnotes":""},"acf":[],"_links":{"self":[{"href":"https:\/\/www.cfn-nce.ca\/fr\/wp-json\/wp\/v2\/pages\/2896"}],"collection":[{"href":"https:\/\/www.cfn-nce.ca\/fr\/wp-json\/wp\/v2\/pages"}],"about":[{"href":"https:\/\/www.cfn-nce.ca\/fr\/wp-json\/wp\/v2\/types\/page"}],"author":[{"embeddable":true,"href":"https:\/\/www.cfn-nce.ca\/fr\/wp-json\/wp\/v2\/users\/1"}],"replies":[{"embeddable":true,"href":"https:\/\/www.cfn-nce.ca\/fr\/wp-json\/wp\/v2\/comments?post=2896"}],"version-history":[{"count":7,"href":"https:\/\/www.cfn-nce.ca\/fr\/wp-json\/wp\/v2\/pages\/2896\/revisions"}],"predecessor-version":[{"id":16106,"href":"https:\/\/www.cfn-nce.ca\/fr\/wp-json\/wp\/v2\/pages\/2896\/revisions\/16106"}],"up":[{"embeddable":true,"href":"https:\/\/www.cfn-nce.ca\/fr\/wp-json\/wp\/v2\/pages\/11957"}],"wp:attachment":[{"href":"https:\/\/www.cfn-nce.ca\/fr\/wp-json\/wp\/v2\/media?parent=2896"}],"curies":[{"name":"wp","href":"https:\/\/api.w.org\/{rel}","templated":true}]}}