{"id":2900,"date":"2018-09-25T09:55:35","date_gmt":"2018-09-25T13:55:35","guid":{"rendered":"http:\/\/www.cfn-nce.ca\/improving-evidence-through-research-and-kt\/our-portfolio-by-grant-type-or-competition\/our-portfolio-by-grant-type-or-competition2013-catalyst-grants\/"},"modified":"2020-03-30T12:55:39","modified_gmt":"2020-03-30T16:55:39","slug":"2013-catalyst-grants","status":"publish","type":"page","link":"https:\/\/www.cfn-nce.ca\/fr\/improving-evidence-through-research-and-kt\/nos-travaux-de-recherche-et-dapplication-des-connaissances\/our-portfolio-by-grant-type-or-competition\/2013-catalyst-grants\/","title":{"rendered":"Programme de subventions catalyseur de 2013"},"content":{"rendered":"<p>Le RCSPF a inaugur\u00e9 son Programme de subventions catalyseur en octobre\u00a02013. Ce programme vise particuli\u00e8rement \u00e0 catalyser la cr\u00e9ativit\u00e9, la nouveaut\u00e9 et l\u2019innovation dans la recherche au profit des a\u00een\u00e9s fragilis\u00e9s et gravement malades du Canada.<\/p>\n<p>Le programme de subventions catalyseur a financ\u00e9 des projets d\u2019une dur\u00e9e maximale d\u2019un an et d\u2019un montant maximal de 100\u00a0000\u00a0$ chacun, qui font appel \u00e0 des \u00e9quipes multidisciplinaires et provenant de plusieurs \u00e9tablissements ainsi qu\u2019\u00e0 des partenariats repr\u00e9sentant au moins 25\u00a0% du montant demand\u00e9 au RCSPF.<\/p>\n<p>Il finance des \u00e9tudes pilotes et des \u00e9tudes de faisabilit\u00e9 ainsi que des approches nouvelles et novatrices qui correspondent au plan strat\u00e9gique et aux priorit\u00e9s de recherche du RCSPF. Les projets doivent \u00eatre g\u00e9r\u00e9s de fa\u00e7on dynamique et comporter des exigences \u00e9lev\u00e9es en mati\u00e8re de partenariat, de PHQ et d\u2019engagement des intervenants et des utilisateurs de connaissances.\u00a0\u00a0<\/p>\n<p>Le 2 juin 2014, le R\u00e9seau a annonc\u00e9 le financement de huit projets de recherche ax\u00e9e sur les patients dans le cadre du Programme de subventions catalyseur. Faites d\u00e9filer pour voir chaque projet.<\/p>\n<p>Outre les 61\u00a0chercheurs participants, les projets permettront \u00e0 30\u00a0stagiaires d\u2019acqu\u00e9rir une formation et une exp\u00e9rience \u00e9ducative dans un contexte interdisciplinaire.<\/p>\n<p><span style=\"font-size: 21px; font-weight: bold; color: #000000;\">Projets financ\u00e9s<\/span><\/p>\n<p><strong><a href=\"\/{localLink:9943}\" title=\"CAT2013-28 Keller\">Protocole de soins en nutrition pour les personnes \u00e2g\u00e9es hospitalis\u00e9es : validation du contenu et \u00e9tude de faisabilit\u00e9<\/a>\u00a0(CAT 2013-28)<\/strong><\/p>\n<p style=\"padding-left: 30px;\">Chercheuse principale :<\/p>\n<p style=\"padding-left: 30px;\"><a href=\"\/{localLink:10532}\" title=\"Keller, Heather\">Heather Keller<\/a>, PhD, RD, FDC &#8212; Universit\u00e9\u00a0de Waterloo<\/p>\n<p><strong><a href=\"\/{localLink:9952}\" title=\"CAT2013-51 Sawatzky\">Int\u00e9gration de l\u2019\u00e9valuation de la qualit\u00e9 de vie dans les soins actifs aux personnes \u00e2g\u00e9es aux prises avec des maladies chroniques limitant leur esp\u00e9rance de vie<\/a>\u00a0(CAT 2013-51)<\/strong><\/p>\n<p style=\"padding-left: 30px;\">Chercheurs principaux\u00a0:<\/p>\n<p style=\"padding-left: 30px;\"><a href=\"\/{localLink:10581}\" title=\"Sawatzky, Richard\">Richard Sawatzky<\/a>, PhD, MSc, BSc, RN &#8212;\u00a0Universit\u00e9 Trinity Western<\/p>\n<p style=\"padding-left: 30px;\"><a href=\"\/{localLink:10490}\" title=\"Cohen, Robin\">Robin Cohen<\/a>, PhD, MSc, BSc &#8212;\u00a0H\u00f4pital g\u00e9n\u00e9ral juif<\/p>\n<p style=\"padding-left: 30px;\"><a href=\"\/{localLink:10592}\" title=\"Stajduhar, Kelli\">Kelli Stajduhar<\/a>, PhD, MSN, BN, RN &#8212;\u00a0Universit\u00e9 de Victoria<\/p>\n<p><strong><a href=\"\/{localLink:9945}\" title=\"CAT2013-43 Cummings\">\u00c9laboration et mise \u00e0 l\u2019essai d\u2019un formulaire type destin\u00e9 \u00e0 am\u00e9liorer la communication\u00a0lors du transfert des pensionnaires des maisons de soins infirmiers<\/a>\u00a0(CAT 2013-43)<\/strong><\/p>\n<p style=\"padding-left: 30px;\">Chercheuse principale\u00a0:<\/p>\n<p style=\"padding-left: 30px;\"><a href=\"\/{localLink:10495}\" title=\"Cummings, Greta\">Greta Cummings<\/a>, PhD, RN, FCAHS &#8212;\u00a0Universit\u00e9 de l\u2019Alberta<\/p>\n<p><strong><a href=\"\/{localLink:9935}\" title=\"CAT2013-18 Downar\">LA COMMUNICATION D\u2019ABORD (Prise de d\u00e9cisions concernant l\u2019objectif des soins aux patients hospitalis\u00e9s : une intervention communicationnelle) : Projet pilote de collecte de donn\u00e9es sur les patients et de r\u00e9troaction<\/a>\u00a0(CAT 2013-18)<\/strong><\/p>\n<p style=\"padding-left: 30px;\">Chercheur principal\u00a0:<\/p>\n<p style=\"padding-left: 30px;\"><a href=\"\/{localLink:10500}\" title=\"Downar, James\">James Downar<\/a>, MDCM, MHSc, FRCPC &#8212;\u00a0R\u00e9seau de sant\u00e9 universitaire<\/p>\n<p><strong><a href=\"\/{localLink:9940}\" title=\"CAT2013-21 de Vries\">Favoriser la discussion, le sens de la communaut\u00e9 et la prestation des soins parmi les personnes \u00e2g\u00e9es LGBT<\/a>\u00a0(CAT 2013-21)<\/strong><\/p>\n<p style=\"padding-left: 30px;\">Chercheurs principaux :<\/p>\n<p style=\"padding-left: 30px;\"><a href=\"\/{localLink:10498}\" title=\"de Vries, Brian\">Brian de Vries<\/a>, PhD &#8212;\u00a0Universit\u00e9 Simon-Fraser<\/p>\n<p style=\"padding-left: 30px;\"><a href=\"\/{localLink:10519}\" title=\"Gutman, Gloria\">Gloria Gutman<\/a>, PhD &#8212;\u00a0Universit\u00e9 Simon-Fraser<\/p>\n<p><strong><a href=\"\/{localLink:9932}\" title=\"CAT2013-08 Nejat\">\u00c9tudes sur l\u2019utilisation de robots d\u2019assistance par des personnes \u00e2g\u00e9es vivant dans des maisons de soins de longue dur\u00e9e<\/a>\u00a0(CAT 2013-08)<\/strong><\/p>\n<p style=\"padding-left: 30px;\">Chercheuse principale\u00a0:<\/p>\n<p style=\"padding-left: 30px;\"><a href=\"\/{localLink:10565}\" title=\"Nejat, Goldie\">Goldie Nejat<\/a>, PhD, PEng &#8212;\u00a0Universit\u00e9 de Toronto<\/p>\n<p><strong><a href=\"\/{localLink:9950}\" title=\"CAT2013-47 Boscart\">Am\u00e9liorer les r\u00e9sultats pour les a\u00een\u00e9s fragiles : les effets sur les soins de longue dur\u00e9e du personnel ayant suivi le programme ASILA<\/a> (CAT 2013-47)<\/strong><\/p>\n<p style=\"padding-left: 30px;\">Chercheuse principale\u00a0:<\/p>\n<p style=\"padding-left: 30px;\"><a href=\"\/{localLink:10482}\" title=\"Boscart, Veronique\">Veronique Boscart<\/a>, PhD, MEd, MScN, RN &#8212;\u00a0Institut de technologie et de formation avanc\u00e9e du Coll\u00e8ge Conestoga<\/p>\n<p style=\"padding-left: 30px;\"><span><a href=\"\/{localLink:10521}\" title=\"Heckman, George\">George Heckman<\/a>, MD, MSc, FRCPC &#8212; Universit<span>\u00e9<\/span>\u00a0de Waterloo<\/span><\/p>\n<p style=\"display: inline !important;\"><strong><a href=\"\/{localLink:9948}\" title=\"CAT2013-45 Burns\">S\u00e9lection des patients \u00e2g\u00e9s pour un essai sur le sevrage<\/a> (CAT 2013-45)<\/strong><\/p>\n<p style=\"padding-left: 30px;\">Chercheuse principale :<\/p>\n<p style=\"padding-left: 30px;\"><a href=\"\/{localLink:10486}\" title=\"Burns, Karen\">Karen Burns<\/a>, MD, MSc, FRCPC &#8212; H\u00f4pital St. Michael\u2019s\/Universit\u00e9 de Toronto<\/p>\n","protected":false},"excerpt":{"rendered":"<p>Le RCSPF a inaugur\u00e9 son Programme de subventions catalyseur en octobre\u00a02013. Ce programme vise particuli\u00e8rement \u00e0 catalyser la cr\u00e9ativit\u00e9, la nouveaut\u00e9 et l\u2019innovation dans la recherche au profit des a\u00een\u00e9s fragilis\u00e9s et gravement malades du Canada. Le programme de subventions catalyseur a financ\u00e9 des projets d\u2019une dur\u00e9e maximale d\u2019un an et d\u2019un montant maximal de&#8230;<\/p>\n","protected":false},"author":1,"featured_media":0,"parent":2896,"menu_order":4,"comment_status":"closed","ping_status":"open","template":"","meta":{"_acf_changed":false,"footnotes":""},"acf":[],"_links":{"self":[{"href":"https:\/\/www.cfn-nce.ca\/fr\/wp-json\/wp\/v2\/pages\/2900"}],"collection":[{"href":"https:\/\/www.cfn-nce.ca\/fr\/wp-json\/wp\/v2\/pages"}],"about":[{"href":"https:\/\/www.cfn-nce.ca\/fr\/wp-json\/wp\/v2\/types\/page"}],"author":[{"embeddable":true,"href":"https:\/\/www.cfn-nce.ca\/fr\/wp-json\/wp\/v2\/users\/1"}],"replies":[{"embeddable":true,"href":"https:\/\/www.cfn-nce.ca\/fr\/wp-json\/wp\/v2\/comments?post=2900"}],"version-history":[{"count":1,"href":"https:\/\/www.cfn-nce.ca\/fr\/wp-json\/wp\/v2\/pages\/2900\/revisions"}],"predecessor-version":[{"id":3074,"href":"https:\/\/www.cfn-nce.ca\/fr\/wp-json\/wp\/v2\/pages\/2900\/revisions\/3074"}],"up":[{"embeddable":true,"href":"https:\/\/www.cfn-nce.ca\/fr\/wp-json\/wp\/v2\/pages\/2896"}],"wp:attachment":[{"href":"https:\/\/www.cfn-nce.ca\/fr\/wp-json\/wp\/v2\/media?parent=2900"}],"curies":[{"name":"wp","href":"https:\/\/api.w.org\/{rel}","templated":true}]}}