{"id":2903,"date":"2018-09-25T09:55:35","date_gmt":"2018-09-25T13:55:35","guid":{"rendered":"http:\/\/www.cfn-nce.ca\/improving-evidence-through-research-and-kt\/our-portfolio-by-grant-type-or-competition\/our-portfolio-by-grant-type-or-competition2014-fall-strategic-impact-grant-program\/"},"modified":"2020-03-30T12:55:04","modified_gmt":"2020-03-30T16:55:04","slug":"2014-fall-strategic-impact-grant-program","status":"publish","type":"page","link":"https:\/\/www.cfn-nce.ca\/fr\/improving-evidence-through-research-and-kt\/nos-travaux-de-recherche-et-dapplication-des-connaissances\/our-portfolio-by-grant-type-or-competition\/2014-fall-strategic-impact-grant-program\/","title":{"rendered":"Programme de bourses de subvention \u00e0 impact strat\u00e9gique de 2014 (automne)"},"content":{"rendered":"<p class=\"tw-data-text vk_txt tw-ta tw-text-small\">Trois projets ont \u00e9t\u00e9 financ\u00e9s dans le cadre du deuxi\u00e8me cycle du Programme de subventions \u00e0 impact strat\u00e9gique du RCSPF. Ce programme unique et non conventionnel est destin\u00e9 aux chercheurs qui souhaitent avoir une plus grande incidence en collaborant avec d\u2019autres chercheurs ayant des buts et des projets dans des domaines semblables et en \u00e9tablissant des partenariats avec l\u2019industrie, les utilisateurs de connaissances et les stagiaires, \u00e0 plus grande \u00e9chelle.<\/p>\n<p class=\"tw-data-text vk_txt tw-ta tw-text-small\"><span style=\"font-size: 21px; font-weight: bold; color: #000000;\">Projets financ\u00e9s<\/span><\/p>\n<p><strong><a href=\"\/{localLink:10154}\" title=\"SIG2014F-09 Urquhart\">Aider le syst\u00e8me de soins primaires \u00e0 cerner, \u00e0 planifier et \u00e0 prodiguer les soins aux \u00a0personnes \u00e2g\u00e9es fragilis\u00e9es et gravement malades<\/a>\u00a0(SIG 2014F-09)<\/strong><\/p>\n<p style=\"padding-left: 30px;\">Chercheurs principaux :<\/p>\n<p style=\"padding-left: 30px;\"><a href=\"\/{localLink:10601}\" title=\"Urquhart, Robin\">Robin Urquhart<\/a>, PhD &#8212;\u00a0Universit\u00e9 Dalhousie<\/p>\n<p style=\"padding-left: 30px;\"><a href=\"\/{localLink:10485}\" title=\"Burge, Fred\">Fred Burge<\/a>, MD, FCFP, MSc &#8212;\u00a0Universit\u00e9 Dalhousie<\/p>\n<p><strong><a href=\"\/{localLink:10151}\" title=\"SIG2014F-08 Keller\">Une meilleure alimentation : Protocole de soins en nutrition et suppl\u00e9mentation prot\u00e9ique optimale pour les patients \u00e2g\u00e9s souffrant de malnutrition<\/a> (SIG 2014F-08)<\/strong><\/p>\n<p style=\"padding-left: 30px;\">Chercheurs principaux :<\/p>\n<p style=\"padding-left: 30px;\"><a href=\"\/{localLink:10532}\" title=\"Keller, Heather\">Heather Keller<\/a>, PhD, RD, FDC &#8212;\u00a0Universit\u00e9 de Waterloo<\/p>\n<p style=\"padding-left: 30px;\"><a href=\"\/{localLink:10573}\" title=\"Rahman, Adam\">Adam Rahman<\/a>, MD &#8212;\u00a0Universit\u00e9 Western<\/p>\n<p><strong><a href=\"\/{localLink:10155}\" title=\"SIG2014F-31 H\u00e9bert\">Soin des personnes \u00e2g\u00e9es, fragilis\u00e9es et gravement malades : Faire en sorte que les soins de sant\u00e9 soient prodigu\u00e9s suivant une approche syst\u00e9mique<\/a> (SIG 2014F-31)<\/strong><\/p>\n<p style=\"padding-left: 30px;\">Chercheurs principaux :<\/p>\n<p style=\"padding-left: 30px;\"><a href=\"\/{localLink:10520}\" title=\"H\u00e9bert, Paul\">Paul H\u00e9bert<\/a>, MD &#8212;\u00a0Centre Hospitalier de l\u2019Universit\u00e9 de Montr\u00e9al (CHUM)<\/p>\n<p style=\"padding-left: 30px;\"><a href=\"\/{localLink:10524}\" title=\"Hirdes, John\">John Hirdes<\/a>, PhD &#8212;\u00a0Universit\u00e9 de Waterloo<\/p>\n","protected":false},"excerpt":{"rendered":"<p>Trois projets ont \u00e9t\u00e9 financ\u00e9s dans le cadre du deuxi\u00e8me cycle du Programme de subventions \u00e0 impact strat\u00e9gique du RCSPF. Ce programme unique et non conventionnel est destin\u00e9 aux chercheurs qui souhaitent avoir une plus grande incidence en collaborant avec d\u2019autres chercheurs ayant des buts et des projets dans des domaines semblables et en \u00e9tablissant&#8230;<\/p>\n","protected":false},"author":1,"featured_media":0,"parent":2896,"menu_order":6,"comment_status":"closed","ping_status":"open","template":"","meta":{"_acf_changed":false,"footnotes":""},"acf":[],"_links":{"self":[{"href":"https:\/\/www.cfn-nce.ca\/fr\/wp-json\/wp\/v2\/pages\/2903"}],"collection":[{"href":"https:\/\/www.cfn-nce.ca\/fr\/wp-json\/wp\/v2\/pages"}],"about":[{"href":"https:\/\/www.cfn-nce.ca\/fr\/wp-json\/wp\/v2\/types\/page"}],"author":[{"embeddable":true,"href":"https:\/\/www.cfn-nce.ca\/fr\/wp-json\/wp\/v2\/users\/1"}],"replies":[{"embeddable":true,"href":"https:\/\/www.cfn-nce.ca\/fr\/wp-json\/wp\/v2\/comments?post=2903"}],"version-history":[{"count":1,"href":"https:\/\/www.cfn-nce.ca\/fr\/wp-json\/wp\/v2\/pages\/2903\/revisions"}],"predecessor-version":[{"id":3077,"href":"https:\/\/www.cfn-nce.ca\/fr\/wp-json\/wp\/v2\/pages\/2903\/revisions\/3077"}],"up":[{"embeddable":true,"href":"https:\/\/www.cfn-nce.ca\/fr\/wp-json\/wp\/v2\/pages\/2896"}],"wp:attachment":[{"href":"https:\/\/www.cfn-nce.ca\/fr\/wp-json\/wp\/v2\/media?parent=2903"}],"curies":[{"name":"wp","href":"https:\/\/api.w.org\/{rel}","templated":true}]}}