{"id":2904,"date":"2018-09-25T09:55:35","date_gmt":"2018-09-25T13:55:35","guid":{"rendered":"http:\/\/www.cfn-nce.ca\/improving-evidence-through-research-and-kt\/our-portfolio-by-grant-type-or-competition\/our-portfolio-by-grant-type-or-competition2014-catalyst-grants\/"},"modified":"2020-03-30T12:55:42","modified_gmt":"2020-03-30T16:55:42","slug":"2014-catalyst-grants","status":"publish","type":"page","link":"https:\/\/www.cfn-nce.ca\/fr\/improving-evidence-through-research-and-kt\/nos-travaux-de-recherche-et-dapplication-des-connaissances\/our-portfolio-by-grant-type-or-competition\/2014-catalyst-grants\/","title":{"rendered":"Programme de subventions catalyseur de 2014"},"content":{"rendered":"<p>Le RCSPF a lanc\u00e9 son deuxi\u00e8me concours dans le cadre du Programme de subventions catalyseur, le 2\u00a0septembre\u00a02014.<\/p>\n<p>Le Programme de subventions catalyseur finance des projets d\u2019une dur\u00e9e maximale d\u2019un an et d\u2019un montant maximal de 100\u00a0000\u00a0$ chacun (jusqu\u2019\u00e0 150\u00a0000\u00a0$ dans le cas de projets d\u2019une valeur exceptionnelle et moyennant une justification ad\u00e9quate). Un financement de contrepartie de 25\u00a0% est exig\u00e9 pour le concours de 2014.<\/p>\n<p>Le programme appuie la r\u00e9alisation d\u2019\u00e9tudes de recherche adaptable, y compris des \u00e9tudes pilotes, des \u00e9tudes de faisabilit\u00e9, des \u00e9tudes d\u2019application des connaissances ainsi que des d\u00e9marches nouvelles et novatrices qui correspondent aux priorit\u00e9s et aux th\u00e8mes en mati\u00e8re de recherche. On s\u2019attend \u00e0 ce que les projets retenus puissent \u00eatre admissibles \u00e0 des possibilit\u00e9s de financement du RCSPF de plus grande envergure.<\/p>\n<p><span style=\"font-size: 21px; font-weight: bold; color: #000000;\">Projets financ\u00e9s<\/span><\/p>\n<p><strong><a href=\"\/{localLink:9963}\" title=\"CAT2014-17 Sawatzky\">Int\u00e9gration d&rsquo;un syst\u00e8me d&rsquo;\u00e9valuation de la qualit\u00e9 de vie et de soutien \u00e0 la pratique dans les soins palliatifs \u00e0 domicile<\/a>\u00a0(CAT 2014-17)<\/strong><\/p>\n<p style=\"padding-left: 30px;\">Chercheurs principaux :<\/p>\n<p style=\"padding-left: 30px;\"><a href=\"\/{localLink:10581}\" title=\"Sawatzky, Richard\">Richard Sawatzky<\/a>, PhD,\u00a0MSc, BSc, RN &#8212;\u00a0Universit\u00e9 Trinity Western<\/p>\n<p style=\"padding-left: 30px;\"><a href=\"\/{localLink:10490}\" title=\"Cohen, Robin\">Robin Cohen<\/a>, PhD, MSc, BSc\u00a0&#8212;\u00a0H\u00f4pital g\u00e9n\u00e9ral juif<\/p>\n<p><strong><a href=\"\/{localLink:9971}\" title=\"CAT2014-CP Pesut\">Faisabilit\u00e9 d\u2019un partenariat entre fournisseurs de soins de sant\u00e9 et b\u00e9n\u00e9voles pour disposer d\u2019intervenants-pivots en vue de soutenir les a\u00een\u00e9s fragilis\u00e9s qui habitent dans les r\u00e9gions rurales<\/a>\u00a0(CAT 2014-CP)<\/strong><\/p>\n<p style=\"padding-left: 30px;\">Chercheuses principales :<\/p>\n<p style=\"padding-left: 30px;\"><a href=\"\/{localLink:10570}\" title=\"Pesut, Barbara\">Barbara Pesut<\/a>, PhD, RN &#8212;\u00a0Universit\u00e9 de la Colombie-Britannique<\/p>\n<p style=\"padding-left: 30px;\"><a href=\"\/{localLink:10501}\" title=\"Duggleby, Wendy\">Wendy Duggleby<\/a>, PhD, RN, AOCN &#8212;\u00a0Universit\u00e9 de l\u2019Alberta<\/p>\n<p><strong><a href=\"\/{localLink:9957}\" title=\"CAT2014-06 Kho\">P\u00e9dalage assist\u00e9 : Essai clinique randomis\u00e9 sur une th\u00e9rapie pr\u00e9coce consistant \u00e0 faire p\u00e9daler des patients \u00e2g\u00e9s, alit\u00e9s et sous ventilation m\u00e9canique<\/a>\u00a0(CAT 2014-06)<\/strong><\/p>\n<p style=\"padding-left: 30px;\">Chercheuse principale :<\/p>\n<p style=\"padding-left: 30px;\"><a href=\"\/{localLink:10535}\" title=\"Kho, Michelle\">Michelle Kho<\/a>, PT, PhD &#8212;\u00a0Universit\u00e9 McMaster<\/p>\n<p><strong><a href=\"\/{localLink:9965}\" title=\"CAT2014-29 Downar\">\u00c9tude pilote sur une intervention fond\u00e9e sur la rationalisation des m\u00e9dicaments<\/a>\u00a0(CAT 2014-29)<\/strong><\/p>\n<p style=\"padding-left: 30px;\">Chercheur principal\u00a0:<\/p>\n<p style=\"padding-left: 30px;\"><a href=\"\/{localLink:10500}\" title=\"Downar, James\">James Downar<\/a>, MDCM, MHSc, FRCPC &#8212;\u00a0R\u00e9seau de sant\u00e9 universitaire<\/p>\n<p><strong><a href=\"\/{localLink:9968}\" title=\"CAT2014-31 Khadaroo\">Une approche adapt\u00e9e pour les a\u00een\u00e9s \u00e0 l\u2019environnement chirurgical qui utilise des \u00e9chantillons biologiques pour une prestation de soins optimis\u00e9e (EASE-BIO)<\/a>\u00a0(CAT 2014-31)<\/strong><\/p>\n<p style=\"padding-left: 30px;\">Chercheuse principale :<\/p>\n<p style=\"padding-left: 30px;\"><a href=\"\/{localLink:10534}\" title=\"Khadaroo, Rachel\">Rachel Khadaroo<\/a>, MD, PhD, FRCSC &#8212; Universit\u00e9\u00a0de l&rsquo;Alberta<\/p>\n<p><strong><a href=\"\/{localLink:9954}\" title=\"CAT2014-02 McIlroy\">De nouvelles technologies pour optimiser l\u2019\u00e9valuation de la mobilit\u00e9, de l\u2019activit\u00e9 et de la sant\u00e9 chez les personnes \u00e2g\u00e9es et fragilis\u00e9es<\/a> (CAT 2014-02)<\/strong><\/p>\n<p style=\"padding-left: 30px;\">Chercheurs principaux :<\/p>\n<p style=\"padding-left: 30px;\"><a href=\"\/{localLink:10557}\" title=\"McIlroy, William\">William McIlroy<\/a>, PhD &#8212;\u00a0Universit\u00e9 de Waterloo<\/p>\n<p style=\"padding-left: 30px;\"><a href=\"\/{localLink:10494}\" title=\"Cowan, Don\">Don Cowan<\/a>, PhD, BASc, MSc &#8212;\u00a0Universit\u00e9 de Waterloo<\/p>\n","protected":false},"excerpt":{"rendered":"<p>Le RCSPF a lanc\u00e9 son deuxi\u00e8me concours dans le cadre du Programme de subventions catalyseur, le 2\u00a0septembre\u00a02014. Le Programme de subventions catalyseur finance des projets d\u2019une dur\u00e9e maximale d\u2019un an et d\u2019un montant maximal de 100\u00a0000\u00a0$ chacun (jusqu\u2019\u00e0 150\u00a0000\u00a0$ dans le cas de projets d\u2019une valeur exceptionnelle et moyennant une justification ad\u00e9quate). Un financement de&#8230;<\/p>\n","protected":false},"author":1,"featured_media":0,"parent":2896,"menu_order":4,"comment_status":"closed","ping_status":"open","template":"","meta":{"_acf_changed":false,"footnotes":""},"acf":[],"_links":{"self":[{"href":"https:\/\/www.cfn-nce.ca\/fr\/wp-json\/wp\/v2\/pages\/2904"}],"collection":[{"href":"https:\/\/www.cfn-nce.ca\/fr\/wp-json\/wp\/v2\/pages"}],"about":[{"href":"https:\/\/www.cfn-nce.ca\/fr\/wp-json\/wp\/v2\/types\/page"}],"author":[{"embeddable":true,"href":"https:\/\/www.cfn-nce.ca\/fr\/wp-json\/wp\/v2\/users\/1"}],"replies":[{"embeddable":true,"href":"https:\/\/www.cfn-nce.ca\/fr\/wp-json\/wp\/v2\/comments?post=2904"}],"version-history":[{"count":1,"href":"https:\/\/www.cfn-nce.ca\/fr\/wp-json\/wp\/v2\/pages\/2904\/revisions"}],"predecessor-version":[{"id":3078,"href":"https:\/\/www.cfn-nce.ca\/fr\/wp-json\/wp\/v2\/pages\/2904\/revisions\/3078"}],"up":[{"embeddable":true,"href":"https:\/\/www.cfn-nce.ca\/fr\/wp-json\/wp\/v2\/pages\/2896"}],"wp:attachment":[{"href":"https:\/\/www.cfn-nce.ca\/fr\/wp-json\/wp\/v2\/media?parent=2904"}],"curies":[{"name":"wp","href":"https:\/\/api.w.org\/{rel}","templated":true}]}}