{"id":2905,"date":"2018-09-25T09:55:35","date_gmt":"2018-09-25T13:55:35","guid":{"rendered":"http:\/\/www.cfn-nce.ca\/improving-evidence-through-research-and-kt\/our-portfolio-by-grant-type-or-competition\/our-portfolio-by-grant-type-or-competition2014-health-technology-innovation-grants\/"},"modified":"2020-03-30T12:55:58","modified_gmt":"2020-03-30T16:55:58","slug":"2014-health-technology-innovation-grants","status":"publish","type":"page","link":"https:\/\/www.cfn-nce.ca\/fr\/improving-evidence-through-research-and-kt\/nos-travaux-de-recherche-et-dapplication-des-connaissances\/our-portfolio-by-grant-type-or-competition\/2014-health-technology-innovation-grants\/","title":{"rendered":"Programme de subventions pour l&rsquo;innovation technologique dans le domaine de la sant\u00e9 de 2014"},"content":{"rendered":"<p>Le RCSPF et la <a href=\"http:\/\/www.ryerson.ca\/feas\/index.html\">Facult\u00e9 de g\u00e9nie et des sciences de l\u2019architecture de l\u2019Universit\u00e9 Ryerson<\/a>\u00a0ont form\u00e9 un partenariat en septembre\u00a02014 pour offrir une occasion de financement aux chercheurs et aux ing\u00e9nieurs qui mettent au point des technologies pouvant servir \u00e0 am\u00e9liorer la vie des a\u00een\u00e9s fragilis\u00e9s et gravement malades.<\/p>\n<p>Les subventions pour l\u2019innovation technologique dans le domaine de la sant\u00e9 sont vers\u00e9es pour des projets d\u2019au plus 20\u00a0000\u00a0$ et d\u2019une dur\u00e9e maximale de 12\u00a0mois chacun. \u00a0<\/p>\n<p>Ce programme vise pr\u00e9cis\u00e9ment \u00e0 soutenir la r\u00e9alisation d\u2019\u00e9tudes visant l\u2019\u00e9tablissement de la preuve d\u2019un concept, la cr\u00e9ation de nouvelles m\u00e9thodes ou le perfectionnement de techniques existantes afin d\u2019am\u00e9liorer la qualit\u00e9 de vie de nos a\u00een\u00e9s fragilis\u00e9s et gravement malades et les soins qui leur sont prodigu\u00e9s. Selon le RCSPF, la technologie couvre un large spectre, qui comprend les m\u00e9dicaments, les appareils, les supports num\u00e9riques, les produits de connaissance et les strat\u00e9gies d\u2019am\u00e9lioration ou les outils utilis\u00e9s dans l\u2019\u00e9tablissement du diagnostic et la prestation du traitement ou des soins palliatifs \u00e0 la population cible.<\/p>\n<p><span style=\"font-size: 21px; font-weight: bold; color: #000000;\">Projets financ\u00e9s<\/span><\/p>\n<p><strong><a href=\"\/{localLink:10096}\" title=\"HTIG2014-21 Fels\">Tecla Shield 3.0<\/a>\u00a0(HTIG 2014-21)<\/strong><\/p>\n<p style=\"padding-left: 30px;\">Chercheuse principale\u00a0:<\/p>\n<p style=\"padding-left: 30px;\"><a href=\"\/{localLink:10506}\" title=\"Fels, Deborah\">Deborah Fels<\/a>, PhD, PEng &#8212;\u00a0Universit\u00e9 Ryerson<\/p>\n<p><strong><a href=\"\/{localLink:10093}\" title=\"HTIG2014-17 Chan\">\u00c9tude sur les piluliers \u00e9lectroniques : optimiser et s\u00e9curiser la prise de m\u00e9dicaments pour les a\u00een\u00e9s en milieu communautaire<\/a>\u00a0(HTIG 2014-17)<\/strong><\/p>\n<p style=\"padding-left: 30px;\">Chercheurs principaux :<\/p>\n<p style=\"padding-left: 30px;\"><a href=\"\/{localLink:10488}\" title=\"Chan, David\">David Chan<\/a>, MD, CCFP, MSc, FCFP &#8212;\u00a0Universit\u00e9 McMaster<\/p>\n<p style=\"padding-left: 30px;\"><a href=\"\/{localLink:10491}\" title=\"Colwill, Kiska\">Kiska Colwill<\/a>, BScPharm &#8212;\u00a0Sciences de la sant\u00e9 de Hamilton<\/p>\n<p style=\"padding-left: 30px;\"><a href=\"\/{localLink:10526}\" title=\"Howard, Michelle\">Michelle Howard<\/a>, PhD, MSc, BA &#8212;\u00a0Universit\u00e9 McMaster<\/p>\n<p style=\"padding-left: 30px;\"><a href=\"\/{localLink:10549}\" title=\"Mangin, Dee\">Dee Mangin<\/a>, MBChB, DPH, FRNZCGP &#8212;\u00a0Universit\u00e9 McMaster<\/p>\n<p style=\"padding-left: 30px;\"><a href=\"\/{localLink:10571}\" title=\"Price, David\">David Price<\/a>, BSc, MD, CCFP, FCFP &#8212;\u00a0Universit\u00e9 McMaster<\/p>\n<p style=\"padding-left: 30px;\"><a href=\"\/{localLink:10589}\" title=\"Siu, Henry\">Henry Siu<\/a>, MSc, MD, CCFP &#8212;\u00a0Universit\u00e9 McMaster<\/p>\n<p><strong><a href=\"\/{localLink:10086}\" title=\"HTIG2014-10 Read Paul\">Vid\u00e9oconf\u00e9rences Web pour les consultations \u00e0 domicile li\u00e9es aux soins palliatifs en zone rurale<\/a>\u00a0(HTIG 2014-10)<\/strong><\/p>\n<p style=\"padding-left: 30px;\">Chercheuse principale :<\/p>\n<p style=\"padding-left: 30px;\"><a href=\"\/{localLink:10575}\" title=\"Read Paul, Linda\">Linda Read Paul<\/a>, RN, MN, CHPCN(C) &#8212;\u00a0Universit\u00e9 de Calgary<\/p>\n<p><strong><a href=\"\/{localLink:10085}\" title=\"HTIG2014-07 Dutta\">Un produit novateur permettant de d\u00e9placer une toilette pour faciliter son acc\u00e8s aux personnes \u00e2g\u00e9es et fragilis\u00e9es \u00e0 la maison<\/a> (HTIG 2014-07)<\/strong><\/p>\n<p style=\"padding-left: 30px;\">Chercheurs principaux :<\/p>\n<p style=\"padding-left: 30px;\"><a href=\"\/{localLink:10503}\" title=\"Dutta, Tilak\">Tilak Dutta<\/a>, PhD, PEng &#8212;\u00a0R\u00e9seau de sant\u00e9 universitaire (Institut de r\u00e9adaptation de Toronto)<\/p>\n<p style=\"padding-left: 30px;\"><a href=\"\/{localLink:10507}\" title=\"Fernie, Geoff\">Geoff Fernie<\/a>, PhD, PEng &#8212;\u00a0<span>R\u00e9seau de sant\u00e9 universitaire (Institut de r\u00e9adaptation de Toronto)<\/span><\/p>\n<p><strong><a href=\"\/{localLink:10092}\" title=\"HTIG2014-11 Dutta\">Syst\u00e8me de veste portable visant \u00e0 am\u00e9liorer la posture des aidants naturels<\/a> (HTIG 2014-11)<\/strong><\/p>\n<p style=\"padding-left: 30px;\">Chercheur principal\u00a0:<\/p>\n<p style=\"padding-left: 30px;\"><a href=\"\/{localLink:10503}\" title=\"Dutta, Tilak\">Tilak Dutta<\/a>, PhD, PEng &#8212;\u00a0R\u00e9seau de sant\u00e9 universitaire (Institut de r\u00e9adaptation de Toronto)<\/p>\n<p><strong><a href=\"\/{localLink:10094}\" title=\"HTIG2014-20 Small\">Utilisation d\u2019applications en sant\u00e9 mobile (mHealth) pour faciliter les communications avec les a\u00een\u00e9s fragilis\u00e9s dans les \u00e9tablissements de soins de longue dur\u00e9e<\/a> (HTIG 2014-20)<\/strong><\/p>\n<p style=\"padding-left: 30px;\">Chercheurs principaux :<\/p>\n<p style=\"padding-left: 30px;\"><a href=\"\/{localLink:10591}\" title=\"Small, Jeff\">Jeff Small<\/a>, PhD &#8212;\u00a0Universit\u00e9 de la Colombie-Britannique<\/p>\n<p style=\"padding-left: 30px;\"><a href=\"\/{localLink:10559}\" title=\"Mihailidis, Alex\">Alex Mihailidis<\/a>, PhD, MASc, PEng &#8212;\u00a0Universit\u00e9 de Toronto<\/p>\n","protected":false},"excerpt":{"rendered":"<p>Le RCSPF et la Facult\u00e9 de g\u00e9nie et des sciences de l\u2019architecture de l\u2019Universit\u00e9 Ryerson\u00a0ont form\u00e9 un partenariat en septembre\u00a02014 pour offrir une occasion de financement aux chercheurs et aux ing\u00e9nieurs qui mettent au point des technologies pouvant servir \u00e0 am\u00e9liorer la vie des a\u00een\u00e9s fragilis\u00e9s et gravement malades. Les subventions pour l\u2019innovation technologique dans&#8230;<\/p>\n","protected":false},"author":1,"featured_media":0,"parent":2896,"menu_order":4,"comment_status":"closed","ping_status":"open","template":"","meta":{"_acf_changed":false,"footnotes":""},"acf":[],"_links":{"self":[{"href":"https:\/\/www.cfn-nce.ca\/fr\/wp-json\/wp\/v2\/pages\/2905"}],"collection":[{"href":"https:\/\/www.cfn-nce.ca\/fr\/wp-json\/wp\/v2\/pages"}],"about":[{"href":"https:\/\/www.cfn-nce.ca\/fr\/wp-json\/wp\/v2\/types\/page"}],"author":[{"embeddable":true,"href":"https:\/\/www.cfn-nce.ca\/fr\/wp-json\/wp\/v2\/users\/1"}],"replies":[{"embeddable":true,"href":"https:\/\/www.cfn-nce.ca\/fr\/wp-json\/wp\/v2\/comments?post=2905"}],"version-history":[{"count":1,"href":"https:\/\/www.cfn-nce.ca\/fr\/wp-json\/wp\/v2\/pages\/2905\/revisions"}],"predecessor-version":[{"id":3079,"href":"https:\/\/www.cfn-nce.ca\/fr\/wp-json\/wp\/v2\/pages\/2905\/revisions\/3079"}],"up":[{"embeddable":true,"href":"https:\/\/www.cfn-nce.ca\/fr\/wp-json\/wp\/v2\/pages\/2896"}],"wp:attachment":[{"href":"https:\/\/www.cfn-nce.ca\/fr\/wp-json\/wp\/v2\/media?parent=2905"}],"curies":[{"name":"wp","href":"https:\/\/api.w.org\/{rel}","templated":true}]}}