{"id":2908,"date":"2018-09-25T09:55:35","date_gmt":"2018-09-25T13:55:35","guid":{"rendered":"http:\/\/www.cfn-nce.ca\/improving-evidence-through-research-and-kt\/our-portfolio-by-grant-type-or-competition\/our-portfolio-by-grant-type-or-competition2015-catalyst-grants\/"},"modified":"2020-03-30T12:55:45","modified_gmt":"2020-03-30T16:55:45","slug":"2015-catalyst-grants","status":"publish","type":"page","link":"https:\/\/www.cfn-nce.ca\/fr\/improving-evidence-through-research-and-kt\/nos-travaux-de-recherche-et-dapplication-des-connaissances\/our-portfolio-by-grant-type-or-competition\/2015-catalyst-grants\/","title":{"rendered":"Programme de subventions catalyseur de 2015"},"content":{"rendered":"<p>Le RCSPF a <span>lanc\u00e9<\/span>\u00a0le troisi\u00e8me concours du Programme de subventions catalyseur le 8\u00a0septembre\u00a02015.<\/p>\n<p><span>Le Programme de subventions catalyseur finance des projets d\u2019une dur\u00e9e maximale d\u2019un (1) an et d\u2019un montant maximal de 100\u00a0000\u00a0$ chacun. Les proposants doivent obtenir un financement correspondant \u00e0 50 % des fonds de ce concours et en pr\u00e9senter la preuve.<\/span><\/p>\n<p>Le programme finance des recherches \u00e9chelonnables, dont des projets pilotes et des \u00e9tudes de faisabilit\u00e9 et translationnelles, ainsi que des approches originales et novatrices correspondant aux priorit\u00e9s strat\u00e9giques et aux th\u00e8mes de recherche du RCSPF. Les projets catalyseur retenus pourront \u00e9ventuellement se qualifier pour des occasions de financement du RCSPF\u00a0de plus grande envergure dans l\u2019avenir.<\/p>\n<p><span style=\"font-size: 21px; font-weight: bold; color: #000000;\">Projets financ\u00e9s<\/span><\/p>\n<p><strong><a href=\"\/{localLink:9985}\" title=\"CAT2015-16 Downar\">\u00c9tude pilote d\u2019un outil automatis\u00e9 de pr\u00e9vision d\u2019un an de la mortalit\u00e9 pour favoriser le d\u00e9clenchement de la planification pr\u00e9alable des soins<\/a>\u00a0(CAT 2015-16)<\/strong><\/p>\n<p style=\"padding-left: 30px;\">Chercheur principal\u00a0:<\/p>\n<p style=\"padding-left: 30px;\"><a href=\"\/{localLink:10500}\" title=\"Downar, James\">James Downar<\/a>, MDCM, MHSc, FRCPC &#8212;\u00a0R\u00e9seau de sant\u00e9 universitaire<\/p>\n<p><strong><a href=\"\/{localLink:9990}\" title=\"CAT2015-25 Siu\">\u00c9tude sur les piluliers \u00e9lectroniques : optimiser et s\u00e9curiser la prise de m\u00e9dicaments pour les a\u00een\u00e9s en milieu communautaire<\/a>\u00a0(CAT 2015-25)<\/strong><\/p>\n<p style=\"padding-left: 30px;\">Chercheurs principaux :<\/p>\n<p style=\"padding-left: 30px;\"><a href=\"\/{localLink:10589}\" title=\"Siu, Henry\">Henry Siu<\/a>, MD, MSc, CCFP &#8212;\u00a0Universit\u00e9 McMaster<\/p>\n<p style=\"padding-left: 30px;\"><a href=\"\/{localLink:10488}\" title=\"Chan, David\">David Chan<\/a>, MD, CCFP, MSc, FCFP &#8212;\u00a0Universit\u00e9 McMaster<\/p>\n<p><strong><a href=\"\/{localLink:9989}\" title=\"CAT2015-22 Stolee\">Conclusion de partenariats patient-fournisseur de soins \u00e0 l\u2019\u00e9chelle du syst\u00e8me<\/a>\u00a0(CAT 2015-22)<\/strong><\/p>\n<p style=\"padding-left: 30px;\">Chercheur principal\u00a0:<\/p>\n<p style=\"padding-left: 30px;\"><a href=\"\/{localLink:10594}\" title=\"Stolee, Paul\">Paul Stolee<\/a>, PhD, MSc, MPA, BA &#8212;\u00a0Universit\u00e9 de Waterloo<\/p>\n<p><strong><a href=\"\/{localLink:9982}\" title=\"CAT2015-06 Stelfox\">Refonte du processus d\u00e9cisionnel concernant la sortie des patients \u00e2g\u00e9s de l\u2019unit\u00e9 des soins intensifs : \u00c9valuation pr\u00e9clinique d\u2019une trousse d\u2019outils<\/a>\u00a0(CAT 2015-06)<\/strong><\/p>\n<p style=\"padding-left: 30px;\">Chercheurs principaux :<\/p>\n<p style=\"padding-left: 30px;\"><a href=\"\/{localLink:10593}\" title=\"Stelfox, Henry\">Henry Stelfox<\/a>, MD, PhD, FRCPC &#8212;\u00a0Universit\u00e9 de Calgary<\/p>\n<p style=\"padding-left: 30px;\"><a href=\"\/{localLink:10473}\" title=\"Bagshaw, Sean\">Sean Bagshaw<\/a>,\u00a0MD, MSc, FRCPC &#8212;\u00a0Universit\u00e9 de l\u2019Alberta<\/p>\n<p><strong><a href=\"\/{localLink:10004}\" title=\"CAT2015-TG2 Lee\">R\u00e9duction des m\u00e9dicaments potentiellement contre-indiqu\u00e9s apr\u00e8s le cong\u00e9 de l\u2019h\u00f4pital des personnes \u00e2g\u00e9es : La d\u00e9prescription \u00e9lectronique multicentrique<\/a>\u00a0(CAT 2015-TG2)<\/strong><\/p>\n<p style=\"padding-left: 30px;\">Chercheurs principaux :<\/p>\n<p style=\"padding-left: 30px;\"><a href=\"\/{localLink:10544}\" title=\"Lee, Todd Campbell\">Todd Campbell Lee<\/a>, MD, MPH, FRCPC &#8212;\u00a0Institut de recherche du Centre de sant\u00e9 de l\u2019Universit\u00e9 McGill<\/p>\n<p style=\"padding-left: 30px;\"><a href=\"\/{localLink:10554}\" title=\"McDonald, Emily\">Emily McDonald<\/a>, MD, MSc &#8212;\u00a0Institut de recherche du Centre de sant\u00e9 de l\u2019Universit\u00e9 McGill<\/p>\n<p><strong><a href=\"\/{localLink:9980}\" title=\"CAT2015-03 Dumont\">Optimisation des soins palliatifs dans les collectivit\u00e9s du Nunavik<\/a>\u00a0(CAT 2015-03)<\/strong><\/p>\n<p style=\"padding-left: 30px;\">Chercheur principal\u00a0:<\/p>\n<p style=\"padding-left: 30px;\"><a href=\"\/{localLink:10502}\" title=\"Dumont, Serge\">Serge Dumont<\/a>, PhD &#8212; Universit\u00e9 Laval<\/p>\n<p><strong><a href=\"\/{localLink:9992}\" title=\"CAT2015-32 Stajduhar\">Approche int\u00e9gr\u00e9e aux soins palliatifs dans un contexte de soins intensifs<\/a>\u00a0(CAT 2015-32)<\/strong><\/p>\n<p style=\"padding-left: 30px;\">Chercheurs principaux :<\/p>\n<p style=\"padding-left: 30px;\"><a href=\"\/{localLink:10592}\" title=\"Stajduhar, Kelli\">Kelli Stajduhar<\/a>, PhD, MSN, BN, RN &#8212;\u00a0Universit\u00e9 de Victoria<\/p>\n<p style=\"padding-left: 30px;\"><a href=\"\/{localLink:10523}\" title=\"Hilliard, Neil\">Neil Hilliard<\/a>, MD &#8212;\u00a0R\u00e9gie des soins de sant\u00e9 Fraser<\/p>\n<p style=\"padding-left: 30px;\"><a href=\"\/{localLink:10581}\" title=\"Sawatzky, Richard\">Richard Sawatzky<\/a>, PhD, MSc, BSc, RN &#8212;\u00a0Universit\u00e9 Trinity Western<\/p>\n<p><strong><a href=\"\/{localLink:9998}\" title=\"CAT2015-39 Barwich\">\u00c9tude de faisabilit\u00e9 \u00e0 m\u00e9thodes mixtes sur les interventions de soutien par les pairs pour amener la population \u00e0 envisager la planification pr\u00e9alable des soins<\/a>\u00a0(CAT 2015-39)<\/strong><\/p>\n<p style=\"padding-left: 30px;\">Chercheurs principaux :<\/p>\n<p style=\"padding-left: 30px;\"><a href=\"\/{localLink:10476}\" title=\"Barwich, Doris\">Doris Barwich<\/a>, MD, CCFP &#8212;\u00a0Universit\u00e9 de la Colombie-Britannique<\/p>\n<p style=\"padding-left: 30px;\"><a href=\"\/{localLink:10531}\" title=\"Kazanjian, Arminee\">Arminee Kazanjian<\/a>, DrSoc &#8212;\u00a0Universit\u00e9 de la Colombie-Britannique<\/p>\n<p style=\"padding-left: 30px;\"><a href=\"\/{localLink:10538}\" title=\"Kryworuchko, Jennifer\">Jennifer Kryworuchko<\/a>, RN, PhD, CNCC(C) &#8212;\u00a0Universit\u00e9 de la Colombie-Britannique<\/p>\n<p><strong><a href=\"\/{localLink:9978}\" title=\"CAT2015-02 Suter\">Technologie int\u00e9gr\u00e9e de la nouvelle \u00e9conomie : Les soins aux a\u00een\u00e9s du XXIe si\u00e8cle<\/a> (CAT 2015-02)<\/strong><\/p>\n<p style=\"padding-left: 30px;\">Chercheuse principale\u00a0:<\/p>\n<p style=\"padding-left: 30px;\"><a href=\"\/{localLink:10596}\" title=\"Suter, Esther\">Esther Suter<\/a>, PhD &#8212;\u00a0Universit\u00e9 de Calgary<\/p>\n<p><strong><a href=\"\/{localLink:9983}\" title=\"CAT2015-12 Baumbusch\">Appui, \u00e9ducation, r\u00e9seautage et engagement soutenu : Passons du savoir \u00e0 l\u2019action aupr\u00e8s des familles de personnes \u00e2g\u00e9es et fragilis\u00e9es qui vivent dans un \u00e9tablissement de soins de longue dur\u00e9e<\/a> (CAT 2015-12)<\/strong><\/p>\n<p style=\"padding-left: 30px;\">Chercheuse principale\u00a0:<\/p>\n<p style=\"padding-left: 30px;\"><a href=\"\/{localLink:10478}\" title=\"Baumbusch, Jennifer\">Jennifer Baumbusch<\/a>, RN, PhD &#8212;\u00a0Universit\u00e9 de la Colombie-Britannique<\/p>\n<p><strong><a href=\"\/{localLink:9987}\" title=\"CAT2015-19 Tang\">Un brin de pr\u00e9vention : Un entra\u00eenement contre r\u00e9sistance intensif destin\u00e9 \u00e0 optimiser la sant\u00e9 des personnes \u00e2g\u00e9es avant qu\u2019elles ne deviennent fragilis\u00e9es<\/a> (CAT 2015-19)<\/strong><\/p>\n<p style=\"padding-left: 30px;\">Chercheurs principaux :<\/p>\n<p style=\"padding-left: 30px;\"><a href=\"\/{localLink:10597}\" title=\"Tang, Ada\">Ada Tang<\/a>, PT, PhD &#8212;\u00a0Universit\u00e9 McMaster<\/p>\n<p style=\"padding-left: 30px;\"><a href=\"\/{localLink:10517}\" title=\"Gordon, Christopher\">Christopher Gordon<\/a>, PhD &#8212;\u00a0Universit\u00e9 McMaster<\/p>\n<p style=\"padding-left: 30px;\"><a href=\"\/{localLink:10605}\" title=\"Xie, Feng\">Feng Xie<\/a>, PhD &#8212;\u00a0Universit\u00e9 McMaster<\/p>\n<p><strong><a href=\"\/{localLink:9996}\" title=\"CAT2015-36 Bansback\">Examen des pr\u00e9f\u00e9rences des Canadiens \u00e2g\u00e9s et fragilis\u00e9s concernant les aspects des soins en \u00e9tablissement : Une exp\u00e9rience bas\u00e9e sur la meilleure et la pire \u00e9ventualit\u00e9<\/a>\u00a0(CAT 2015-36)<\/strong><\/p>\n<p style=\"padding-left: 30px;\">Chercheurs principaux :<\/p>\n<p style=\"padding-left: 30px;\"><a href=\"\/{localLink:10474}\" title=\"Bansback, Nick\">Nick Bansback<\/a>, PhD &#8212;\u00a0Universit\u00e9 de la Colombie-Britannique<\/p>\n<p style=\"padding-left: 30px;\"><a href=\"\/{localLink:10484}\" title=\"Bryan, Stirling\">Stirling Bryan<\/a>, PhD &#8212;\u00a0Universit\u00e9 de la Colombie-Britannique<\/p>\n<p><strong><a href=\"\/{localLink:10000}\" title=\"CAT2015-40 Grinman\">Outil \u00e9lectronique de triage anticip\u00e9 des patients en \u00e9tablissement de soins prolong\u00e9s pour les foyers de soins de longue dur\u00e9e<\/a> (CAT 2015-40)<\/strong><\/p>\n<p style=\"padding-left: 30px;\">Chercheuses principales :<\/p>\n<p style=\"padding-left: 30px;\"><a href=\"\/{localLink:10518}\" title=\"Grinman, Michelle\">Michelle\u00a0Grinman<\/a>, MD, FRCPC, MPH &#8212;\u00a0Universit\u00e9 de Calgary<\/p>\n<p style=\"padding-left: 30px;\"><a href=\"\/{localLink:10495}\" title=\"Cummings, Greta\">Greta Cummings<\/a>, RN, PhD, FCAHS, FAAN &#8212;\u00a0Universit\u00e9 de l\u2019Alberta<\/p>\n<p><strong><a href=\"\/{localLink:10002}\" title=\"CAT2015-TG1 Forchuk\">TELEPROM-G : \u00c9tude visant \u00e0 \u00e9valuer l\u2019acc\u00e8s des services de t\u00e9l\u00e9m\u00e9decine \u00e0 domicile et leur prestation aux personnes \u00e2g\u00e9es<\/a> (CAT 2015-TG1)<\/strong><\/p>\n<p style=\"padding-left: 30px;\">Chercheuse principale\u00a0:<\/p>\n<p style=\"padding-left: 30px;\"><a href=\"\/{localLink:10508}\" title=\"Forchuk, Cheryl\">Cheryl Forchuk<\/a>, PhD, RN &#8212; Lawson Health Research Institute<\/p>\n<p><strong><a href=\"\/{localLink:9994}\" title=\"CAT2015-35 Archambault\">\u00c9valuation d\u2019un outil d\u2019aide \u00e0 la prise de d\u00e9cision sur wiki, adapt\u00e9 au contexte, pour aider les patients \u00e0 prendre des d\u00e9cisions concernant les th\u00e9rapies de maintien de la vie<\/a>\u00a0(CAT 2015-35)<\/strong><\/p>\n<p style=\"padding-left: 30px;\">Chercheurs principaux :<\/p>\n<p style=\"padding-left: 30px;\"><a href=\"\/{localLink:10470}\" title=\"Archambault, Patrick Michel\">Patrick Michel Archambault<\/a>, MD, MSc, FRCPC &#8212; Universit\u00e9 Laval<\/p>\n<p style=\"padding-left: 30px;\"><a href=\"\/{localLink:10546}\" title=\"L\u00e9gar\u00e9, France\">France L\u00e9gar\u00e9<\/a>, MD, PhD, CCFP, FCFP &#8212;\u00a0Universit\u00e9 Laval<\/p>\n","protected":false},"excerpt":{"rendered":"<p>Le RCSPF a lanc\u00e9\u00a0le troisi\u00e8me concours du Programme de subventions catalyseur le 8\u00a0septembre\u00a02015. Le Programme de subventions catalyseur finance des projets d\u2019une dur\u00e9e maximale d\u2019un (1) an et d\u2019un montant maximal de 100\u00a0000\u00a0$ chacun. Les proposants doivent obtenir un financement correspondant \u00e0 50 % des fonds de ce concours et en pr\u00e9senter la preuve. Le&#8230;<\/p>\n","protected":false},"author":1,"featured_media":0,"parent":2896,"menu_order":4,"comment_status":"closed","ping_status":"open","template":"","meta":{"_acf_changed":false,"footnotes":""},"acf":[],"_links":{"self":[{"href":"https:\/\/www.cfn-nce.ca\/fr\/wp-json\/wp\/v2\/pages\/2908"}],"collection":[{"href":"https:\/\/www.cfn-nce.ca\/fr\/wp-json\/wp\/v2\/pages"}],"about":[{"href":"https:\/\/www.cfn-nce.ca\/fr\/wp-json\/wp\/v2\/types\/page"}],"author":[{"embeddable":true,"href":"https:\/\/www.cfn-nce.ca\/fr\/wp-json\/wp\/v2\/users\/1"}],"replies":[{"embeddable":true,"href":"https:\/\/www.cfn-nce.ca\/fr\/wp-json\/wp\/v2\/comments?post=2908"}],"version-history":[{"count":1,"href":"https:\/\/www.cfn-nce.ca\/fr\/wp-json\/wp\/v2\/pages\/2908\/revisions"}],"predecessor-version":[{"id":3082,"href":"https:\/\/www.cfn-nce.ca\/fr\/wp-json\/wp\/v2\/pages\/2908\/revisions\/3082"}],"up":[{"embeddable":true,"href":"https:\/\/www.cfn-nce.ca\/fr\/wp-json\/wp\/v2\/pages\/2896"}],"wp:attachment":[{"href":"https:\/\/www.cfn-nce.ca\/fr\/wp-json\/wp\/v2\/media?parent=2908"}],"curies":[{"name":"wp","href":"https:\/\/api.w.org\/{rel}","templated":true}]}}