{"id":2912,"date":"2018-09-25T09:55:35","date_gmt":"2018-09-25T13:55:35","guid":{"rendered":"http:\/\/www.cfn-nce.ca\/improving-evidence-through-research-and-kt\/our-portfolio-by-grant-type-or-competition\/our-portfolio-by-grant-type-or-competition2015-transformative-grant-program\/"},"modified":"2020-03-30T12:55:52","modified_gmt":"2020-03-30T16:55:52","slug":"2015-transformative-grant-program","status":"publish","type":"page","link":"https:\/\/www.cfn-nce.ca\/fr\/improving-evidence-through-research-and-kt\/nos-travaux-de-recherche-et-dapplication-des-connaissances\/our-portfolio-by-grant-type-or-competition\/2015-transformative-grant-program\/","title":{"rendered":"Programme de subventions de recherche transformationnelle de 2015"},"content":{"rendered":"<h3>Ce concours de recherche est maintenant ferm\u00e9. Les r\u00e9sultats seront annonc\u00e9s en mars 2016.<\/h3>\n<p>\u00a0<\/p>\n<p>Le RCSPF\u00a0invite les chercheurs et leurs \u00e9quipes \u00e0 pr\u00e9senter des projets de recherche transformationnelle d\u2019envergure, susceptibles de r\u00e9volutionner le domaine des soins aux Canadiens \u00e2g\u00e9s et fragilis\u00e9s. Le programme vise \u00e0 financer des projets de recherche exceptionnellement novateurs qui auront un impact \u00e9conomique et social important sur le r\u00e9seau de soins de sant\u00e9 au Canada.<\/p>\n<p>Par \u00ab\u00a0recherche transformationnelle\u00a0\u00bb, le RCSPF\u00a0entend des projets qui visent \u00e0 modifier consid\u00e9rablement la pratique actuelle concernant les a\u00een\u00e9s fragilis\u00e9s gr\u00e2ce \u00e0 l\u2019application de m\u00e9thodes, de pratiques ou de concepts scientifiques ou m\u00e9dicaux, actuels ou nouveaux. On pr\u00e9voit qu\u2019advenant la r\u00e9ussite des projets, les connaissances qui en d\u00e9couleront pourraient \u00eatre appliqu\u00e9es \u00e0 l\u2019ensemble du r\u00e9seau canadien de la sant\u00e9. Les projets de recherche transformationnelle admissibles au financement sont ceux qui :<\/p>\n<ul>\n<li>ont une plus grande port\u00e9e que les projets de d\u00e9monstration ayant d\u00e9j\u00e0 r\u00e9ussi;<\/li>\n<li>appliquent aux soins prodigu\u00e9s aux a\u00een\u00e9s fragilis\u00e9s des protocoles, des processus, des technologies ou des outils mis au point \u00e0 partir de connaissances ou de faits probants d\u00e9j\u00e0 \u00e9tablis;<\/li>\n<li>appliquent des protocoles de soins utilis\u00e9s par d\u2019autres syst\u00e8mes de sant\u00e9 ailleurs dans le monde;<\/li>\n<li>s\u2019inspirent d\u2019\u00e9tudes financ\u00e9es par le RCSPF\u00a0en vue d\u2019une application plus large, soit dans de plus grands r\u00e9seaux de sant\u00e9 ou dans d\u2019autres r\u00e9gions ou provinces du pays.<\/li>\n<\/ul>\n<p>Les \u00e9tudes de faisabilit\u00e9 \u00e0 petite \u00e9chelle ou les \u00e9tudes uniquement d\u2019observation <span style=\"text-decoration: underline;\">ne<\/span> sont <span style=\"text-decoration: underline;\">pas<\/span> admissibles \u00e0 ce concours.<\/p>\n<p>Les propositions doivent tenir compte du fait que les subventions seront plus importantes et de plus longue dur\u00e9e que ce n\u2019est le cas habituellement. Les subventions peuvent s\u2019\u00e9tendre sur au plus trois ans et comporter un budget maximal de 3\u00a0M$ (1\u00a0M$ par an).\u00a0<\/p>\n<p>Le financement des projets d\u00e9pendra du renouvellement du RCSPF\u00a0\u00e0 titre de RCE lors de son prochain cycle de financement (de 2017 \u00e0 2022). Les demandeurs dont les projets sont retenus seront inform\u00e9s au printemps\u00a02016. Le financement int\u00e9gral commencera au printemps\u00a02017, sous r\u00e9serve du renouvellement des RCE.<\/p>\n<p>Pour en savoir plus sur ce concours, y compris les crit\u00e8res d\u2019admissibilit\u00e9, les exigences concernant les partenariats et la description des produits livrables, consultez <a href=\"https:\/\/www.cfn-nce.ca\/media\/164431\/CFN_tra2015_lignes-directrices.pdf\">les Lignes directrices du programme<\/a>.<\/p>\n<h2>Avant de d\u00e9poser une demande<\/h2>\n<p>Avant de d\u00e9poser leur demande au Programme de subventions de recherche transformationnelle, ils y ont obtenu des renseignements sur la structure du concours et des renseignements contextuels. Les chercheurs et leurs\u00a0\u00e9quipes ont invit\u00e9 \u00e0 participer au webinaire du RCSPF.<\/p>\n<p>Le webinaire a eu lieu le mardi 30 juin (<em>en anglais seulement<\/em>).<\/p>\n<p><iframe loading=\"lazy\" src=\"https:\/\/www.youtube.com\/embed\/Nw1mriPLQGQ?rel=0\" allowfullscreen=\"\" frameborder=\"0\" height=\"315\" width=\"560\"><\/iframe><\/p>\n<p><a href=\"https:\/\/www.cfn-nce.ca\/media\/183402\/CFN-transformative-grants-webinar-june-30.pdf\">Cliquez ici pour suivre les diapositives<\/a> (pr\u00e9sentation muet; <em>en anglais seulement<\/em>).<\/p>\n<h2>Pour pr\u00e9senter une demande<\/h2>\n<p>Veuillez lire le <a href=\"https:\/\/www.cfn-nce.ca\/media\/183384\/r\u00f4les-des-membres-de-l\u2019\u00e9quipe-de-projet-du-CFN.pdf\">Document d\u2019orientation<\/a> et <a href=\"https:\/\/www.cfn-nce.ca\/media\/183399\/CFN-tg2015-application-instructions-fr.doc\">les Instructions sur la pr\u00e9sentation d\u2019une demande<\/a> avant de remplir et de d\u00e9poser votre d\u00e9claration d\u2019intention pr\u00e9alable et votre dossier d\u00e9taill\u00e9 de demande. Vous devriez aussi lire <a href=\"https:\/\/www.cfn-nce.ca\/media\/183384\/r\u00f4les-des-membres-de-l\u2019\u00e9quipe-de-projet-du-CFN.pdf\">la description des r\u00f4les \u00e9tablie par le RCSPF\u00a0afin<\/a> de vous assurer que le chercheur principal est admissible \u00e0 recevoir et \u00e0 administrer des fonds.<\/p>\n<p>Si vous avez des questions au sujet de l\u2019admissibilit\u00e9 du chercheur principal, des d\u00e9penses admissibles ou des contributions de partenaires, veuillez consulter votre \u00e9tablissement h\u00f4te ou votre organisme.<\/p>\n<p>Date limite pour le d\u00e9p\u00f4t de la d\u00e9claration d\u2019intention pr\u00e9alable : le jeudi 1<sup>er<\/sup>\u00a0octobre 2015, 17\u00a0h, HAE.<\/p>\n<p>Avant de pr\u00e9senter une demande de financement relative \u00e0 cet appel de propositions, vous devez d\u00e9poser une D\u00e9claration d\u2019intention pr\u00e9alable \u2013 R\u00e9sum\u00e9 du projet. (en anglais seulement). Veuillez transmettre le tout par courriel \u00e0\u00a0: <a href=\"mailto:apply@CFN-nce.ca?subject=CFN%20Frailty%20RFP%20--%20Competition%20%28include%20A%20or%20B%29\">apply@CFN-nce.ca.<\/a><\/p>\n<p>Date limite pour le d\u00e9p\u00f4t du dossier d\u00e9taill\u00e9 de demande : le mardi 1<sup>er<\/sup>\u00a0d\u00e9cembre 2015, \u00e0 17\u00a0h, HAE.<\/p>\n<p>Le dossier d\u00e9taill\u00e9 de demande doit \u00eatre re\u00e7u au plus tard le mardi 1<sup>er<\/sup>\u00a0d\u00e9cembre 2015, \u00e0 17\u00a0h, HAE. <span style=\"text-decoration: underline;\">Il ne sera examin\u00e9 que si une d\u00e9claration d\u2019intention a \u00e9t\u00e9 soumise au pr\u00e9alable. <\/span>Veuillez transmettre tous les documents DANS UN SEUL COURRIEL \u00e0\u00a0: <a href=\"mailto:apply@CFN-nce.ca?subject=CFN%20Frailty%20RFP%20--%20Competition%20%28include%20A%20or%20B%29\">apply@CFN-nce.ca<\/a>.<\/p>\n<p>Le dossier d\u00e9taill\u00e9 de demande comprend les \u00e9l\u00e9ments suivants (les documents seront affich\u00e9s)\u00a0:<\/p>\n<ul>\n<li><a href=\"https:\/\/www.cfn-nce.ca\/media\/183396\/CFN_tg2015_project_team_information.xlsx\">les renseignements sur l\u2019\u00e9quipe du projet<\/a> (Excel; <em>en anglais seulement<\/em>) \u2013 veuillez consulter la <a href=\"https:\/\/www.cfn-nce.ca\/media\/183384\/r\u00f4les-des-membres-de-l\u2019\u00e9quipe-de-projet-du-CFN.pdf\">description des r\u00f4les pour les programmes de subventions du RCSPF<span style=\"text-decoration: underline;\">;<\/span><\/a><\/li>\n<li><a href=\"https:\/\/www.cfn-nce.ca\/media\/183390\/CFN_tg2015_application-form.doc\">le formulaire de demande<\/a> (Word; <em>en anglais seulement<\/em>);<\/li>\n<li>les lettres d\u2019appui des partenaires (PDF);<\/li>\n<li><a href=\"https:\/\/www.cfn-nce.ca\/media\/183393\/CFN_tg2015_budget_template.xlsx\">le budget d\u00e9taill\u00e9 et la justification budg\u00e9taire<\/a> (Excel; <em>en anglais seulement<\/em>) \u2013 un document pour chaque chercheur principal;<\/li>\n<li>le curriculum vit\u00e6 des chercheurs principaux (PDF);<\/li>\n<li>le curriculum vit\u00e6 des autres membres de l\u2019\u00e9quipe (PDF);<\/li>\n<li><a href=\"https:\/\/www.cfn-nce.ca\/media\/183387\/CFN_tg2015_application_signatures.pdf\">les signatures requises<\/a> (PDF; <em>en anglais seulement<\/em>) \u2013 un document pour chaque chercheur principal.<\/li>\n<\/ul>\n<h2>Questions<\/h2>\n<p>Pour obtenir des pr\u00e9cisions ou de plus amples renseignements, veuillez communiquer avec le D<sup>r<\/sup>\u00a0Perry Kim, gestionnaire du Programme de recherche, \u00e0 <a href=\"mailto:research@CFN-nce.ca?subject=Question%20regarding%20Frailty%20FRP\">research@CFN-nce.ca<\/a>, ou au 613-549-6666, poste\u00a06208.<\/p>\n<p>\u00a0<\/p>\n","protected":false},"excerpt":{"rendered":"<p>Ce concours de recherche est maintenant ferm\u00e9. Les r\u00e9sultats seront annonc\u00e9s en mars 2016. \u00a0 Le RCSPF\u00a0invite les chercheurs et leurs \u00e9quipes \u00e0 pr\u00e9senter des projets de recherche transformationnelle d\u2019envergure, susceptibles de r\u00e9volutionner le domaine des soins aux Canadiens \u00e2g\u00e9s et fragilis\u00e9s. Le programme vise \u00e0 financer des projets de recherche exceptionnellement novateurs qui auront&#8230;<\/p>\n","protected":false},"author":1,"featured_media":0,"parent":2896,"menu_order":4,"comment_status":"closed","ping_status":"open","template":"","meta":{"_acf_changed":false,"footnotes":""},"acf":[],"_links":{"self":[{"href":"https:\/\/www.cfn-nce.ca\/fr\/wp-json\/wp\/v2\/pages\/2912"}],"collection":[{"href":"https:\/\/www.cfn-nce.ca\/fr\/wp-json\/wp\/v2\/pages"}],"about":[{"href":"https:\/\/www.cfn-nce.ca\/fr\/wp-json\/wp\/v2\/types\/page"}],"author":[{"embeddable":true,"href":"https:\/\/www.cfn-nce.ca\/fr\/wp-json\/wp\/v2\/users\/1"}],"replies":[{"embeddable":true,"href":"https:\/\/www.cfn-nce.ca\/fr\/wp-json\/wp\/v2\/comments?post=2912"}],"version-history":[{"count":2,"href":"https:\/\/www.cfn-nce.ca\/fr\/wp-json\/wp\/v2\/pages\/2912\/revisions"}],"predecessor-version":[{"id":12002,"href":"https:\/\/www.cfn-nce.ca\/fr\/wp-json\/wp\/v2\/pages\/2912\/revisions\/12002"}],"up":[{"embeddable":true,"href":"https:\/\/www.cfn-nce.ca\/fr\/wp-json\/wp\/v2\/pages\/2896"}],"wp:attachment":[{"href":"https:\/\/www.cfn-nce.ca\/fr\/wp-json\/wp\/v2\/media?parent=2912"}],"curies":[{"name":"wp","href":"https:\/\/api.w.org\/{rel}","templated":true}]}}