{"id":2913,"date":"2018-09-25T09:55:35","date_gmt":"2018-09-25T13:55:35","guid":{"rendered":"http:\/\/www.cfn-nce.ca\/improving-evidence-through-research-and-kt\/our-portfolio-by-grant-type-or-competition\/our-portfolio-by-grant-type-or-competition2016-research-priority-setting-process\/"},"modified":"2020-03-30T12:54:48","modified_gmt":"2020-03-30T16:54:48","slug":"2016-research-priority-setting-process","status":"publish","type":"page","link":"https:\/\/www.cfn-nce.ca\/fr\/improving-evidence-through-research-and-kt\/nos-travaux-de-recherche-et-dapplication-des-connaissances\/our-portfolio-by-grant-type-or-competition\/2016-research-priority-setting-process\/","title":{"rendered":"Processus 2016 d\u2019\u00e9tablir des priorit\u00e9s"},"content":{"rendered":"<p>Date limite\u00a0: LE 07 MARS 2016 \u00c0 12 00 H<\/p>\n<p><strong>Nouvelle demande de propositions pour un processus d\u2019\u00e9tablissement des priorit\u00e9s de recherche<\/strong><\/p>\n<p><span style=\"line-height: 1.5em; background-color: transparent;\"><strong>Le r\u00e9seau canadien de soins de sant\u00e9 aux personnes fragilis\u00e9es (pr\u00e9c\u00e9demment connu sous le nom R\u00e9seau canadien des soins aux personnes fragilis\u00e9es, ou RCSPF) organise un concours public pour un contrat de service pour un processus d\u2019\u00e9tablissement des priorit\u00e9s de recherche en vue de d\u00e9terminer les priorit\u00e9s de recherche ax\u00e9es sur les patients relativement aux soins de sant\u00e9 des Canadiens \u00e2g\u00e9s fragilis\u00e9s.<\/strong> Les priorit\u00e9s de recherche seront \u00e9tablies de mani\u00e8re juste et transparente, en tenant \u00e9galement compte des points de vue de Canadiens \u00e2g\u00e9s fragilis\u00e9s et de leurs aidants naturels, de m\u00eame que des cliniciens et des professionnels de la sant\u00e9 qui leur sont associ\u00e9s.<\/span><\/p>\n<p><strong><span style=\"text-decoration: underline;\">Contexte<\/span><\/strong><\/p>\n<p>La population canadienne vieillit, la hausse la plus marqu\u00e9e se situant parmi les Canadiens \u00e2g\u00e9s de 85 ans et plus. Pr\u00e8s de 25\u00a0% des Canadiens \u00e2g\u00e9s de plus de 65\u00a0ans, et plus de 50\u00a0% de ceux qui sont \u00e2g\u00e9s de plus de 85 ans ont un \u00e9tat de sant\u00e9 fragile, ce qui repr\u00e9sentera plus de deux millions de Canadiens d\u2019ici les 20 prochaines ann\u00e9es. La fragilit\u00e9 et un \u00e2ge avanc\u00e9 constituent les principales causes de d\u00e9calage des ressources en soins de sant\u00e9, des pratiques cliniques et des options de soins parce qu\u2019il existe peu de donn\u00e9es probantes sur la fa\u00e7on de traiter et de soigner les personnes \u00e2g\u00e9es fragilis\u00e9es. L\u2019\u00e9l\u00e9ment crucial est le fait que les personnes \u00e2g\u00e9es qui souffrent de plusieurs probl\u00e8mes de sant\u00e9 veulent des soins centr\u00e9s sur la personne et prodigu\u00e9s de mani\u00e8re coordonn\u00e9e, plut\u00f4t que s\u00e9par\u00e9ment, en fonction de chaque maladie.<\/p>\n<p><strong><span style=\"text-decoration: underline;\">Au sujet du concours<\/span><\/strong><\/p>\n<p><span style=\"line-height: 1.5em; background-color: transparent;\">L\u2019organisation ou l\u2019\u00e9quipe de recherche s\u00e9lectionn\u00e9e utilisera un processus de consultation auquel les citoyens participeront tout en \u00e9tablissant les priorit\u00e9s de recherche, pr\u00e9f\u00e9rablement \u00e0 l\u2019aide d\u2019un processus conforme au protocole de la James Lind Alliance (JLA) (<\/span><a style=\"line-height: 1.5em; background-color: transparent;\" href=\"http:\/\/www.jla.nihr.ac.uk\/\">http:\/\/www.jla.nihr.ac.uk\/<\/a><span style=\"line-height: 1.5em; background-color: transparent;\">).<\/span><\/p>\n<p><span style=\"line-height: 1.5em; background-color: transparent;\">Ce processus d\u2019\u00e9tablissement des priorit\u00e9s de recherche r\u00e9unira des patients et des cliniciens en vue de d\u00e9terminer les incertitudes entourant la gestion des soins m\u00e9dicaux (\u00e0 savoir, les diagnostics, les pronostics, et les traitements) en ce qui a trait aux soins de sant\u00e9 des Canadiens \u00e2g\u00e9s fragilis\u00e9s, dans tous les genres de contextes, y compris ceux en fin de vie. Les participants conviendront par consensus d\u2019une liste de priorit\u00e9s de dix (10) \u00e0 quinze (15) questions sans r\u00e9ponse concernant la gestion des soins m\u00e9dicaux.<\/span><\/p>\n<p><span style=\"line-height: 1.5em; background-color: transparent;\">Le processus d\u2019\u00e9tablissement des priorit\u00e9s de recherche devra \u00eatre r\u00e9alis\u00e9 dans les 12 mois suivant la signature du contrat, et sera assorti d\u2019un budget maximal de 50\u00a0000 \u00a0dollars, en plus du financement d\u2019une derni\u00e8re rencontre en personne.<\/span><\/p>\n<p><span style=\"line-height: 1.5em; background-color: transparent;\">Les demandes de propositions et les propositions sont disponibles \u00e0 <\/span><a style=\"line-height: 1.5em; background-color: transparent;\" href=\"\/research-and-funding\/2016-research-priority-setting-process\/\">\/research-and-funding\/2016-research-priority-setting-process\/<\/a><span style=\"line-height: 1.5em; background-color: transparent;\">.<\/span><\/p>\n<p><span style=\"line-height: 1.5em; background-color: transparent;\">Les propositions peuvent \u00eatre soumises par courriel \u00e0 <\/span><a style=\"line-height: 1.5em; background-color: transparent;\" href=\"mailto:apply@CFN-nce.ca\">apply@CFN-nce.ca<\/a><span style=\"line-height: 1.5em; background-color: transparent;\"> avant 12\u00a0h, heure normale de l\u2019Est, le lundi 7 mars 2016.<\/span><\/p>\n<p>\u00a0<\/p>\n","protected":false},"excerpt":{"rendered":"<p>Date limite\u00a0: LE 07 MARS 2016 \u00c0 12 00 H Nouvelle demande de propositions pour un processus d\u2019\u00e9tablissement des priorit\u00e9s de recherche Le r\u00e9seau canadien de soins de sant\u00e9 aux personnes fragilis\u00e9es (pr\u00e9c\u00e9demment connu sous le nom R\u00e9seau canadien des soins aux personnes fragilis\u00e9es, ou RCSPF) organise un concours public pour un contrat de service&#8230;<\/p>\n","protected":false},"author":1,"featured_media":0,"parent":2896,"menu_order":6,"comment_status":"closed","ping_status":"open","template":"","meta":{"_acf_changed":false,"footnotes":""},"acf":[],"_links":{"self":[{"href":"https:\/\/www.cfn-nce.ca\/fr\/wp-json\/wp\/v2\/pages\/2913"}],"collection":[{"href":"https:\/\/www.cfn-nce.ca\/fr\/wp-json\/wp\/v2\/pages"}],"about":[{"href":"https:\/\/www.cfn-nce.ca\/fr\/wp-json\/wp\/v2\/types\/page"}],"author":[{"embeddable":true,"href":"https:\/\/www.cfn-nce.ca\/fr\/wp-json\/wp\/v2\/users\/1"}],"replies":[{"embeddable":true,"href":"https:\/\/www.cfn-nce.ca\/fr\/wp-json\/wp\/v2\/comments?post=2913"}],"version-history":[{"count":1,"href":"https:\/\/www.cfn-nce.ca\/fr\/wp-json\/wp\/v2\/pages\/2913\/revisions"}],"predecessor-version":[{"id":3087,"href":"https:\/\/www.cfn-nce.ca\/fr\/wp-json\/wp\/v2\/pages\/2913\/revisions\/3087"}],"up":[{"embeddable":true,"href":"https:\/\/www.cfn-nce.ca\/fr\/wp-json\/wp\/v2\/pages\/2896"}],"wp:attachment":[{"href":"https:\/\/www.cfn-nce.ca\/fr\/wp-json\/wp\/v2\/media?parent=2913"}],"curies":[{"name":"wp","href":"https:\/\/api.w.org\/{rel}","templated":true}]}}