{"id":2917,"date":"2018-09-25T09:55:35","date_gmt":"2018-09-25T13:55:35","guid":{"rendered":"http:\/\/www.cfn-nce.ca\/improving-evidence-through-research-and-kt\/our-portfolio-by-grant-type-or-competition\/our-portfolio-by-grant-type-or-competition2018-catalyst-grant-program\/"},"modified":"2024-03-13T15:00:07","modified_gmt":"2024-03-13T19:00:07","slug":"2018-catalyst-grant-program","status":"publish","type":"page","link":"https:\/\/www.cfn-nce.ca\/fr\/improving-evidence-through-research-and-kt\/nos-travaux-de-recherche-et-dapplication-des-connaissances\/our-portfolio-by-grant-type-or-competition\/2018-catalyst-grant-program\/","title":{"rendered":"Concours du Programme de subventions catalyseur de 2018"},"content":{"rendered":"<p>Le concours du Programme de subventions catalyseur mise sur les constats de <a title=\"Helping to set research priorities\" href=\"\/%7blocalLink:11325%7d\">l\u2019\u00e9tude intitul\u00e9e Partenariat canadien pour l\u2019\u00e9tablissement des priorit\u00e9s de recherche sur les soins aux personnes fragilis\u00e9es, financ\u00e9e par le RCSPF<\/a>.\u00a0Achev\u00e9e r\u00e9cemment, cette \u00e9tude s\u2019est bas\u00e9e sur le protocole de la James Lind Alliance (Royaume-Uni) pour \u00e9tablir, aux fins d\u2019examen, les dix principales priorit\u00e9s citoyennes pour la recherche sur la fragilisation.<\/p>\n<p>Le programme financera des projets d\u2019\u00e9tudes de recherche, d\u2019application des connaissances ou d\u2019am\u00e9lioration de la qualit\u00e9 qui traiteront directement de l\u2019une ou de plusieurs des 10\u00a0principales priorit\u00e9s \u00e9tablies.<\/p>\n<ol start=\"1\">\n<li>Comment le syst\u00e8me de sant\u00e9 pourrait-il \u00eatre organis\u00e9 pour fournir des soins int\u00e9gr\u00e9s\/coordonn\u00e9s qui r\u00e9pondraient mieux aux besoins des personnes \u00e2g\u00e9es fragilis\u00e9es et de leur famille\/des aidants en mati\u00e8re de sant\u00e9 et de soins sociaux?<\/li>\n<li>Comment pourrait-on adapter les soins, les services et les traitements aux besoins des personnes \u00e2g\u00e9es fragilis\u00e9es qui sont isol\u00e9es ou sans soutien de leur famille\/des aidants ou des mandataires?<\/li>\n<li>Quelles sont les cons\u00e9quences des services, des programmes et des ressources communautaires et \u00e0 domicile sur la pr\u00e9vention et la gestion de la fragilit\u00e9 (notamment en ce qui a trait au ralentissement de la progression de la fragilit\u00e9 ou \u00e0 la r\u00e9duction de ses cons\u00e9quences)?<\/li>\n<li>Quels sont les co\u00fbts et les avantages des mod\u00e8les alternatifs d\u2019h\u00e9bergement, notamment les mod\u00e8les d\u2019habitation interg\u00e9n\u00e9rationnelle ou commune, pour les personnes \u00e2g\u00e9es fragilis\u00e9es?<\/li>\n<li>Comment pourrait-on \u00e9viter l\u2019hospitalisation et les visites inutiles au service des urgences des personnes \u00e2g\u00e9es fragilis\u00e9es?<\/li>\n<li>Quels types d\u2019attitudes, de comp\u00e9tences et de connaissances sur la fragilit\u00e9 les fournisseurs de soins de sant\u00e9 et de services sociaux devraient-ils avoir? Comment pourrait-on efficacement am\u00e9liorer les attitudes et renforcer les comp\u00e9tences et connaissances des fournisseurs de soins de sant\u00e9 et de services sociaux en ce qui a trait aux personnes \u00e2g\u00e9es fragilis\u00e9es?<\/li>\n<li>Comment pourrait-on aider les personnes \u00e2g\u00e9es fragilis\u00e9es et leur famille\/les aidants \u00e0 d\u00e9terminer le moment o\u00f9 la vie \u00e0 domicile n\u2019est plus possible?<\/li>\n<li>Comment pourrait-on efficacement soutenir la sant\u00e9 et le bien-\u00eatre des membres de la famille et des aidants, aussi bien que la sant\u00e9 et le bien-\u00eatre des personnes \u00e2g\u00e9es fragilis\u00e9es?<\/li>\n<li>Comment les mesures de fragilit\u00e9 pourraient-elles \u00eatre utilis\u00e9es par les professionnels de la sant\u00e9, les personnes \u00e2g\u00e9es et leur famille\/les soignants pour \u00e9clairer leurs d\u00e9cisions en mati\u00e8re de traitement et de soins?<\/li>\n<li>Quelles sont les cons\u00e9quences de l\u2019exercice et de l\u2019activit\u00e9 physique (y compris le type, la dur\u00e9e et l\u2019intensit\u00e9) sur la pr\u00e9vention et la gestion de la fragilit\u00e9 (notamment en ce qui a trait au ralentissement de la progression de la fragilit\u00e9 ou \u00e0 la r\u00e9duction de ses cons\u00e9quences)?<\/li>\n<\/ol>\n<p>Le concours est pr\u00e9sent\u00e9 en collaboration avec la <a href=\"https:\/\/www.nbhrf.com\/\">Fondation de la recherche en sant\u00e9 du Nouveau-Brunswick (FRSNB).<\/a><\/p>\n<p><strong><span style=\"text-decoration: underline;\">Crit\u00e8res d\u2019admissibilit\u00e9<\/span><\/strong><\/p>\n<p>Les candidats doivent occuper un poste d\u2019universitaire ou de chercheur \u00e0 un \u00e9tablissement membre du RCSPF et \u00eatre admissibles aux bourses des Instituts de recherche en sant\u00e9 du Canada (IRSC), du Conseil de recherches en sciences naturelles et en g\u00e9nie du Canada (CRSNG) ou du Conseil de recherches en sciences humaines du Canada (CRSH).\u00a0Le concours s\u2019adresse aux personnes de toutes disciplines.<\/p>\n<p>Le Programme de subventions catalyseur finance des \u00e9tudes de mise en \u0153uvre \u00e9chelonnables, des \u00e9tudes de faisabilit\u00e9, des recherches translationnelles ou des \u00e9tudes d\u2019am\u00e9lioration de la qualit\u00e9 qui portent sur des approches, des m\u00e9thodologies ou des technologies originales et innovatrices, y compris les innovations sociales et les approches novatrices en mati\u00e8re de changement d\u2019orientation.<\/p>\n<p>Les \u00e9tudes doivent viser les a\u00een\u00e9s fragilis\u00e9s du Canada, leurs proches et leurs aidants, et les protocoles doivent pr\u00e9voir l\u2019\u00e9valuation de la fragilisation chez tous les participants \u00e0 l\u2019\u00e9tude au moyen d\u2019un outil publi\u00e9 et valid\u00e9 convenant \u00e0 l\u2019\u00e9tablissement de soins.<\/p>\n<p><strong><span style=\"text-decoration: underline;\">Exigences relatives aux \u00e9quipes de projet<\/span><\/strong><\/p>\n<p>Les \u00e9quipes de projet doivent \u00eatre multisectorielles et multidisciplinaires, et doivent provenir de plusieurs \u00e9tablissements. Outre les chercheurs, partenaires et utilisateurs de connaissances, les \u00e9quipes de projet doivent amener les a\u00een\u00e9s et leurs amis et proches aidants \u00e0 participer de mani\u00e8re importante \u00e0 tous les volets du projet\u00a0\/\u00a0processus. Des exigences particuli\u00e8res concernant la formation de personnel hautement qualifi\u00e9 (PHQ) ont aussi \u00e9t\u00e9 \u00e9tablies.<\/p>\n<p><strong><span style=\"text-decoration: underline;\">Financement<\/span><\/strong><\/p>\n<p>Le programme financera des projets d\u2019une dur\u00e9e maximale de 16\u00a0mois et d\u2019un budget maximal de 100\u00a0000\u00a0$, qui feront appel \u00e0 des \u00e9quipes multidisciplinaires provenant de plusieurs \u00e9tablissements. Les propositions doivent faire \u00e9tat de l\u2019engagement de partenaires \u00e0 verser des contributions en esp\u00e8ces ou en nature admissibles, dont la valeur \u00e9quivaut \u00e0 celle\u00a0du financement offert par le RCSPF. Par exemple, un chercheur pr\u00e9sentant une demande de 100\u00a0000\u00a0$\u00a0au RCSPF doit avoir obtenu des contributions de partenaires en esp\u00e8ces ou en nature \u00e9quivalant \u00e0 au moins 100\u00a0000\u00a0$.<\/p>\n<p>Le budget total du programme est de 650\u00a0000\u00a0$ et vient s\u2019ajouter aux fonds allou\u00e9s aux travaux men\u00e9s au Nouveau-Brunswick (consulter les <a href=\"https:\/\/www.cfn-nce.ca\/wp-content\/uploads\/2018\/09\/cat2018-program-guidelines.pdf\">lignes directrices du programme<\/a> pour plus de renseignements). <span style=\"text-decoration: underline;\">Remarque\u00a0<\/span>: Il est possible que le RCSPF \u00e9tablisse d\u2019autres collaborations ou partenariats lui permettant d\u2019accro\u00eetre le budget total allou\u00e9 \u00e0 ce concours et le nombre de domaines de recherche prioritaires dans un proche avenir.\u00a0Nous invitons toutes les personnes int\u00e9ress\u00e9es \u00e0 consulter cette page r\u00e9guli\u00e8rement, ainsi que les m\u00e9dias sociaux sur lesquels le RCSPF est pr\u00e9sent, afin d\u2019obtenir des renseignements \u00e0 jour.<\/p>\n<p><strong><span style=\"text-decoration: underline;\">Dates limites<\/span>\u00a0<\/strong><\/p>\n<p>Seules les \u00e9quipes qui auront soumis une <a href=\"https:\/\/www.cfn-nce.ca\/media\/589239\/cat2018-intent-to-apply.docx\">d\u00e9claration d\u2019intention pr\u00e9alable \u00e0 la demande<\/a> \u00e0 la date limite \u00e9tablie pourront par la suite pr\u00e9senter une demande d\u00e9taill\u00e9e aux fins d\u2019examen. La d\u00e9claration d\u2019intention pr\u00e9alable doit \u00eatre soumise au plus tard le lundi 15\u00a0janvier 2018, \u00e0 17\u00a0h (HNE) \u00e0 l\u2019adresse suivante\u00a0: <a href=\"mailto:apply@cfn-nce.ca\">apply@cfn-nce.ca<\/a>.<\/p>\n<p style=\"padding-left: 30px;\"><span style=\"text-decoration: underline;\">Remarque\u00a0<\/span>: Une fois que la d\u00e9claration d\u2019intention pr\u00e9alable aura \u00e9t\u00e9 soumise, il ne sera plus possible d\u2019ajouter de chercheurs principaux ou de cochercheurs au projet.<\/p>\n<p>La demande d\u00e9taill\u00e9e doit \u00eatre soumise au plus tard le lundi 26\u00a0f\u00e9vrier 2018, \u00e0 17\u00a0h (HNE), par l\u2019entremise de <a href=\"https:\/\/forum.tvn-nce.ca\/index.php\/Main_Page\">Forum<\/a>, le syst\u00e8me de demandes et de rapports en ligne du RCSPF.<\/p>\n<p>Les candidats dont les projets seront retenus en seront inform\u00e9s en juillet 2018. Le RCSPF commencera \u00e0 verser les fonds \u00e0 l\u2019\u00e9gard des demandes retenues apr\u00e8s que toutes les ententes n\u00e9cessaires auront \u00e9t\u00e9 sign\u00e9es et qu\u2019il aura re\u00e7u l\u2019approbation du comit\u00e9 d\u2019\u00e9thique de l\u2019\u00e9tablissement h\u00f4te. <span style=\"text-decoration: underline;\">Remarque\u00a0<\/span>: AUCUNE PROLONGATION ne sera accord\u00e9e au-del\u00e0 de la p\u00e9riode maximale de 16 mois vis\u00e9e par la subvention.<\/p>\n<p><strong><span style=\"text-decoration: underline;\">Processus de demande<\/span><\/strong><\/p>\n<p><span style=\"text-decoration: underline;\">Remarque\u00a0<\/span>: Le processus de demande a chang\u00e9 depuis les derniers concours du Programme de subventions catalyseur du RCSPF. La demande doit d\u00e9sormais \u00eatre transmise en ligne par l\u2019entremise de Forum. Tous les formulaires requis peuvent \u00eatre t\u00e9l\u00e9charg\u00e9s sur Forum et doivent \u00eatre transmis aussi par Forum une fois remplis. Veuillez lire attentivement les <a href=\"https:\/\/www.cfn-nce.ca\/wp-content\/uploads\/2018\/09\/cat2018-program-guidelines.pdf\">lignes directrices du programme<\/a>, les <a href=\"https:\/\/www.cfn-nce.ca\/wp-content\/uploads\/2018\/09\/cat2018-application-instructions.pdf\">directives de pr\u00e9sentation des demande<\/a><span style=\"text-decoration: underline;\">s<\/span> et le <a href=\"https:\/\/www.cfn-nce.ca\/wp-content\/uploads\/2018\/09\/cat2018-sample-application-form.pdf\">mod\u00e8le du formulaire de demande<\/a> (en anglais) avant de pr\u00e9senter votre <a href=\"https:\/\/www.cfn-nce.ca\/media\/589239\/cat2018-intent-to-apply.docx\">d\u00e9claration d\u2019intention pr\u00e9alable<\/a> (en anglais) et votre demande d\u00e9taill\u00e9e.<\/p>\n<p>Votre demande d\u00e9taill\u00e9e doit comprendre les documents suivants\u00a0:<\/p>\n<ol start=\"1\">\n<li>Renseignements sur l\u2019\u00e9quipe du projet<\/li>\n<li>Formulaire de demande<\/li>\n<li>Lettres de soutien des partenaires<\/li>\n<li>Budget d\u00e9taill\u00e9 et justification budg\u00e9taire (pour chaque chercheur principal)<\/li>\n<li>Curriculum vitae des chercheurs principaux<\/li>\n<li>Curriculum vitae des autres membres de l\u2019\u00e9quipe<\/li>\n<li>Signatures requises (pour chaque chercheur principal)<\/li>\n<li>Attestation de la pr\u00e9sentation du projet au comit\u00e9 d\u2019\u00e9thique de l\u2019\u00e9tablissement o\u00f9 est affect\u00e9 chaque chercheur principal (veuillez consulter les lignes directrices du programme pour plus de renseignements)<\/li>\n<\/ol>\n","protected":false},"excerpt":{"rendered":"<p>Le concours du Programme de subventions catalyseur mise sur les constats de l\u2019\u00e9tude intitul\u00e9e Partenariat canadien pour l\u2019\u00e9tablissement des priorit\u00e9s de recherche sur les soins aux personnes fragilis\u00e9es, financ\u00e9e par le RCSPF.\u00a0Achev\u00e9e r\u00e9cemment, cette \u00e9tude s\u2019est bas\u00e9e sur le protocole de la James Lind Alliance (Royaume-Uni) pour \u00e9tablir, aux fins d\u2019examen, les dix principales priorit\u00e9s&#8230;<\/p>\n","protected":false},"author":1,"featured_media":0,"parent":2896,"menu_order":3,"comment_status":"closed","ping_status":"open","template":"","meta":{"_acf_changed":false,"footnotes":""},"acf":[],"_links":{"self":[{"href":"https:\/\/www.cfn-nce.ca\/fr\/wp-json\/wp\/v2\/pages\/2917"}],"collection":[{"href":"https:\/\/www.cfn-nce.ca\/fr\/wp-json\/wp\/v2\/pages"}],"about":[{"href":"https:\/\/www.cfn-nce.ca\/fr\/wp-json\/wp\/v2\/types\/page"}],"author":[{"embeddable":true,"href":"https:\/\/www.cfn-nce.ca\/fr\/wp-json\/wp\/v2\/users\/1"}],"replies":[{"embeddable":true,"href":"https:\/\/www.cfn-nce.ca\/fr\/wp-json\/wp\/v2\/comments?post=2917"}],"version-history":[{"count":3,"href":"https:\/\/www.cfn-nce.ca\/fr\/wp-json\/wp\/v2\/pages\/2917\/revisions"}],"predecessor-version":[{"id":16889,"href":"https:\/\/www.cfn-nce.ca\/fr\/wp-json\/wp\/v2\/pages\/2917\/revisions\/16889"}],"up":[{"embeddable":true,"href":"https:\/\/www.cfn-nce.ca\/fr\/wp-json\/wp\/v2\/pages\/2896"}],"wp:attachment":[{"href":"https:\/\/www.cfn-nce.ca\/fr\/wp-json\/wp\/v2\/media?parent=2917"}],"curies":[{"name":"wp","href":"https:\/\/api.w.org\/{rel}","templated":true}]}}