{"id":2918,"date":"2018-09-25T09:55:47","date_gmt":"2018-09-25T13:55:47","guid":{"rendered":"http:\/\/www.cfn-nce.ca\/improving-evidence-through-research-and-kt\/our-portfolio-by-grant-type-or-competition\/our-portfolio-by-grant-type-or-competition2018-understanding-the-health-impact-of-inactivity\/"},"modified":"2020-03-30T12:54:42","modified_gmt":"2020-03-30T16:54:42","slug":"2018-understanding-the-health-impact-of-inactivity","status":"publish","type":"page","link":"https:\/\/www.cfn-nce.ca\/fr\/improving-evidence-through-research-and-kt\/nos-travaux-de-recherche-et-dapplication-des-connaissances\/our-portfolio-by-grant-type-or-competition\/2018-understanding-the-health-impact-of-inactivity\/","title":{"rendered":"Possibilit\u00e9 de financement \u2013 Comprendre les effets de l\u2019inactivit\u00e9 sur la sant\u00e9, 2018"},"content":{"rendered":"<p><em><strong>Le R\u00e9seau canadien des soins aux personnes fragilis\u00e9es en partenariat avec l\u2019<a href=\"http:\/\/www.cihr-irsc.gc.ca\/f\/8671.html\">Institut du vieillissement<\/a> et <a href=\"http:\/\/www.cihr-irsc.gc.ca\/f\/8663.html\">l\u2019Institut de la sant\u00e9 circulatoire et respiratoire<\/a> des IRSC, et l\u2019<a href=\"http:\/\/www.asc-csa.gc.ca\/fra\/default.asp\">Agence spatiale canadienne<\/a>, est heureux d\u2019annoncer le lancement d\u2019une nouvelle possibilit\u00e9 de financement tr\u00e8s int\u00e9ressante.<\/strong><\/em><\/p>\n<p>Il s\u2019agit de la premi\u00e8re composante qui sera lanc\u00e9e dans le contexte de l\u2019initiative \u00e9largie Transitions dans les soins des IRSC. Cette possibilit\u00e9 de financement appuiera des projets de recherche ambitieux, novateurs, multidisciplinaires et concert\u00e9s pour nous aider \u00e0 comprendre les effets de l\u2019inactivit\u00e9 sur la sant\u00e9. Les objectifs ultimes sont d\u2019\u00e9laborer des solutions qui am\u00e9lioreront la qualit\u00e9 de vie des personnes \u00e2g\u00e9es, d\u2019\u00e9clairer les transitions dans les soins et d\u2019att\u00e9nuer les risques pour la sant\u00e9 associ\u00e9s \u00e0 la vie dans l\u2019espace.<\/p>\n<p>L\u2019apesanteur a un impact important sur le niveau d\u2019activit\u00e9 des astronautes pendant une mission spatiale. Ces conditions peuvent nuire \u00e0 leur sant\u00e9 et leur bien-\u00eatre de la m\u00eame fa\u00e7on que ce que vivent des personnes inactives sur Terre. Les \u00e9tudes sur l\u2019inactivit\u00e9 induites par le paradigme de l\u2019alitement sont r\u00e9guli\u00e8rement utilis\u00e9es dans la recherche spatiale afin de reproduire, sur Terre, l\u2019inactivit\u00e9 et les d\u00e9placements des fluides que subissent les astronautes dans l\u2019espace. Les \u00e9tudes sur l\u2019inactivit\u00e9 sont \u00e9galement utiles pour identifier les variables biologiques qui serviront \u00e0 \u00e9clairer les transitions dans les soins de patients qui font l\u2019exp\u00e9rience de p\u00e9riodes d\u2019inactivit\u00e9 de dur\u00e9e variable (p.\u00a0ex. les patients hospitalis\u00e9s ou aux soins intensifs) ou d\u2019une baisse des activit\u00e9s dans la vie quotidienne (p.\u00a0ex. blessure aigu\u00eb, r\u00e9adaptation, soins \u00e0 domicile ou soins de longue dur\u00e9e).<\/p>\n<p>Cette possibilit\u00e9 de financement permettra d\u2019appuyer des recherches sur l\u2019inactivit\u00e9 portant sur des personnes \u00e2g\u00e9es et inclura une intervention au moyen d\u2019une contremesure par l\u2019exercice. L\u2019\u00e9tude cherchera \u00e0 d\u00e9terminer l\u2019efficacit\u00e9 de cette contremesure en vue d\u2019att\u00e9nuer les effets de l\u2019inactivit\u00e9 et de l\u2019apesanteur sur la sant\u00e9.<\/p>\n<h3><strong>Comment pr\u00e9senter une demande\u00a0:<\/strong><\/h3>\n<p>La possibilit\u00e9 de financement <a href=\"https:\/\/www.researchnet-recherchenet.ca\/rnr16\/viewOpportunityDetails.do?browseArc=true&amp;fodAgency=CIHR&amp;org=CIHR&amp;progCd=10868&amp;view=browseArchive&amp;language=F\">Comprendre les effets de l\u2019inactivit\u00e9 sur la sant\u00e9 2018<\/a> est maintenant affich\u00e9e dans RechercheNet.<\/p>\n<p>Les personnes int\u00e9ress\u00e9es sont invit\u00e9es \u00e0 participer \u00e0 un webinaire le 24\u00a0mai, de 14\u00a0h \u00e0 15\u00a0h, \u00a0HE. Pour vous inscrire, cliquez\u00a0<a href=\"https:\/\/gts-ee.webex.com\/gts-ee\/onstage\/g.php?MTID=eafa982bb25d6c94845eb0d084daa5871\">ici<\/a>. Seules les personnes inscrites recevront une invitation par WebEx avant le webinaire. Le webinaire sera donn\u00e9 en anglais seulement; toutefois, les diapositives seront disponibles en fran\u00e7ais et en anglais, et les participants pourront poser des questions dans les deux langues officielles. Apr\u00e8s le webinaire, il sera possible d\u2019obtenir des copies des diapositives et d\u2019un document de questions et r\u00e9ponses. \u00c0 cette fin, veuillez envoyer un courriel \u00e0\u00a0: <a href=\"mailto:support@cihr-irsc.gc.ca\">support@cihr-irsc.gc.ca<\/a>.<\/p>\n<h3><strong>Dates importantes<\/strong><\/h3>\n<p>Inscription au concours\u00a0: le 24 juillet 2018<\/p>\n<p>Date limite pour la r\u00e9ception des demandes\u00a0: le 21 ao\u00fbt 2018<\/p>\n<p>Date pr\u00e9vue de l\u2019avis de d\u00e9cision et du d\u00e9but du financement\u00a0: mi-d\u00e9cembre 2018\u00a0<\/p>\n","protected":false},"excerpt":{"rendered":"<p>Le R\u00e9seau canadien des soins aux personnes fragilis\u00e9es en partenariat avec l\u2019Institut du vieillissement et l\u2019Institut de la sant\u00e9 circulatoire et respiratoire des IRSC, et l\u2019Agence spatiale canadienne, est heureux d\u2019annoncer le lancement d\u2019une nouvelle possibilit\u00e9 de financement tr\u00e8s int\u00e9ressante. Il s\u2019agit de la premi\u00e8re composante qui sera lanc\u00e9e dans le contexte de l\u2019initiative \u00e9largie&#8230;<\/p>\n","protected":false},"author":1,"featured_media":0,"parent":2896,"menu_order":6,"comment_status":"closed","ping_status":"open","template":"","meta":{"_acf_changed":false,"footnotes":""},"acf":[],"_links":{"self":[{"href":"https:\/\/www.cfn-nce.ca\/fr\/wp-json\/wp\/v2\/pages\/2918"}],"collection":[{"href":"https:\/\/www.cfn-nce.ca\/fr\/wp-json\/wp\/v2\/pages"}],"about":[{"href":"https:\/\/www.cfn-nce.ca\/fr\/wp-json\/wp\/v2\/types\/page"}],"author":[{"embeddable":true,"href":"https:\/\/www.cfn-nce.ca\/fr\/wp-json\/wp\/v2\/users\/1"}],"replies":[{"embeddable":true,"href":"https:\/\/www.cfn-nce.ca\/fr\/wp-json\/wp\/v2\/comments?post=2918"}],"version-history":[{"count":1,"href":"https:\/\/www.cfn-nce.ca\/fr\/wp-json\/wp\/v2\/pages\/2918\/revisions"}],"predecessor-version":[{"id":3089,"href":"https:\/\/www.cfn-nce.ca\/fr\/wp-json\/wp\/v2\/pages\/2918\/revisions\/3089"}],"up":[{"embeddable":true,"href":"https:\/\/www.cfn-nce.ca\/fr\/wp-json\/wp\/v2\/pages\/2896"}],"wp:attachment":[{"href":"https:\/\/www.cfn-nce.ca\/fr\/wp-json\/wp\/v2\/media?parent=2918"}],"curies":[{"name":"wp","href":"https:\/\/api.w.org\/{rel}","templated":true}]}}