{"id":3145,"date":"2018-10-02T11:09:59","date_gmt":"2018-10-02T15:09:59","guid":{"rendered":"http:\/\/www.cfn-nce.ca\/?page_id=3145"},"modified":"2024-03-21T17:20:21","modified_gmt":"2024-03-21T21:20:21","slug":"news-and-events","status":"publish","type":"page","link":"https:\/\/www.cfn-nce.ca\/fr\/news-and-events\/","title":{"rendered":"Nouvelles et impact"},"content":{"rendered":"<div class=\"wpb-content-wrapper\"><p>[vc_row][vc_column][vc_empty_space][vc_row_inner][vc_column_inner width=\u00a0\u00bb2\/3&Prime;][vc_single_image image=\u00a0\u00bb16911&Prime; img_size=\u00a0\u00bblarge\u00a0\u00bb alignment=\u00a0\u00bbcenter\u00a0\u00bb style=\u00a0\u00bbvc_box_shadow\u00a0\u00bb onclick=\u00a0\u00bbcustom_link\u00a0\u00bb img_link_target=\u00a0\u00bb_blank\u00a0\u00bb link=\u00a0\u00bbhttps:\/\/www.cfn-nce.ca\/wp-content\/uploads\/2024\/03\/RCSPF_Rapport-dimpact-de-2012-2024_FR.pdf\u00a0\u00bb][\/vc_column_inner][vc_column_inner width=\u00a0\u00bb1\/3&Prime;][vc_column_text]Pour honorer nos r\u00e9ussites et tracer la voie de l\u2019avenir, le pr\u00e9sent rapport souligne nos contributions les plus importantes au cours des 11 ann\u00e9es pour apporter un changement positif dans la vie des personnes \u00e2g\u00e9es.<\/p>\n<p id=\"tw-target-text\" class=\"tw-data-text tw-text-large tw-ta\" dir=\"ltr\" data-placeholder=\"Translation\" aria-label=\"Translated text\" data-ved=\"2ahUKEwj02uOqlYaFAxXdGjQIHSJiDbwQ3ewLegQIBRAU\"><span class=\"Y2IQFc\" lang=\"fr\">En collaboration avec notre r\u00e9seau, <\/span>nous avons cultiv\u00e9 des racines solides pour l\u2019avenir des personnes fragilis\u00e9es, la recherche sur le vieillissement et la transformation des syst\u00e8mes. Ensemble, nous continuerons de b\u00e2tir des communaut\u00e9s plus saines et d\u2019am\u00e9liorer les soins de sant\u00e9 et les services sociaux pour veiller \u00e0 ce que les personnes \u00e2g\u00e9es et leurs aidants re\u00e7oivent des soins qui tiennent compte de la fragilisation et qui encouragent l\u2019autonomie, la dignit\u00e9 et le\u00a0respect.<\/p>\n<p>[\/vc_column_text][\/vc_column_inner][\/vc_row_inner][vc_empty_space height=\u00a0\u00bb50px\u00a0\u00bb][vc_separator][vc_empty_space][\/vc_column][\/vc_row][vc_row][vc_column width=\u00a0\u00bb1\/2&Prime;][vc_single_image image=\u00a0\u00bb10717&Prime; img_size=\u00a0\u00bbmedium\u00a0\u00bb alignment=\u00a0\u00bbcenter\u00a0\u00bb][vc_column_text]<\/p>\n<p style=\"text-align: center;\"><a href=\"https:\/\/www.cfn-nce.ca\/fr\/?page_id=12111&amp;preview=true\">Histoires de r\u00e9ussite et initiatives<\/a><\/p>\n<p>[\/vc_column_text][\/vc_column][vc_column width=\u00a0\u00bb1\/2&Prime;][vc_single_image image=\u00a0\u00bb10719&Prime; img_size=\u00a0\u00bbmedium\u00a0\u00bb alignment=\u00a0\u00bbcenter\u00a0\u00bb][vc_column_text]<\/p>\n<p style=\"text-align: center;\"><a href=\"https:\/\/www.cfn-nce.ca\/fr\/?page_id=11852&amp;preview=true\">Webinaires<\/a><\/p>\n<p>[\/vc_column_text][\/vc_column][\/vc_row]<\/p>\n<\/div>","protected":false},"excerpt":{"rendered":"<p>[vc_row][vc_column][vc_empty_space][vc_row_inner][vc_column_inner width=\u00a0\u00bb2\/3&Prime;][vc_single_image image=\u00a0\u00bb16911&Prime; img_size=\u00a0\u00bblarge\u00a0\u00bb alignment=\u00a0\u00bbcenter\u00a0\u00bb style=\u00a0\u00bbvc_box_shadow\u00a0\u00bb onclick=\u00a0\u00bbcustom_link\u00a0\u00bb img_link_target=\u00a0\u00bb_blank\u00a0\u00bb link=\u00a0\u00bbhttps:\/\/www.cfn-nce.ca\/wp-content\/uploads\/2024\/03\/RCSPF_Rapport-dimpact-de-2012-2024_FR.pdf\u00a0\u00bb][\/vc_column_inner][vc_column_inner width=\u00a0\u00bb1\/3&Prime;][vc_column_text]Pour honorer nos r\u00e9ussites et tracer la voie de l\u2019avenir, le pr\u00e9sent rapport souligne nos contributions les plus importantes au cours des 11 ann\u00e9es pour apporter un changement positif dans la vie des personnes \u00e2g\u00e9es. En collaboration avec notre r\u00e9seau, nous avons cultiv\u00e9 des racines solides&#8230;<\/p>\n","protected":false},"author":1,"featured_media":0,"parent":0,"menu_order":60,"comment_status":"closed","ping_status":"closed","template":"","meta":{"_acf_changed":false,"footnotes":""},"acf":[],"_links":{"self":[{"href":"https:\/\/www.cfn-nce.ca\/fr\/wp-json\/wp\/v2\/pages\/3145"}],"collection":[{"href":"https:\/\/www.cfn-nce.ca\/fr\/wp-json\/wp\/v2\/pages"}],"about":[{"href":"https:\/\/www.cfn-nce.ca\/fr\/wp-json\/wp\/v2\/types\/page"}],"author":[{"embeddable":true,"href":"https:\/\/www.cfn-nce.ca\/fr\/wp-json\/wp\/v2\/users\/1"}],"replies":[{"embeddable":true,"href":"https:\/\/www.cfn-nce.ca\/fr\/wp-json\/wp\/v2\/comments?post=3145"}],"version-history":[{"count":12,"href":"https:\/\/www.cfn-nce.ca\/fr\/wp-json\/wp\/v2\/pages\/3145\/revisions"}],"predecessor-version":[{"id":16923,"href":"https:\/\/www.cfn-nce.ca\/fr\/wp-json\/wp\/v2\/pages\/3145\/revisions\/16923"}],"wp:attachment":[{"href":"https:\/\/www.cfn-nce.ca\/fr\/wp-json\/wp\/v2\/media?parent=3145"}],"curies":[{"name":"wp","href":"https:\/\/api.w.org\/{rel}","templated":true}]}}