{"id":3377,"date":"2018-10-16T13:33:36","date_gmt":"2018-10-16T17:33:36","guid":{"rendered":"http:\/\/www.cfn-nce.ca\/?page_id=3377"},"modified":"2020-04-08T12:21:47","modified_gmt":"2020-04-08T16:21:47","slug":"quest-ce-que-la-fragilite","status":"publish","type":"page","link":"https:\/\/www.cfn-nce.ca\/fr\/quest-ce-que-la-fragilite\/","title":{"rendered":"La fragilisation: un enjeu important"},"content":{"rendered":"<div class=\"wpb-content-wrapper\"><p>[vc_row][vc_column][vc_column_text]<strong>Un d\u00e9fi grandissant pour le syst\u00e8me de sant\u00e9<\/strong><\/p>\n<p>Le fardeau de la fragilisation est en constante progression au Canada. \u00c0 l\u2019heure actuelle, plus de 1,5\u00a0million de Canadiens sont cliniquement fragilis\u00e9s. Dans 10 ans, c\u2019est au-del\u00e0 de deux millions de Canadiens qui pourraient \u00eatre fragilis\u00e9s. On compte 3,75\u00a0millions de proches aidants au pays qui prennent soin d\u2019une personne \u00e2g\u00e9e (de 65\u00a0ans ou plus) \u00e9prouvant un probl\u00e8me de sant\u00e9 de longue dur\u00e9e, un handicap ou une d\u00e9t\u00e9rioration de la sant\u00e9 li\u00e9e au vieillissement.<\/p>\n<p>La fragilisation entra\u00eene \u00e9galement une utilisation accrue des ressources en soins de sant\u00e9. Des 220\u00a0milliards de dollars consacr\u00e9s aux soins de sant\u00e9 chaque ann\u00e9e au Canada (11\u00a0% du PIB), 46\u00a0% sont consacr\u00e9s aux personnes de plus de 65\u00a0ans, bien que celles-ci ne repr\u00e9sentent que 16\u00a0% de la population. Les co\u00fbts d\u2019exploitation li\u00e9s aux soins prodigu\u00e9s aux Canadiens de plus de 65\u00a0ans qui sont h\u00e9berg\u00e9s en \u00e9tablissements de soins de longue dur\u00e9e (7\u00a0% de la population) s\u2019\u00e9l\u00e8vent \u00e0 31\u00a0milliards de dollars.<\/p>\n<p>Les Canadiens \u00e2g\u00e9s et fragilis\u00e9s sont surrepr\u00e9sent\u00e9s dans tous les contextes de soins de sant\u00e9\u00a0: soins primaires, communautaires, en \u00e9tablissement, intensifs et de fin de vie. Cette population croissante n\u2019est pourtant ni reconnue ni bien desservie, ce qui met le syst\u00e8me de sant\u00e9 au d\u00e9fi d\u2019am\u00e9liorer la qualit\u00e9 et la quantit\u00e9 des soins.<\/p>\n<p>\u00c0 l\u2019heure actuelle, on ne dispose pas de donn\u00e9es probantes suffisantes pour orienter les soins prodigu\u00e9s aux personnes \u00e2g\u00e9es et fragilis\u00e9es. Nous ne savons pas si les th\u00e9rapies appliqu\u00e9es aux personnes fragilis\u00e9es leur sont b\u00e9n\u00e9fiques ou nuisibles, ni si elles pr\u00e9sentent un bon rapport qualit\u00e9-prix ou si elles gaspillent plut\u00f4t les ressources d\u00e9j\u00e0 limit\u00e9es en soins de sant\u00e9.<\/p>\n<p>En outre, le r\u00e9seau de la sant\u00e9 n\u2019est pas bien outill\u00e9 pour faire front \u00e0 la fragilisation\u00a0:<\/p>\n<ul>\n<li>le syst\u00e8me de sant\u00e9 a \u00e9t\u00e9 pens\u00e9 pour traiter les maladies affectant une seule partie ou fonction du corps, et non les probl\u00e8mes complexes touchant plusieurs parties ou fonctions du corps dont souffrent les personnes fragilis\u00e9es;<\/li>\n<li>les professionnels de la sant\u00e9 et la population ne comprennent pas bien ce qu\u2019est la fragilisation, ne savent pas la reconna\u00eetre et n\u2019y accordent pas suffisamment d\u2019importance;<\/li>\n<li>les professionnels de la sant\u00e9 qui poss\u00e8dent l\u2019expertise n\u00e9cessaire pour prendre soin des personnes fragilis\u00e9es sont peu nombreux;<\/li>\n<li>la pi\u00e8tre int\u00e9gration du syst\u00e8me entra\u00eene de pi\u00e8tres r\u00e9sultats chez les personnes \u00e2g\u00e9es et fragilis\u00e9es.<\/li>\n<\/ul>\n<blockquote><p><em>\u00ab\u00a0Quand on ne dispose pas de l\u2019information n\u00e9cessaire, on surutilise souvent des technologies agressives et co\u00fbteuses sans am\u00e9lioration des r\u00e9sultats, ce qui cause ind\u00fbment de la douleur aux patients, de l\u2019inqui\u00e9tude pour la famille, les aidants et les professionnels de la sant\u00e9, et un gaspillage des ressources de la sant\u00e9.\u00a0\u00bb\u00a0 \u00a0 \u00a0 \u00a0 \u00a0 \u00a0 \u00a0 \u00a0 \u00a0 \u00a0 \u00a0 \u00a0 \u00a0 <\/em><em>\u2013 Dr John Muscedere, directeur scientifique<\/em><\/p><\/blockquote>\n<p>[\/vc_column_text][\/vc_column][\/vc_row]<\/p>\n<\/div>","protected":false},"excerpt":{"rendered":"<p>[vc_row][vc_column][vc_column_text]Un d\u00e9fi grandissant pour le syst\u00e8me de sant\u00e9 Le fardeau de la fragilisation est en constante progression au Canada. \u00c0 l\u2019heure actuelle, plus de 1,5\u00a0million de Canadiens sont cliniquement fragilis\u00e9s. Dans 10 ans, c\u2019est au-del\u00e0 de deux millions de Canadiens qui pourraient \u00eatre fragilis\u00e9s. On compte 3,75\u00a0millions de proches aidants au pays qui prennent soin&#8230;<\/p>\n","protected":false},"author":1,"featured_media":0,"parent":0,"menu_order":33,"comment_status":"closed","ping_status":"open","template":"","meta":{"_acf_changed":false,"footnotes":""},"acf":[],"_links":{"self":[{"href":"https:\/\/www.cfn-nce.ca\/fr\/wp-json\/wp\/v2\/pages\/3377"}],"collection":[{"href":"https:\/\/www.cfn-nce.ca\/fr\/wp-json\/wp\/v2\/pages"}],"about":[{"href":"https:\/\/www.cfn-nce.ca\/fr\/wp-json\/wp\/v2\/types\/page"}],"author":[{"embeddable":true,"href":"https:\/\/www.cfn-nce.ca\/fr\/wp-json\/wp\/v2\/users\/1"}],"replies":[{"embeddable":true,"href":"https:\/\/www.cfn-nce.ca\/fr\/wp-json\/wp\/v2\/comments?post=3377"}],"version-history":[{"count":6,"href":"https:\/\/www.cfn-nce.ca\/fr\/wp-json\/wp\/v2\/pages\/3377\/revisions"}],"predecessor-version":[{"id":11740,"href":"https:\/\/www.cfn-nce.ca\/fr\/wp-json\/wp\/v2\/pages\/3377\/revisions\/11740"}],"wp:attachment":[{"href":"https:\/\/www.cfn-nce.ca\/fr\/wp-json\/wp\/v2\/media?parent=3377"}],"curies":[{"name":"wp","href":"https:\/\/api.w.org\/{rel}","templated":true}]}}