{"id":7181,"date":"2020-03-30T11:24:29","date_gmt":"2020-03-30T15:24:29","guid":{"rendered":"https:\/\/www.cfn-nce.ca\/?page_id=7181"},"modified":"2020-03-30T11:24:29","modified_gmt":"2020-03-30T15:24:29","slug":"bourses-pour-stagiaires-dete-de-2019","status":"publish","type":"page","link":"https:\/\/www.cfn-nce.ca\/fr\/training\/bourses-pour-stagiaires-dete-de-2019\/","title":{"rendered":"Bourses pour stagiaires d\u2019\u00e9t\u00e9 de 2019"},"content":{"rendered":"<div class=\"wpb-content-wrapper\"><p>[vc_row][vc_column][vc_column_text]Un aspect essentiel du mandat du R\u00e9seau canadien des soins aux personnes fragilis\u00e9es est de former la prochaine g\u00e9n\u00e9ration de personnel hautement qualifi\u00e9 (PHQ)\u00a0\u2013 des scientifiques, enseignants, cliniciens et professionnels des services sociaux et de la sant\u00e9\u00a0\u2013 qui saura am\u00e9liorer les soins prodigu\u00e9s aux personnes \u00e2g\u00e9es et fragilis\u00e9es. Le Programme de bourses pour stagiaires d\u2019\u00e9t\u00e9 offre aux \u00e9tudiants de premier cycle une formation exp\u00e9rientielle en partenariat avec des \u00e9tablissements membres et des partenaires de partout au pays. Au Nouveau-Brunswick, le concours est pr\u00e9sent\u00e9 en collaboration avec la Fondation de la recherche en sant\u00e9 du Nouveau-Brunswick.<\/p>\n<p><strong><em>Les 11\u00a0\u00e9tudiants de notre septi\u00e8me cohorte annuelle repr\u00e9sentent neuf disciplines et neuf \u00e9tablissements h\u00f4tes dans sept provinces.<\/em><\/strong><\/p>\n<p><strong>Au sujet du concours de 2019<\/strong><\/p>\n<p><strong>Financement\u00a0:<\/strong> des bourses de jusqu\u2019\u00e0 4\u00a0000\u00a0$ sont offertes, le directeur d\u2019\u00e9tudes de l\u2019\u00e9tudiant devant garantir un financement \u00e9quivalent (100\u00a0%). Les deux sommes ne doivent servir qu\u2019\u00e0 payer le salaire et les avantages sociaux de l\u2019\u00e9tudiant. Au Nouveau-Brunswick, le concours a \u00e9t\u00e9 pr\u00e9sent\u00e9 en collaboration avec la Fondation de la recherche en sant\u00e9 du Nouveau-Brunswick, laquelle a fourni le financement de contrepartie pour les \u00e9tudiants du Nouveau-Brunswick.<\/p>\n<p><strong>Admissibilit\u00e9\u00a0:<\/strong> pour \u00eatre admissibles, les \u00e9tudiants doivent \u00eatre inscrits \u00e0 plein temps \u00e0 un programme d\u2019\u00e9tudes de premier cycle dans une universit\u00e9 canadienne admissible au moment de la pr\u00e9sentation de leur demande. Les candidats doivent satisfaire \u00e0 toutes les exigences de la premi\u00e8re ann\u00e9e (deux sessions), au moins, de leur programme universitaire, et avoir obtenu de bons r\u00e9sultats scolaires. Les \u00e9tudiants de toutes les disciplines sont encourag\u00e9s \u00e0 poser leur candidature, pourvu que leurs activit\u00e9s d\u2019\u00e9t\u00e9 propos\u00e9es concordent avec les priorit\u00e9s strat\u00e9giques du R\u00e9seau concernant l\u2019am\u00e9lioration des soins prodigu\u00e9s aux Canadiens \u00e2g\u00e9s et fragilis\u00e9s.[\/vc_column_text][\/vc_column][\/vc_row]<\/p>\n<\/div>","protected":false},"excerpt":{"rendered":"<p>[vc_row][vc_column][vc_column_text]Un aspect essentiel du mandat du R\u00e9seau canadien des soins aux personnes fragilis\u00e9es est de former la prochaine g\u00e9n\u00e9ration de personnel hautement qualifi\u00e9 (PHQ)\u00a0\u2013 des scientifiques, enseignants, cliniciens et professionnels des services sociaux et de la sant\u00e9\u00a0\u2013 qui saura am\u00e9liorer les soins prodigu\u00e9s aux personnes \u00e2g\u00e9es et fragilis\u00e9es. Le Programme de bourses pour stagiaires d\u2019\u00e9t\u00e9&#8230;<\/p>\n","protected":false},"author":4,"featured_media":0,"parent":1292,"menu_order":17,"comment_status":"closed","ping_status":"open","template":"","meta":{"_acf_changed":false,"footnotes":""},"acf":[],"_links":{"self":[{"href":"https:\/\/www.cfn-nce.ca\/fr\/wp-json\/wp\/v2\/pages\/7181"}],"collection":[{"href":"https:\/\/www.cfn-nce.ca\/fr\/wp-json\/wp\/v2\/pages"}],"about":[{"href":"https:\/\/www.cfn-nce.ca\/fr\/wp-json\/wp\/v2\/types\/page"}],"author":[{"embeddable":true,"href":"https:\/\/www.cfn-nce.ca\/fr\/wp-json\/wp\/v2\/users\/4"}],"replies":[{"embeddable":true,"href":"https:\/\/www.cfn-nce.ca\/fr\/wp-json\/wp\/v2\/comments?post=7181"}],"version-history":[{"count":3,"href":"https:\/\/www.cfn-nce.ca\/fr\/wp-json\/wp\/v2\/pages\/7181\/revisions"}],"predecessor-version":[{"id":11955,"href":"https:\/\/www.cfn-nce.ca\/fr\/wp-json\/wp\/v2\/pages\/7181\/revisions\/11955"}],"up":[{"embeddable":true,"href":"https:\/\/www.cfn-nce.ca\/fr\/wp-json\/wp\/v2\/pages\/1292"}],"wp:attachment":[{"href":"https:\/\/www.cfn-nce.ca\/fr\/wp-json\/wp\/v2\/media?parent=7181"}],"curies":[{"name":"wp","href":"https:\/\/api.w.org\/{rel}","templated":true}]}}